{"id":9839,"date":"2021-05-17T15:07:23","date_gmt":"2021-05-17T15:07:23","guid":{"rendered":"http:\/\/www.plaisirdesthete.com\/produit\/statuary-burmese-marajvijaya-buddha-jambupati-type\/"},"modified":"2021-05-19T13:17:31","modified_gmt":"2021-05-19T13:17:31","slug":"statuary-burmese-maravijaya-buddha-jambupati-type","status":"publish","type":"product","link":"http:\/\/www.plaisirdesthete.com\/en\/produit\/statuary-burmese-maravijaya-buddha-jambupati-type\/","title":{"rendered":"Burmese M\u0101ravijaya Buddha (&#8220;Jambupati&#8221; type)"},"content":{"rendered":"<p>This superb sculpture in the round depicts the Buddha crowned and seated on a high lotus throne. He is adorned with jewellery including necklaces and floral earrings. The Buddha wears an <em>ushnisha<\/em>, which is a cranial protuberance and manifestation of its wisdom. Its face is serene with an inward gaze, characteristic of its representations.<\/p>\n<p>\u2022 The statue has a dual symbolic meaning:<\/p>\n<ul>\n<li>Firstly that of Buddha M\u0101ravijaya, an episode in the life of the Sh\u0101kyamuni Buddha, the historical Buddha, who after defeating M\u0101ra -personification of death and demon of temptation- attains the enlightenment, the Awakening, the <em>bohdi<\/em>.<br \/>\nThis, is visible through his attitude. On the one hand, his posture, <em>asana<\/em>, is the lotus one, known as <em>padm\u0101sana<\/em>, which corresponds to his tightly crossed legs with both soles of his feet visible.<br \/>\nOn the other hand, the movements of his hands, the <em>mudr\u0101<\/em>, canonical and symbolic gestures. His right hand, with its back turned towards the faithful, is lowered to the ground. This gesture symbolises the moment when he touched the Earth, known as <em>bh\u016bmisparsha-mudr\u0101<\/em>. His left hand, on the other hand, rests on his crossed legs, palm open towards the sky in the gesture of meditation called <em>dhy\u0101na-mudr\u0101<\/em>.<\/li>\n<\/ul>\n<ul>\n<li>The Buddha statue here also refers to the moment of his meeting with King Jambupati.<br \/>\nHis royal finery gives the keys to the reading. He is wearing a finely whittle crown. On either side of his royal headdress are growing ornamental bands in the form of leaves: typical of Burmese representations. He is also dressed in a robe with richly decorated borders. He wears a necklace close to his neck and another one that adorns his chest. Through his various adornments, the illustration of the Buddha is thus that of the historical Buddha dressed in his royal ornaments in order to confound the arrogance of King Jambupati. The Buddha&#8217;s approach would be such that, as an omniscient personality, he would know that King Jambupati would be destined to become an Arhat, a saint, and to bring him to that state he must make him aware of his humility.<br \/>\nThis legend belongs to an extra-canonical religious literature, the <em>Jamb\u016bpatis\u016btra<\/em>. This writing is controversial and often considered as an imaginary work.<\/li>\n<\/ul>\n<p>All made of lacquered and gilded wood, this statue has beautiful dark honey-brown tones. It dates from the Shan period towards the end of the 19th century. The Shan State is located in the north of Burma, in a region near the Inle Lake. It is inhabited by about 35 ethnic groups who migrated from Laos and Yunnan at different times and is the largest state in Burma.<\/p>\n<p>&nbsp;<\/p>\n<p><strong>Condition report:<\/strong><\/p>\n<p>The statue of this Buddha is in very good condition. The gilding is chipped off but the Buddha has kept all its splendour especially as the patina of the wood has remained giving it a shimmering and elegant colour.<\/p>\n","protected":false},"excerpt":{"rendered":"<p><em><i>Burma<br \/>\n19th\u00a0<\/i><\/em><i>century<\/i><br \/>\n<i>H. 63 cm or 25 in \/ L. 26 cm or 10 \u00bc in<\/i><br \/>\n<i>Depth 14 cm or 25 in\u00a0<\/i><\/p>\n","protected":false},"featured_media":9851,"template":"","meta":{"jetpack_publicize_message":"","jetpack_publicize_feature_enabled":true,"jetpack_social_post_already_shared":true,"jetpack_social_options":{"image_generator_settings":{"template":"highway","default_image_id":0,"enabled":false},"version":2}},"product_brand":[],"product_cat":[490],"product_tag":[388],"class_list":{"0":"post-9839","1":"product","2":"type-product","3":"status-publish","4":"has-post-thumbnail","6":"product_cat-our-last-sales","7":"product_tag-e110-en","9":"first","10":"outofstock","11":"shipping-taxable","12":"product-type-simple"},"yoast_head":"<!-- This site is optimized with the Yoast SEO plugin v27.5 - https:\/\/yoast.com\/product\/yoast-seo-wordpress\/ -->\n<title>Burmese M\u0101ravijaya Buddha (&quot;Jambupati&quot; type) - Plaisir d&#039;Esthete<\/title>\n<meta name=\"description\" content=\"This superb sculpture in the round depicts the Buddha in his royal attire and M\u0101ravijaya. It is dated from the Shan period in late 19th century in Burma.\" \/>\n<meta name=\"robots\" content=\"index, follow, max-snippet:-1, max-image-preview:large, max-video-preview:-1\" \/>\n<link rel=\"canonical\" href=\"http:\/\/www.plaisirdesthete.com\/en\/produit\/statuary-burmese-maravijaya-buddha-jambupati-type\/\" \/>\n<meta property=\"og:locale\" content=\"en_US\" \/>\n<meta property=\"og:type\" content=\"article\" \/>\n<meta property=\"og:title\" content=\"Burmese M\u0101ravijaya Buddha (&quot;Jambupati&quot; type) - Plaisir d&#039;Esthete\" \/>\n<meta property=\"og:description\" content=\"This superb sculpture in the round depicts the Buddha in his royal attire and M\u0101ravijaya. It is dated from the Shan period in late 19th century in Burma.\" \/>\n<meta property=\"og:url\" content=\"http:\/\/www.plaisirdesthete.com\/en\/produit\/statuary-burmese-maravijaya-buddha-jambupati-type\/\" \/>\n<meta property=\"og:site_name\" content=\"Plaisir d&#039;Esthete\" \/>\n<meta property=\"article:publisher\" content=\"https:\/\/www.facebook.com\/GalerieHioco\" \/>\n<meta property=\"article:modified_time\" content=\"2021-05-19T13:17:31+00:00\" \/>\n<meta property=\"og:image\" content=\"http:\/\/www.plaisirdesthete.com\/wp-content\/uploads\/2021\/05\/E110_buddha_birman2-scaled.jpeg\" \/>\n\t<meta property=\"og:image:width\" content=\"1870\" \/>\n\t<meta property=\"og:image:height\" content=\"2560\" \/>\n\t<meta property=\"og:image:type\" content=\"image\/jpeg\" \/>\n<meta name=\"twitter:card\" content=\"summary_large_image\" \/>\n<meta name=\"twitter:label1\" content=\"Est. reading time\" \/>\n\t<meta name=\"twitter:data1\" content=\"3 minutes\" \/>\n<script type=\"application\/ld+json\" class=\"yoast-schema-graph\">{\"@context\":\"https:\\\/\\\/schema.org\",\"@graph\":[{\"@type\":\"WebPage\",\"@id\":\"http:\\\/\\\/www.plaisirdesthete.com\\\/en\\\/produit\\\/statuary-burmese-maravijaya-buddha-jambupati-type\\\/\",\"url\":\"http:\\\/\\\/www.plaisirdesthete.com\\\/en\\\/produit\\\/statuary-burmese-maravijaya-buddha-jambupati-type\\\/\",\"name\":\"Burmese M\u0101ravijaya Buddha (\\\"Jambupati\\\" type) - Plaisir d&#039;Esthete\",\"isPartOf\":{\"@id\":\"http:\\\/\\\/www.plaisirdesthete.com\\\/en\\\/#website\"},\"primaryImageOfPage\":{\"@id\":\"http:\\\/\\\/www.plaisirdesthete.com\\\/en\\\/produit\\\/statuary-burmese-maravijaya-buddha-jambupati-type\\\/#primaryimage\"},\"image\":{\"@id\":\"http:\\\/\\\/www.plaisirdesthete.com\\\/en\\\/produit\\\/statuary-burmese-maravijaya-buddha-jambupati-type\\\/#primaryimage\"},\"thumbnailUrl\":\"http:\\\/\\\/www.plaisirdesthete.com\\\/wp-content\\\/uploads\\\/2021\\\/05\\\/E110_buddha_birman2-scaled.jpeg\",\"datePublished\":\"2021-05-17T15:07:23+00:00\",\"dateModified\":\"2021-05-19T13:17:31+00:00\",\"description\":\"This superb sculpture in the round depicts the Buddha in his royal attire and M\u0101ravijaya. It is dated from the Shan period in late 19th century in Burma.\",\"breadcrumb\":{\"@id\":\"http:\\\/\\\/www.plaisirdesthete.com\\\/en\\\/produit\\\/statuary-burmese-maravijaya-buddha-jambupati-type\\\/#breadcrumb\"},\"inLanguage\":\"en-US\",\"potentialAction\":[{\"@type\":\"ReadAction\",\"target\":[\"http:\\\/\\\/www.plaisirdesthete.com\\\/en\\\/produit\\\/statuary-burmese-maravijaya-buddha-jambupati-type\\\/\"]}]},{\"@type\":\"ImageObject\",\"inLanguage\":\"en-US\",\"@id\":\"http:\\\/\\\/www.plaisirdesthete.com\\\/en\\\/produit\\\/statuary-burmese-maravijaya-buddha-jambupati-type\\\/#primaryimage\",\"url\":\"http:\\\/\\\/www.plaisirdesthete.com\\\/wp-content\\\/uploads\\\/2021\\\/05\\\/E110_buddha_birman2-scaled.jpeg\",\"contentUrl\":\"http:\\\/\\\/www.plaisirdesthete.com\\\/wp-content\\\/uploads\\\/2021\\\/05\\\/E110_buddha_birman2-scaled.jpeg\",\"width\":1870,\"height\":2560},{\"@type\":\"BreadcrumbList\",\"@id\":\"http:\\\/\\\/www.plaisirdesthete.com\\\/en\\\/produit\\\/statuary-burmese-maravijaya-buddha-jambupati-type\\\/#breadcrumb\",\"itemListElement\":[{\"@type\":\"ListItem\",\"position\":1,\"name\":\"Accueil\",\"item\":\"http:\\\/\\\/www.plaisirdesthete.com\\\/en\\\/\"},{\"@type\":\"ListItem\",\"position\":2,\"name\":\"Boutique\",\"item\":\"http:\\\/\\\/www.plaisirdesthete.com\\\/boutique\\\/\"},{\"@type\":\"ListItem\",\"position\":3,\"name\":\"Burmese M\u0101ravijaya Buddha (&#8220;Jambupati&#8221; type)\"}]},{\"@type\":\"WebSite\",\"@id\":\"http:\\\/\\\/www.plaisirdesthete.com\\\/en\\\/#website\",\"url\":\"http:\\\/\\\/www.plaisirdesthete.com\\\/en\\\/\",\"name\":\"Plaisir d'Esthete\",\"description\":\"Arts d&#039;Asie\",\"publisher\":{\"@id\":\"http:\\\/\\\/www.plaisirdesthete.com\\\/en\\\/#organization\"},\"potentialAction\":[{\"@type\":\"SearchAction\",\"target\":{\"@type\":\"EntryPoint\",\"urlTemplate\":\"http:\\\/\\\/www.plaisirdesthete.com\\\/en\\\/?s={search_term_string}\"},\"query-input\":{\"@type\":\"PropertyValueSpecification\",\"valueRequired\":true,\"valueName\":\"search_term_string\"}}],\"inLanguage\":\"en-US\"},{\"@type\":\"Organization\",\"@id\":\"http:\\\/\\\/www.plaisirdesthete.com\\\/en\\\/#organization\",\"name\":\"Plaisir d'Esth\u00e8te\",\"url\":\"http:\\\/\\\/www.plaisirdesthete.com\\\/en\\\/\",\"logo\":{\"@type\":\"ImageObject\",\"inLanguage\":\"en-US\",\"@id\":\"http:\\\/\\\/www.plaisirdesthete.com\\\/en\\\/#\\\/schema\\\/logo\\\/image\\\/\",\"url\":\"http:\\\/\\\/www.plaisirdesthete.com\\\/wp-content\\\/uploads\\\/2021\\\/03\\\/Galerie-Christophe-Hioco-2.png\",\"contentUrl\":\"http:\\\/\\\/www.plaisirdesthete.com\\\/wp-content\\\/uploads\\\/2021\\\/03\\\/Galerie-Christophe-Hioco-2.png\",\"width\":500,\"height\":500,\"caption\":\"Plaisir d'Esth\u00e8te\"},\"image\":{\"@id\":\"http:\\\/\\\/www.plaisirdesthete.com\\\/en\\\/#\\\/schema\\\/logo\\\/image\\\/\"},\"sameAs\":[\"https:\\\/\\\/www.facebook.com\\\/GalerieHioco\",\"https:\\\/\\\/www.instagram.com\\\/galerie_hioco_asian_art\\\/?hl=fr\",\"https:\\\/\\\/www.youtube.com\\\/channel\\\/UC3spYuTpzJ0jcAZamaodaHQ\"]}]}<\/script>\n<!-- \/ Yoast SEO plugin. -->","yoast_head_json":{"title":"Burmese M\u0101ravijaya Buddha (\"Jambupati\" type) - Plaisir d&#039;Esthete","description":"This superb sculpture in the round depicts the Buddha in his royal attire and M\u0101ravijaya. It is dated from the Shan period in late 19th century in Burma.","robots":{"index":"index","follow":"follow","max-snippet":"max-snippet:-1","max-image-preview":"max-image-preview:large","max-video-preview":"max-video-preview:-1"},"canonical":"http:\/\/www.plaisirdesthete.com\/en\/produit\/statuary-burmese-maravijaya-buddha-jambupati-type\/","og_locale":"en_US","og_type":"article","og_title":"Burmese M\u0101ravijaya Buddha (\"Jambupati\" type) - Plaisir d&#039;Esthete","og_description":"This superb sculpture in the round depicts the Buddha in his royal attire and M\u0101ravijaya. It is dated from the Shan period in late 19th century in Burma.","og_url":"http:\/\/www.plaisirdesthete.com\/en\/produit\/statuary-burmese-maravijaya-buddha-jambupati-type\/","og_site_name":"Plaisir d&#039;Esthete","article_publisher":"https:\/\/www.facebook.com\/GalerieHioco","article_modified_time":"2021-05-19T13:17:31+00:00","og_image":[{"width":1870,"height":2560,"url":"http:\/\/www.plaisirdesthete.com\/wp-content\/uploads\/2021\/05\/E110_buddha_birman2-scaled.jpeg","type":"image\/jpeg"}],"twitter_card":"summary_large_image","twitter_misc":{"Est. reading time":"3 minutes"},"schema":{"@context":"https:\/\/schema.org","@graph":[{"@type":"WebPage","@id":"http:\/\/www.plaisirdesthete.com\/en\/produit\/statuary-burmese-maravijaya-buddha-jambupati-type\/","url":"http:\/\/www.plaisirdesthete.com\/en\/produit\/statuary-burmese-maravijaya-buddha-jambupati-type\/","name":"Burmese M\u0101ravijaya Buddha (\"Jambupati\" type) - Plaisir d&#039;Esthete","isPartOf":{"@id":"http:\/\/www.plaisirdesthete.com\/en\/#website"},"primaryImageOfPage":{"@id":"http:\/\/www.plaisirdesthete.com\/en\/produit\/statuary-burmese-maravijaya-buddha-jambupati-type\/#primaryimage"},"image":{"@id":"http:\/\/www.plaisirdesthete.com\/en\/produit\/statuary-burmese-maravijaya-buddha-jambupati-type\/#primaryimage"},"thumbnailUrl":"http:\/\/www.plaisirdesthete.com\/wp-content\/uploads\/2021\/05\/E110_buddha_birman2-scaled.jpeg","datePublished":"2021-05-17T15:07:23+00:00","dateModified":"2021-05-19T13:17:31+00:00","description":"This superb sculpture in the round depicts the Buddha in his royal attire and M\u0101ravijaya. It is dated from the Shan period in late 19th century in Burma.","breadcrumb":{"@id":"http:\/\/www.plaisirdesthete.com\/en\/produit\/statuary-burmese-maravijaya-buddha-jambupati-type\/#breadcrumb"},"inLanguage":"en-US","potentialAction":[{"@type":"ReadAction","target":["http:\/\/www.plaisirdesthete.com\/en\/produit\/statuary-burmese-maravijaya-buddha-jambupati-type\/"]}]},{"@type":"ImageObject","inLanguage":"en-US","@id":"http:\/\/www.plaisirdesthete.com\/en\/produit\/statuary-burmese-maravijaya-buddha-jambupati-type\/#primaryimage","url":"http:\/\/www.plaisirdesthete.com\/wp-content\/uploads\/2021\/05\/E110_buddha_birman2-scaled.jpeg","contentUrl":"http:\/\/www.plaisirdesthete.com\/wp-content\/uploads\/2021\/05\/E110_buddha_birman2-scaled.jpeg","width":1870,"height":2560},{"@type":"BreadcrumbList","@id":"http:\/\/www.plaisirdesthete.com\/en\/produit\/statuary-burmese-maravijaya-buddha-jambupati-type\/#breadcrumb","itemListElement":[{"@type":"ListItem","position":1,"name":"Accueil","item":"http:\/\/www.plaisirdesthete.com\/en\/"},{"@type":"ListItem","position":2,"name":"Boutique","item":"http:\/\/www.plaisirdesthete.com\/boutique\/"},{"@type":"ListItem","position":3,"name":"Burmese M\u0101ravijaya Buddha (&#8220;Jambupati&#8221; type)"}]},{"@type":"WebSite","@id":"http:\/\/www.plaisirdesthete.com\/en\/#website","url":"http:\/\/www.plaisirdesthete.com\/en\/","name":"Plaisir d'Esthete","description":"Arts d&#039;Asie","publisher":{"@id":"http:\/\/www.plaisirdesthete.com\/en\/#organization"},"potentialAction":[{"@type":"SearchAction","target":{"@type":"EntryPoint","urlTemplate":"http:\/\/www.plaisirdesthete.com\/en\/?s={search_term_string}"},"query-input":{"@type":"PropertyValueSpecification","valueRequired":true,"valueName":"search_term_string"}}],"inLanguage":"en-US"},{"@type":"Organization","@id":"http:\/\/www.plaisirdesthete.com\/en\/#organization","name":"Plaisir d'Esth\u00e8te","url":"http:\/\/www.plaisirdesthete.com\/en\/","logo":{"@type":"ImageObject","inLanguage":"en-US","@id":"http:\/\/www.plaisirdesthete.com\/en\/#\/schema\/logo\/image\/","url":"http:\/\/www.plaisirdesthete.com\/wp-content\/uploads\/2021\/03\/Galerie-Christophe-Hioco-2.png","contentUrl":"http:\/\/www.plaisirdesthete.com\/wp-content\/uploads\/2021\/03\/Galerie-Christophe-Hioco-2.png","width":500,"height":500,"caption":"Plaisir d'Esth\u00e8te"},"image":{"@id":"http:\/\/www.plaisirdesthete.com\/en\/#\/schema\/logo\/image\/"},"sameAs":["https:\/\/www.facebook.com\/GalerieHioco","https:\/\/www.instagram.com\/galerie_hioco_asian_art\/?hl=fr","https:\/\/www.youtube.com\/channel\/UC3spYuTpzJ0jcAZamaodaHQ"]}]}},"jetpack_publicize_connections":[],"jetpack_sharing_enabled":true,"jetpack_likes_enabled":true,"_links":{"self":[{"href":"http:\/\/www.plaisirdesthete.com\/en\/wp-json\/wp\/v2\/product\/9839","targetHints":{"allow":["GET"]}}],"collection":[{"href":"http:\/\/www.plaisirdesthete.com\/en\/wp-json\/wp\/v2\/product"}],"about":[{"href":"http:\/\/www.plaisirdesthete.com\/en\/wp-json\/wp\/v2\/types\/product"}],"wp:featuredmedia":[{"embeddable":true,"href":"http:\/\/www.plaisirdesthete.com\/en\/wp-json\/wp\/v2\/media\/9851"}],"wp:attachment":[{"href":"http:\/\/www.plaisirdesthete.com\/en\/wp-json\/wp\/v2\/media?parent=9839"}],"wp:term":[{"taxonomy":"product_brand","embeddable":true,"href":"http:\/\/www.plaisirdesthete.com\/en\/wp-json\/wp\/v2\/product_brand?post=9839"},{"taxonomy":"product_cat","embeddable":true,"href":"http:\/\/www.plaisirdesthete.com\/en\/wp-json\/wp\/v2\/product_cat?post=9839"},{"taxonomy":"product_tag","embeddable":true,"href":"http:\/\/www.plaisirdesthete.com\/en\/wp-json\/wp\/v2\/product_tag?post=9839"}],"curies":[{"name":"wp","href":"https:\/\/api.w.org\/{rel}","templated":true}]}}