{"id":9025,"date":"2021-01-11T10:21:48","date_gmt":"2021-01-11T10:21:48","guid":{"rendered":"http:\/\/www.plaisirdesthete.com\/produit\/buddha-head-profile\/"},"modified":"2021-01-15T15:45:23","modified_gmt":"2021-01-15T15:45:23","slug":"buddha-head-profile","status":"publish","type":"product","link":"http:\/\/www.plaisirdesthete.com\/en\/produit\/buddha-head-profile\/","title":{"rendered":"Buddha head profile"},"content":{"rendered":"<p><strong>The iconic face of Borobudur<\/strong><br \/>\nThis head recalls the 504 statues of Buddha placed on and around the monumental Buddhist temple of Borobudur in Indonesia. These figures represent the five Dhy\u0101ni Buddhas or Buddhas of wisdom, placed at the top and at the four faces of this immense stupa. This face has come down to us fragmentary, scarred on the right half. He is presented in profile where we observe a figure full of grace, imbued with the values \u200b\u200bof compassion and serenity, remarkably magnified by his lacunar, almost mysterious character. According to Buddhist doctrine, the face of Buddha \u015a\u0101kyamuni is distinguished by some characteristic features called lak\u1e63a\u1e47a, numbering 72. This face does not present the tuft of hair between the browbones (\u016br\u1e47\u0101), this buddha or &#8220;awakened&#8221; in Sanskrit figure therefore, in accordance with Borobudur&#8217;s iconography, a representation of the jina or Buddha of the five directions. It could therefore be Amogasiddhi in the North, Ak\u1e63obhya in the East, Ratnasambhava in the South, Amit\u0101bha in the West or Vairocana, Buddha of the Zenith. These higher deities of Mahayan Buddhism are considered to be emanations of the primordial Buddha, they accompany and protect at their cardinal points the sacred buildings and objects of the doctrine.<\/p>\n<p><strong>An emblematic work of medieval Javanese art<\/strong><br \/>\nThis remarkable fragment presents the elements of the classical style of Central Java: a round face, graceful and delicate. It is emblematic of Indonesian Buddhism, the spread of which did not begin until the accession of the \u015aail\u0113ndra dynasty, which reigned near Yogyakarta, in the southern part of the island in the mid-8th century. The construction of Borobudur is a major event, apparently initiated by King Dharanindra (775-800) and completed by his grandson, Samaratungga (812-833). We do not know on which important relics this stupa was built but it seems that at the time of its discovery by the \u015aail\u015andra rulers around 795, it was a place of Hindu pilgrimage, as evidenced by the remains of the platforms present at the base of stupa. Representations of jina, comparable to this head, are found on the intermediate platforms and at its top, each depicted in an outward meditation posture, facing the fertile plains of Kedu. The Borobudur shrine features a giant mandala representing the cosmos in the philosophy of Great Vehicle Buddhism. Its ascent is supposed to guide the pilgrim on his journey to deliverance (nirv\u0101\u1e47a). The pyramidal plan of the stupa is declined in nine terraces gathered in three parts, representing respectively in an ascending way: the K\u0101madh\u0101tu (the world of desires), the R\u016bpadh\u0101tu (the world of forms) and the Arupadh\u0101tu (the world without form), these the last two perhaps hosted the fragment that interests us.<\/p>\n<p><strong>Andesite, a material specific to Indonesian productions<\/strong><br \/>\nLocated at the foot of the Merapi volcano, Javanese statuary composes with a volcanic stone, porous and tender. This fantastic fragment illustrates the flexible modeling, conducive to the development of a naturalistic style that can be found in the many bas-reliefs that adorn the ambulatory of Borobudur. The cells of this statue are scattered scattered about by the traces of stucco still remaining.<\/p>\n<p>&nbsp;<\/p>\n<p><strong>Provenance:<\/strong> Private collection, France, acquired from Jean-Claude Moreau-Gobard in the 1980s.<\/p>\n","protected":false},"excerpt":{"rendered":"<p><i> Andesite <\/i><br \/>\n<i> Indonesia, island of Java <\/i><br \/>\n<i> Circa 9th century, Central Java period <\/i><br \/>\n<i> H. <\/i><i>28<\/i> <i> cm <\/i><\/p>\n","protected":false},"featured_media":9022,"template":"","meta":{"jetpack_publicize_message":"","jetpack_publicize_feature_enabled":true,"jetpack_social_post_already_shared":true,"jetpack_social_options":{"image_generator_settings":{"template":"highway","default_image_id":0,"enabled":false},"version":2}},"product_brand":[],"product_cat":[490],"product_tag":[],"class_list":{"0":"post-9025","1":"product","2":"type-product","3":"status-publish","4":"has-post-thumbnail","6":"product_cat-our-last-sales","8":"first","9":"outofstock","10":"shipping-taxable","11":"product-type-simple"},"yoast_head":"<!-- This site is optimized with the Yoast SEO plugin v27.3 - https:\/\/yoast.com\/product\/yoast-seo-wordpress\/ -->\n<title>Buddha head profile - Plaisir d&#039;Esthete<\/title>\n<meta name=\"robots\" content=\"index, follow, max-snippet:-1, max-image-preview:large, max-video-preview:-1\" \/>\n<link rel=\"canonical\" href=\"http:\/\/www.plaisirdesthete.com\/en\/produit\/buddha-head-profile\/\" \/>\n<meta property=\"og:locale\" content=\"en_US\" \/>\n<meta property=\"og:type\" content=\"article\" \/>\n<meta property=\"og:title\" content=\"Buddha head profile - Plaisir d&#039;Esthete\" \/>\n<meta property=\"og:description\" content=\"Andesite  Indonesia, island of Java  Circa 9th century, Central Java period  H. 28 cm\" \/>\n<meta property=\"og:url\" content=\"http:\/\/www.plaisirdesthete.com\/en\/produit\/buddha-head-profile\/\" \/>\n<meta property=\"og:site_name\" content=\"Plaisir d&#039;Esthete\" \/>\n<meta property=\"article:publisher\" content=\"https:\/\/www.facebook.com\/GalerieHioco\" \/>\n<meta property=\"article:modified_time\" content=\"2021-01-15T15:45:23+00:00\" \/>\n<meta property=\"og:image\" content=\"http:\/\/www.plaisirdesthete.com\/wp-content\/uploads\/2021\/01\/96_1-scaled.jpg\" \/>\n\t<meta property=\"og:image:width\" content=\"2560\" \/>\n\t<meta property=\"og:image:height\" content=\"2560\" \/>\n\t<meta property=\"og:image:type\" content=\"image\/jpeg\" \/>\n<meta name=\"twitter:card\" content=\"summary_large_image\" \/>\n<meta name=\"twitter:label1\" content=\"Est. reading time\" \/>\n\t<meta name=\"twitter:data1\" content=\"3 minutes\" \/>\n<script type=\"application\/ld+json\" class=\"yoast-schema-graph\">{\"@context\":\"https:\\\/\\\/schema.org\",\"@graph\":[{\"@type\":\"WebPage\",\"@id\":\"http:\\\/\\\/www.plaisirdesthete.com\\\/en\\\/produit\\\/buddha-head-profile\\\/\",\"url\":\"http:\\\/\\\/www.plaisirdesthete.com\\\/en\\\/produit\\\/buddha-head-profile\\\/\",\"name\":\"Buddha head profile - Plaisir d&#039;Esthete\",\"isPartOf\":{\"@id\":\"http:\\\/\\\/www.plaisirdesthete.com\\\/en\\\/#website\"},\"primaryImageOfPage\":{\"@id\":\"http:\\\/\\\/www.plaisirdesthete.com\\\/en\\\/produit\\\/buddha-head-profile\\\/#primaryimage\"},\"image\":{\"@id\":\"http:\\\/\\\/www.plaisirdesthete.com\\\/en\\\/produit\\\/buddha-head-profile\\\/#primaryimage\"},\"thumbnailUrl\":\"http:\\\/\\\/www.plaisirdesthete.com\\\/wp-content\\\/uploads\\\/2021\\\/01\\\/96_1-scaled.jpg\",\"datePublished\":\"2021-01-11T10:21:48+00:00\",\"dateModified\":\"2021-01-15T15:45:23+00:00\",\"breadcrumb\":{\"@id\":\"http:\\\/\\\/www.plaisirdesthete.com\\\/en\\\/produit\\\/buddha-head-profile\\\/#breadcrumb\"},\"inLanguage\":\"en-US\",\"potentialAction\":[{\"@type\":\"ReadAction\",\"target\":[\"http:\\\/\\\/www.plaisirdesthete.com\\\/en\\\/produit\\\/buddha-head-profile\\\/\"]}]},{\"@type\":\"ImageObject\",\"inLanguage\":\"en-US\",\"@id\":\"http:\\\/\\\/www.plaisirdesthete.com\\\/en\\\/produit\\\/buddha-head-profile\\\/#primaryimage\",\"url\":\"http:\\\/\\\/www.plaisirdesthete.com\\\/wp-content\\\/uploads\\\/2021\\\/01\\\/96_1-scaled.jpg\",\"contentUrl\":\"http:\\\/\\\/www.plaisirdesthete.com\\\/wp-content\\\/uploads\\\/2021\\\/01\\\/96_1-scaled.jpg\",\"width\":2560,\"height\":2560},{\"@type\":\"BreadcrumbList\",\"@id\":\"http:\\\/\\\/www.plaisirdesthete.com\\\/en\\\/produit\\\/buddha-head-profile\\\/#breadcrumb\",\"itemListElement\":[{\"@type\":\"ListItem\",\"position\":1,\"name\":\"Accueil\",\"item\":\"http:\\\/\\\/www.plaisirdesthete.com\\\/en\\\/\"},{\"@type\":\"ListItem\",\"position\":2,\"name\":\"Boutique\",\"item\":\"http:\\\/\\\/www.plaisirdesthete.com\\\/boutique\\\/\"},{\"@type\":\"ListItem\",\"position\":3,\"name\":\"Buddha head profile\"}]},{\"@type\":\"WebSite\",\"@id\":\"http:\\\/\\\/www.plaisirdesthete.com\\\/en\\\/#website\",\"url\":\"http:\\\/\\\/www.plaisirdesthete.com\\\/en\\\/\",\"name\":\"Plaisir d'Esthete\",\"description\":\"Arts d&#039;Asie\",\"publisher\":{\"@id\":\"http:\\\/\\\/www.plaisirdesthete.com\\\/en\\\/#organization\"},\"potentialAction\":[{\"@type\":\"SearchAction\",\"target\":{\"@type\":\"EntryPoint\",\"urlTemplate\":\"http:\\\/\\\/www.plaisirdesthete.com\\\/en\\\/?s={search_term_string}\"},\"query-input\":{\"@type\":\"PropertyValueSpecification\",\"valueRequired\":true,\"valueName\":\"search_term_string\"}}],\"inLanguage\":\"en-US\"},{\"@type\":\"Organization\",\"@id\":\"http:\\\/\\\/www.plaisirdesthete.com\\\/en\\\/#organization\",\"name\":\"Plaisir d'Esth\u00e8te\",\"url\":\"http:\\\/\\\/www.plaisirdesthete.com\\\/en\\\/\",\"logo\":{\"@type\":\"ImageObject\",\"inLanguage\":\"en-US\",\"@id\":\"http:\\\/\\\/www.plaisirdesthete.com\\\/en\\\/#\\\/schema\\\/logo\\\/image\\\/\",\"url\":\"http:\\\/\\\/www.plaisirdesthete.com\\\/wp-content\\\/uploads\\\/2021\\\/03\\\/Galerie-Christophe-Hioco-2.png\",\"contentUrl\":\"http:\\\/\\\/www.plaisirdesthete.com\\\/wp-content\\\/uploads\\\/2021\\\/03\\\/Galerie-Christophe-Hioco-2.png\",\"width\":500,\"height\":500,\"caption\":\"Plaisir d'Esth\u00e8te\"},\"image\":{\"@id\":\"http:\\\/\\\/www.plaisirdesthete.com\\\/en\\\/#\\\/schema\\\/logo\\\/image\\\/\"},\"sameAs\":[\"https:\\\/\\\/www.facebook.com\\\/GalerieHioco\",\"https:\\\/\\\/www.instagram.com\\\/galerie_hioco_asian_art\\\/?hl=fr\",\"https:\\\/\\\/www.youtube.com\\\/channel\\\/UC3spYuTpzJ0jcAZamaodaHQ\"]}]}<\/script>\n<!-- \/ Yoast SEO plugin. -->","yoast_head_json":{"title":"Buddha head profile - Plaisir d&#039;Esthete","robots":{"index":"index","follow":"follow","max-snippet":"max-snippet:-1","max-image-preview":"max-image-preview:large","max-video-preview":"max-video-preview:-1"},"canonical":"http:\/\/www.plaisirdesthete.com\/en\/produit\/buddha-head-profile\/","og_locale":"en_US","og_type":"article","og_title":"Buddha head profile - Plaisir d&#039;Esthete","og_description":"Andesite  Indonesia, island of Java  Circa 9th century, Central Java period  H. 28 cm","og_url":"http:\/\/www.plaisirdesthete.com\/en\/produit\/buddha-head-profile\/","og_site_name":"Plaisir d&#039;Esthete","article_publisher":"https:\/\/www.facebook.com\/GalerieHioco","article_modified_time":"2021-01-15T15:45:23+00:00","og_image":[{"width":2560,"height":2560,"url":"http:\/\/www.plaisirdesthete.com\/wp-content\/uploads\/2021\/01\/96_1-scaled.jpg","type":"image\/jpeg"}],"twitter_card":"summary_large_image","twitter_misc":{"Est. reading time":"3 minutes"},"schema":{"@context":"https:\/\/schema.org","@graph":[{"@type":"WebPage","@id":"http:\/\/www.plaisirdesthete.com\/en\/produit\/buddha-head-profile\/","url":"http:\/\/www.plaisirdesthete.com\/en\/produit\/buddha-head-profile\/","name":"Buddha head profile - Plaisir d&#039;Esthete","isPartOf":{"@id":"http:\/\/www.plaisirdesthete.com\/en\/#website"},"primaryImageOfPage":{"@id":"http:\/\/www.plaisirdesthete.com\/en\/produit\/buddha-head-profile\/#primaryimage"},"image":{"@id":"http:\/\/www.plaisirdesthete.com\/en\/produit\/buddha-head-profile\/#primaryimage"},"thumbnailUrl":"http:\/\/www.plaisirdesthete.com\/wp-content\/uploads\/2021\/01\/96_1-scaled.jpg","datePublished":"2021-01-11T10:21:48+00:00","dateModified":"2021-01-15T15:45:23+00:00","breadcrumb":{"@id":"http:\/\/www.plaisirdesthete.com\/en\/produit\/buddha-head-profile\/#breadcrumb"},"inLanguage":"en-US","potentialAction":[{"@type":"ReadAction","target":["http:\/\/www.plaisirdesthete.com\/en\/produit\/buddha-head-profile\/"]}]},{"@type":"ImageObject","inLanguage":"en-US","@id":"http:\/\/www.plaisirdesthete.com\/en\/produit\/buddha-head-profile\/#primaryimage","url":"http:\/\/www.plaisirdesthete.com\/wp-content\/uploads\/2021\/01\/96_1-scaled.jpg","contentUrl":"http:\/\/www.plaisirdesthete.com\/wp-content\/uploads\/2021\/01\/96_1-scaled.jpg","width":2560,"height":2560},{"@type":"BreadcrumbList","@id":"http:\/\/www.plaisirdesthete.com\/en\/produit\/buddha-head-profile\/#breadcrumb","itemListElement":[{"@type":"ListItem","position":1,"name":"Accueil","item":"http:\/\/www.plaisirdesthete.com\/en\/"},{"@type":"ListItem","position":2,"name":"Boutique","item":"http:\/\/www.plaisirdesthete.com\/boutique\/"},{"@type":"ListItem","position":3,"name":"Buddha head profile"}]},{"@type":"WebSite","@id":"http:\/\/www.plaisirdesthete.com\/en\/#website","url":"http:\/\/www.plaisirdesthete.com\/en\/","name":"Plaisir d'Esthete","description":"Arts d&#039;Asie","publisher":{"@id":"http:\/\/www.plaisirdesthete.com\/en\/#organization"},"potentialAction":[{"@type":"SearchAction","target":{"@type":"EntryPoint","urlTemplate":"http:\/\/www.plaisirdesthete.com\/en\/?s={search_term_string}"},"query-input":{"@type":"PropertyValueSpecification","valueRequired":true,"valueName":"search_term_string"}}],"inLanguage":"en-US"},{"@type":"Organization","@id":"http:\/\/www.plaisirdesthete.com\/en\/#organization","name":"Plaisir d'Esth\u00e8te","url":"http:\/\/www.plaisirdesthete.com\/en\/","logo":{"@type":"ImageObject","inLanguage":"en-US","@id":"http:\/\/www.plaisirdesthete.com\/en\/#\/schema\/logo\/image\/","url":"http:\/\/www.plaisirdesthete.com\/wp-content\/uploads\/2021\/03\/Galerie-Christophe-Hioco-2.png","contentUrl":"http:\/\/www.plaisirdesthete.com\/wp-content\/uploads\/2021\/03\/Galerie-Christophe-Hioco-2.png","width":500,"height":500,"caption":"Plaisir d'Esth\u00e8te"},"image":{"@id":"http:\/\/www.plaisirdesthete.com\/en\/#\/schema\/logo\/image\/"},"sameAs":["https:\/\/www.facebook.com\/GalerieHioco","https:\/\/www.instagram.com\/galerie_hioco_asian_art\/?hl=fr","https:\/\/www.youtube.com\/channel\/UC3spYuTpzJ0jcAZamaodaHQ"]}]}},"jetpack_publicize_connections":[],"jetpack_sharing_enabled":true,"jetpack_likes_enabled":true,"_links":{"self":[{"href":"http:\/\/www.plaisirdesthete.com\/en\/wp-json\/wp\/v2\/product\/9025","targetHints":{"allow":["GET"]}}],"collection":[{"href":"http:\/\/www.plaisirdesthete.com\/en\/wp-json\/wp\/v2\/product"}],"about":[{"href":"http:\/\/www.plaisirdesthete.com\/en\/wp-json\/wp\/v2\/types\/product"}],"wp:featuredmedia":[{"embeddable":true,"href":"http:\/\/www.plaisirdesthete.com\/en\/wp-json\/wp\/v2\/media\/9022"}],"wp:attachment":[{"href":"http:\/\/www.plaisirdesthete.com\/en\/wp-json\/wp\/v2\/media?parent=9025"}],"wp:term":[{"taxonomy":"product_brand","embeddable":true,"href":"http:\/\/www.plaisirdesthete.com\/en\/wp-json\/wp\/v2\/product_brand?post=9025"},{"taxonomy":"product_cat","embeddable":true,"href":"http:\/\/www.plaisirdesthete.com\/en\/wp-json\/wp\/v2\/product_cat?post=9025"},{"taxonomy":"product_tag","embeddable":true,"href":"http:\/\/www.plaisirdesthete.com\/en\/wp-json\/wp\/v2\/product_tag?post=9025"}],"curies":[{"name":"wp","href":"https:\/\/api.w.org\/{rel}","templated":true}]}}