{"id":8741,"date":"2020-11-04T15:29:24","date_gmt":"2020-11-04T15:29:24","guid":{"rendered":"http:\/\/www.plaisirdesthete.com\/produit\/gandharan-frieze-2\/"},"modified":"2021-07-30T15:49:31","modified_gmt":"2021-07-30T15:49:31","slug":"buddha-converting-apalala","status":"publish","type":"product","link":"http:\/\/www.plaisirdesthete.com\/en\/produit\/buddha-converting-apalala\/","title":{"rendered":"Buddha converting Apal\u0101la"},"content":{"rendered":"<p>This charming schist relief comes from the art of the Gandh\u0101ra region in northern India. It was with the Gandh\u0101ra school that the iconography of the Buddha in human form was established. The last existence of the historical Buddha as well as his previous lives, the j\u0101taka, are highlighted in the prolific iconography of the Gandh\u0101ra. This work illustrates a unique episode in the life of the historical Buddha, the one of his meeting with the serpent king Apal\u0101la and the king&#8217;s conversion to Buddhism. This moment, rarely represented in Gandh\u0101ra art, highlights the Buddha, standing in slight contrapposto. The serpent king Apal\u0101la crouches at his feet, with his hands joined. The style of the characters&#8217; clothing, particularly that of the holy man, testifies to Hellenistic and Roman stylistic influence, particularly in the drapery of the clothes. Thus this piece is a perfect testimony of the Greco-Buddhist art of Gandh\u0101ra that flourished under the patronage of the Ku\u1e63\u0101\u1e47 rulers.<\/p>\n<p><strong>Condition Report:\u00a0<\/strong><\/p>\n<p>This work is in good condition.<\/p>\n","protected":false},"excerpt":{"rendered":"<p><em>Schist<\/em><br \/>\n<em>Ancient province of Gandh\u0101ra<\/em><br \/>\n<em>3rd-4th century<\/em><br \/>\n<em>H. 26 cm or\u00a0<\/em>10 \u00bc\u00a0<em>in<\/em><\/p>\n<p><a href=\"https:\/\/www.youtube.com\/watch?v=DdMPyBVKQD8\"><strong>Video presentation<\/strong><\/a><\/p>\n","protected":false},"featured_media":11056,"template":"","meta":{"jetpack_publicize_message":"","jetpack_publicize_feature_enabled":true,"jetpack_social_post_already_shared":true,"jetpack_social_options":{"image_generator_settings":{"template":"highway","default_image_id":0,"enabled":false},"version":2}},"product_brand":[],"product_cat":[490],"product_tag":[517],"class_list":{"0":"post-8741","1":"product","2":"type-product","3":"status-publish","4":"has-post-thumbnail","6":"product_cat-our-last-sales","7":"product_tag-p649-en","9":"first","10":"outofstock","11":"sold-individually","12":"shipping-taxable","13":"product-type-simple"},"yoast_head":"<!-- This site is optimized with the Yoast SEO plugin v27.5 - https:\/\/yoast.com\/product\/yoast-seo-wordpress\/ -->\n<title>Buddha converting Apal\u0101la - Plaisir d&#039;Esthete<\/title>\n<meta name=\"description\" content=\"This nice Gandh\u0101ra relief depicts a rare episode of the historical Buddha&#039;s life, the conversion of the serpent Apal\u0101la.\" \/>\n<meta name=\"robots\" content=\"index, follow, max-snippet:-1, max-image-preview:large, max-video-preview:-1\" \/>\n<link rel=\"canonical\" href=\"http:\/\/www.plaisirdesthete.com\/en\/produit\/buddha-converting-apalala\/\" \/>\n<meta property=\"og:locale\" content=\"en_US\" \/>\n<meta property=\"og:type\" content=\"article\" \/>\n<meta property=\"og:title\" content=\"Buddha converting Apal\u0101la - Plaisir d&#039;Esthete\" \/>\n<meta property=\"og:description\" content=\"This nice Gandh\u0101ra relief depicts a rare episode of the historical Buddha&#039;s life, the conversion of the serpent Apal\u0101la.\" \/>\n<meta property=\"og:url\" content=\"http:\/\/www.plaisirdesthete.com\/en\/produit\/buddha-converting-apalala\/\" \/>\n<meta property=\"og:site_name\" content=\"Plaisir d&#039;Esthete\" \/>\n<meta property=\"article:publisher\" content=\"https:\/\/www.facebook.com\/GalerieHioco\" \/>\n<meta property=\"article:modified_time\" content=\"2021-07-30T15:49:31+00:00\" \/>\n<meta property=\"og:image\" content=\"http:\/\/www.plaisirdesthete.com\/wp-content\/uploads\/2020\/11\/Relief-du-gandhara-apalala.jpeg\" \/>\n\t<meta property=\"og:image:width\" content=\"2179\" \/>\n\t<meta property=\"og:image:height\" content=\"2179\" \/>\n\t<meta property=\"og:image:type\" content=\"image\/jpeg\" \/>\n<meta name=\"twitter:card\" content=\"summary_large_image\" \/>\n<meta name=\"twitter:label1\" content=\"Est. reading time\" \/>\n\t<meta name=\"twitter:data1\" content=\"1 minute\" \/>\n<script type=\"application\/ld+json\" class=\"yoast-schema-graph\">{\"@context\":\"https:\\\/\\\/schema.org\",\"@graph\":[{\"@type\":\"WebPage\",\"@id\":\"http:\\\/\\\/www.plaisirdesthete.com\\\/en\\\/produit\\\/buddha-converting-apalala\\\/\",\"url\":\"http:\\\/\\\/www.plaisirdesthete.com\\\/en\\\/produit\\\/buddha-converting-apalala\\\/\",\"name\":\"Buddha converting Apal\u0101la - Plaisir d&#039;Esthete\",\"isPartOf\":{\"@id\":\"http:\\\/\\\/www.plaisirdesthete.com\\\/en\\\/#website\"},\"primaryImageOfPage\":{\"@id\":\"http:\\\/\\\/www.plaisirdesthete.com\\\/en\\\/produit\\\/buddha-converting-apalala\\\/#primaryimage\"},\"image\":{\"@id\":\"http:\\\/\\\/www.plaisirdesthete.com\\\/en\\\/produit\\\/buddha-converting-apalala\\\/#primaryimage\"},\"thumbnailUrl\":\"http:\\\/\\\/www.plaisirdesthete.com\\\/wp-content\\\/uploads\\\/2020\\\/11\\\/Relief-du-gandhara-apalala.jpeg\",\"datePublished\":\"2020-11-04T15:29:24+00:00\",\"dateModified\":\"2021-07-30T15:49:31+00:00\",\"description\":\"This nice Gandh\u0101ra relief depicts a rare episode of the historical Buddha's life, the conversion of the serpent Apal\u0101la.\",\"breadcrumb\":{\"@id\":\"http:\\\/\\\/www.plaisirdesthete.com\\\/en\\\/produit\\\/buddha-converting-apalala\\\/#breadcrumb\"},\"inLanguage\":\"en-US\",\"potentialAction\":[{\"@type\":\"ReadAction\",\"target\":[\"http:\\\/\\\/www.plaisirdesthete.com\\\/en\\\/produit\\\/buddha-converting-apalala\\\/\"]}]},{\"@type\":\"ImageObject\",\"inLanguage\":\"en-US\",\"@id\":\"http:\\\/\\\/www.plaisirdesthete.com\\\/en\\\/produit\\\/buddha-converting-apalala\\\/#primaryimage\",\"url\":\"http:\\\/\\\/www.plaisirdesthete.com\\\/wp-content\\\/uploads\\\/2020\\\/11\\\/Relief-du-gandhara-apalala.jpeg\",\"contentUrl\":\"http:\\\/\\\/www.plaisirdesthete.com\\\/wp-content\\\/uploads\\\/2020\\\/11\\\/Relief-du-gandhara-apalala.jpeg\",\"width\":2179,\"height\":2179},{\"@type\":\"BreadcrumbList\",\"@id\":\"http:\\\/\\\/www.plaisirdesthete.com\\\/en\\\/produit\\\/buddha-converting-apalala\\\/#breadcrumb\",\"itemListElement\":[{\"@type\":\"ListItem\",\"position\":1,\"name\":\"Accueil\",\"item\":\"http:\\\/\\\/www.plaisirdesthete.com\\\/en\\\/\"},{\"@type\":\"ListItem\",\"position\":2,\"name\":\"Boutique\",\"item\":\"http:\\\/\\\/www.plaisirdesthete.com\\\/boutique\\\/\"},{\"@type\":\"ListItem\",\"position\":3,\"name\":\"Buddha converting Apal\u0101la\"}]},{\"@type\":\"WebSite\",\"@id\":\"http:\\\/\\\/www.plaisirdesthete.com\\\/en\\\/#website\",\"url\":\"http:\\\/\\\/www.plaisirdesthete.com\\\/en\\\/\",\"name\":\"Plaisir d'Esthete\",\"description\":\"Arts d&#039;Asie\",\"publisher\":{\"@id\":\"http:\\\/\\\/www.plaisirdesthete.com\\\/en\\\/#organization\"},\"potentialAction\":[{\"@type\":\"SearchAction\",\"target\":{\"@type\":\"EntryPoint\",\"urlTemplate\":\"http:\\\/\\\/www.plaisirdesthete.com\\\/en\\\/?s={search_term_string}\"},\"query-input\":{\"@type\":\"PropertyValueSpecification\",\"valueRequired\":true,\"valueName\":\"search_term_string\"}}],\"inLanguage\":\"en-US\"},{\"@type\":\"Organization\",\"@id\":\"http:\\\/\\\/www.plaisirdesthete.com\\\/en\\\/#organization\",\"name\":\"Plaisir d'Esth\u00e8te\",\"url\":\"http:\\\/\\\/www.plaisirdesthete.com\\\/en\\\/\",\"logo\":{\"@type\":\"ImageObject\",\"inLanguage\":\"en-US\",\"@id\":\"http:\\\/\\\/www.plaisirdesthete.com\\\/en\\\/#\\\/schema\\\/logo\\\/image\\\/\",\"url\":\"http:\\\/\\\/www.plaisirdesthete.com\\\/wp-content\\\/uploads\\\/2021\\\/03\\\/Galerie-Christophe-Hioco-2.png\",\"contentUrl\":\"http:\\\/\\\/www.plaisirdesthete.com\\\/wp-content\\\/uploads\\\/2021\\\/03\\\/Galerie-Christophe-Hioco-2.png\",\"width\":500,\"height\":500,\"caption\":\"Plaisir d'Esth\u00e8te\"},\"image\":{\"@id\":\"http:\\\/\\\/www.plaisirdesthete.com\\\/en\\\/#\\\/schema\\\/logo\\\/image\\\/\"},\"sameAs\":[\"https:\\\/\\\/www.facebook.com\\\/GalerieHioco\",\"https:\\\/\\\/www.instagram.com\\\/galerie_hioco_asian_art\\\/?hl=fr\",\"https:\\\/\\\/www.youtube.com\\\/channel\\\/UC3spYuTpzJ0jcAZamaodaHQ\"]}]}<\/script>\n<!-- \/ Yoast SEO plugin. -->","yoast_head_json":{"title":"Buddha converting Apal\u0101la - Plaisir d&#039;Esthete","description":"This nice Gandh\u0101ra relief depicts a rare episode of the historical Buddha's life, the conversion of the serpent Apal\u0101la.","robots":{"index":"index","follow":"follow","max-snippet":"max-snippet:-1","max-image-preview":"max-image-preview:large","max-video-preview":"max-video-preview:-1"},"canonical":"http:\/\/www.plaisirdesthete.com\/en\/produit\/buddha-converting-apalala\/","og_locale":"en_US","og_type":"article","og_title":"Buddha converting Apal\u0101la - Plaisir d&#039;Esthete","og_description":"This nice Gandh\u0101ra relief depicts a rare episode of the historical Buddha's life, the conversion of the serpent Apal\u0101la.","og_url":"http:\/\/www.plaisirdesthete.com\/en\/produit\/buddha-converting-apalala\/","og_site_name":"Plaisir d&#039;Esthete","article_publisher":"https:\/\/www.facebook.com\/GalerieHioco","article_modified_time":"2021-07-30T15:49:31+00:00","og_image":[{"width":2179,"height":2179,"url":"http:\/\/www.plaisirdesthete.com\/wp-content\/uploads\/2020\/11\/Relief-du-gandhara-apalala.jpeg","type":"image\/jpeg"}],"twitter_card":"summary_large_image","twitter_misc":{"Est. reading time":"1 minute"},"schema":{"@context":"https:\/\/schema.org","@graph":[{"@type":"WebPage","@id":"http:\/\/www.plaisirdesthete.com\/en\/produit\/buddha-converting-apalala\/","url":"http:\/\/www.plaisirdesthete.com\/en\/produit\/buddha-converting-apalala\/","name":"Buddha converting Apal\u0101la - Plaisir d&#039;Esthete","isPartOf":{"@id":"http:\/\/www.plaisirdesthete.com\/en\/#website"},"primaryImageOfPage":{"@id":"http:\/\/www.plaisirdesthete.com\/en\/produit\/buddha-converting-apalala\/#primaryimage"},"image":{"@id":"http:\/\/www.plaisirdesthete.com\/en\/produit\/buddha-converting-apalala\/#primaryimage"},"thumbnailUrl":"http:\/\/www.plaisirdesthete.com\/wp-content\/uploads\/2020\/11\/Relief-du-gandhara-apalala.jpeg","datePublished":"2020-11-04T15:29:24+00:00","dateModified":"2021-07-30T15:49:31+00:00","description":"This nice Gandh\u0101ra relief depicts a rare episode of the historical Buddha's life, the conversion of the serpent Apal\u0101la.","breadcrumb":{"@id":"http:\/\/www.plaisirdesthete.com\/en\/produit\/buddha-converting-apalala\/#breadcrumb"},"inLanguage":"en-US","potentialAction":[{"@type":"ReadAction","target":["http:\/\/www.plaisirdesthete.com\/en\/produit\/buddha-converting-apalala\/"]}]},{"@type":"ImageObject","inLanguage":"en-US","@id":"http:\/\/www.plaisirdesthete.com\/en\/produit\/buddha-converting-apalala\/#primaryimage","url":"http:\/\/www.plaisirdesthete.com\/wp-content\/uploads\/2020\/11\/Relief-du-gandhara-apalala.jpeg","contentUrl":"http:\/\/www.plaisirdesthete.com\/wp-content\/uploads\/2020\/11\/Relief-du-gandhara-apalala.jpeg","width":2179,"height":2179},{"@type":"BreadcrumbList","@id":"http:\/\/www.plaisirdesthete.com\/en\/produit\/buddha-converting-apalala\/#breadcrumb","itemListElement":[{"@type":"ListItem","position":1,"name":"Accueil","item":"http:\/\/www.plaisirdesthete.com\/en\/"},{"@type":"ListItem","position":2,"name":"Boutique","item":"http:\/\/www.plaisirdesthete.com\/boutique\/"},{"@type":"ListItem","position":3,"name":"Buddha converting Apal\u0101la"}]},{"@type":"WebSite","@id":"http:\/\/www.plaisirdesthete.com\/en\/#website","url":"http:\/\/www.plaisirdesthete.com\/en\/","name":"Plaisir d'Esthete","description":"Arts d&#039;Asie","publisher":{"@id":"http:\/\/www.plaisirdesthete.com\/en\/#organization"},"potentialAction":[{"@type":"SearchAction","target":{"@type":"EntryPoint","urlTemplate":"http:\/\/www.plaisirdesthete.com\/en\/?s={search_term_string}"},"query-input":{"@type":"PropertyValueSpecification","valueRequired":true,"valueName":"search_term_string"}}],"inLanguage":"en-US"},{"@type":"Organization","@id":"http:\/\/www.plaisirdesthete.com\/en\/#organization","name":"Plaisir d'Esth\u00e8te","url":"http:\/\/www.plaisirdesthete.com\/en\/","logo":{"@type":"ImageObject","inLanguage":"en-US","@id":"http:\/\/www.plaisirdesthete.com\/en\/#\/schema\/logo\/image\/","url":"http:\/\/www.plaisirdesthete.com\/wp-content\/uploads\/2021\/03\/Galerie-Christophe-Hioco-2.png","contentUrl":"http:\/\/www.plaisirdesthete.com\/wp-content\/uploads\/2021\/03\/Galerie-Christophe-Hioco-2.png","width":500,"height":500,"caption":"Plaisir d'Esth\u00e8te"},"image":{"@id":"http:\/\/www.plaisirdesthete.com\/en\/#\/schema\/logo\/image\/"},"sameAs":["https:\/\/www.facebook.com\/GalerieHioco","https:\/\/www.instagram.com\/galerie_hioco_asian_art\/?hl=fr","https:\/\/www.youtube.com\/channel\/UC3spYuTpzJ0jcAZamaodaHQ"]}]}},"jetpack_publicize_connections":[],"jetpack_sharing_enabled":true,"jetpack_likes_enabled":true,"_links":{"self":[{"href":"http:\/\/www.plaisirdesthete.com\/en\/wp-json\/wp\/v2\/product\/8741","targetHints":{"allow":["GET"]}}],"collection":[{"href":"http:\/\/www.plaisirdesthete.com\/en\/wp-json\/wp\/v2\/product"}],"about":[{"href":"http:\/\/www.plaisirdesthete.com\/en\/wp-json\/wp\/v2\/types\/product"}],"wp:featuredmedia":[{"embeddable":true,"href":"http:\/\/www.plaisirdesthete.com\/en\/wp-json\/wp\/v2\/media\/11056"}],"wp:attachment":[{"href":"http:\/\/www.plaisirdesthete.com\/en\/wp-json\/wp\/v2\/media?parent=8741"}],"wp:term":[{"taxonomy":"product_brand","embeddable":true,"href":"http:\/\/www.plaisirdesthete.com\/en\/wp-json\/wp\/v2\/product_brand?post=8741"},{"taxonomy":"product_cat","embeddable":true,"href":"http:\/\/www.plaisirdesthete.com\/en\/wp-json\/wp\/v2\/product_cat?post=8741"},{"taxonomy":"product_tag","embeddable":true,"href":"http:\/\/www.plaisirdesthete.com\/en\/wp-json\/wp\/v2\/product_tag?post=8741"}],"curies":[{"name":"wp","href":"https:\/\/api.w.org\/{rel}","templated":true}]}}