{"id":8735,"date":"2020-11-04T15:23:06","date_gmt":"2020-11-04T15:23:06","guid":{"rendered":"http:\/\/www.plaisirdesthete.com\/produit\/buddhist-scene\/"},"modified":"2021-08-31T08:29:55","modified_gmt":"2021-08-31T08:29:55","slug":"buddhist-scene-with-buddha-and-kasyapa","status":"publish","type":"product","link":"http:\/\/www.plaisirdesthete.com\/en\/produit\/buddhist-scene-with-buddha-and-kasyapa\/","title":{"rendered":"Buddhist scene with Buddha and K\u0101\u015byapa"},"content":{"rendered":"<p>This pleasant schist bas-relief dates from the flourishing period of Gandh\u0101ra, between the 2nd and 3rd centuries AD. The iconography of the Buddha in human form was established and developed by the Gandh\u0101ra school in northern India. This work was probably part of a door element or decorative set in a Gandh\u0101ra monastery. It illustrates an episode of the historical Buddha&#8217;s life through two narrative scenes separated by a band with niches in which putti are represented, testimony of the Greco-Roman influence. On the right-hand side of the relief, the historical Buddha and K\u0101\u015byapa, the future disciple of the holy man, are sculpted in a naturalistic style, along with a child. The left-hand side, although fragmentary, appears to illustrate a scene of quarrel, and may refer to a specific event in the Buddha&#8217;s life, during which his sanctity is disputed in Uruvilv\u0101, in the community of K\u0101\u015byapa.<\/p>\n<p><strong>Condition report:<\/strong><\/p>\n<p>The work is in good condition. It was originally part of a larger stele. This fragment is still covered with a layer of stucco.<\/p>\n<p><strong>Provenance:<\/strong> Private collection, United States. Sotheby&#8217;s, New York, 1992.<\/p>\n","protected":false},"excerpt":{"rendered":"<div class=\"woocommerce-product-details__short-description\">\n<div class=\"woocommerce-product-details__short-description\">\n<div class=\"woocommerce-product-details__short-description\">\n<div class=\"woocommerce-product-details__short-description\">\n<p><em>Schist<\/em><br \/>\n<em>Ancient province of Gandh\u0101ra<\/em><br \/>\n<em>2nd-3rd century<\/em><br \/>\n<em>H. 20 cm or 7\u00a0<\/em><sup>7\/8\u00a0<\/sup><em>in<\/em><\/p>\n<\/div>\n<\/div>\n<\/div>\n<\/div>\n","protected":false},"featured_media":11090,"template":"","meta":{"jetpack_publicize_message":"","jetpack_publicize_feature_enabled":true,"jetpack_social_post_already_shared":true,"jetpack_social_options":{"image_generator_settings":{"template":"highway","default_image_id":0,"enabled":false},"version":2}},"product_brand":[],"product_cat":[490],"product_tag":[389],"class_list":{"0":"post-8735","1":"product","2":"type-product","3":"status-publish","4":"has-post-thumbnail","6":"product_cat-our-last-sales","7":"product_tag-p640b-en","9":"first","10":"outofstock","11":"sold-individually","12":"shipping-taxable","13":"product-type-simple"},"yoast_head":"<!-- This site is optimized with the Yoast SEO plugin v27.3 - https:\/\/yoast.com\/product\/yoast-seo-wordpress\/ -->\n<title>Buddhist scene with Buddha and K\u0101\u015byapa - Plaisir d&#039;Esthete<\/title>\n<meta name=\"description\" content=\"This frieze from Gandh\u0101ra depicts an episode of the historical Buddha&#039;s life, showing one of his future disciples, K\u0101\u015byapa.\" \/>\n<meta name=\"robots\" content=\"index, follow, max-snippet:-1, max-image-preview:large, max-video-preview:-1\" \/>\n<link rel=\"canonical\" href=\"http:\/\/www.plaisirdesthete.com\/en\/produit\/buddhist-scene-with-buddha-and-kasyapa\/\" \/>\n<meta property=\"og:locale\" content=\"en_US\" \/>\n<meta property=\"og:type\" content=\"article\" \/>\n<meta property=\"og:title\" content=\"Buddhist scene with Buddha and K\u0101\u015byapa - Plaisir d&#039;Esthete\" \/>\n<meta property=\"og:description\" content=\"This frieze from Gandh\u0101ra depicts an episode of the historical Buddha&#039;s life, showing one of his future disciples, K\u0101\u015byapa.\" \/>\n<meta property=\"og:url\" content=\"http:\/\/www.plaisirdesthete.com\/en\/produit\/buddhist-scene-with-buddha-and-kasyapa\/\" \/>\n<meta property=\"og:site_name\" content=\"Plaisir d&#039;Esthete\" \/>\n<meta property=\"article:publisher\" content=\"https:\/\/www.facebook.com\/GalerieHioco\" \/>\n<meta property=\"article:modified_time\" content=\"2021-08-31T08:29:55+00:00\" \/>\n<meta property=\"og:image\" content=\"http:\/\/www.plaisirdesthete.com\/wp-content\/uploads\/2020\/11\/P640B_Frise_du_Gandhara_1-scaled.jpeg\" \/>\n\t<meta property=\"og:image:width\" content=\"2560\" \/>\n\t<meta property=\"og:image:height\" content=\"2560\" \/>\n\t<meta property=\"og:image:type\" content=\"image\/jpeg\" \/>\n<meta name=\"twitter:card\" content=\"summary_large_image\" \/>\n<meta name=\"twitter:label1\" content=\"Est. reading time\" \/>\n\t<meta name=\"twitter:data1\" content=\"1 minute\" \/>\n<script type=\"application\/ld+json\" class=\"yoast-schema-graph\">{\"@context\":\"https:\\\/\\\/schema.org\",\"@graph\":[{\"@type\":\"WebPage\",\"@id\":\"http:\\\/\\\/www.plaisirdesthete.com\\\/en\\\/produit\\\/buddhist-scene-with-buddha-and-kasyapa\\\/\",\"url\":\"http:\\\/\\\/www.plaisirdesthete.com\\\/en\\\/produit\\\/buddhist-scene-with-buddha-and-kasyapa\\\/\",\"name\":\"Buddhist scene with Buddha and K\u0101\u015byapa - Plaisir d&#039;Esthete\",\"isPartOf\":{\"@id\":\"http:\\\/\\\/www.plaisirdesthete.com\\\/en\\\/#website\"},\"primaryImageOfPage\":{\"@id\":\"http:\\\/\\\/www.plaisirdesthete.com\\\/en\\\/produit\\\/buddhist-scene-with-buddha-and-kasyapa\\\/#primaryimage\"},\"image\":{\"@id\":\"http:\\\/\\\/www.plaisirdesthete.com\\\/en\\\/produit\\\/buddhist-scene-with-buddha-and-kasyapa\\\/#primaryimage\"},\"thumbnailUrl\":\"http:\\\/\\\/www.plaisirdesthete.com\\\/wp-content\\\/uploads\\\/2020\\\/11\\\/P640B_Frise_du_Gandhara_1-scaled.jpeg\",\"datePublished\":\"2020-11-04T15:23:06+00:00\",\"dateModified\":\"2021-08-31T08:29:55+00:00\",\"description\":\"This frieze from Gandh\u0101ra depicts an episode of the historical Buddha's life, showing one of his future disciples, K\u0101\u015byapa.\",\"breadcrumb\":{\"@id\":\"http:\\\/\\\/www.plaisirdesthete.com\\\/en\\\/produit\\\/buddhist-scene-with-buddha-and-kasyapa\\\/#breadcrumb\"},\"inLanguage\":\"en-US\",\"potentialAction\":[{\"@type\":\"ReadAction\",\"target\":[\"http:\\\/\\\/www.plaisirdesthete.com\\\/en\\\/produit\\\/buddhist-scene-with-buddha-and-kasyapa\\\/\"]}]},{\"@type\":\"ImageObject\",\"inLanguage\":\"en-US\",\"@id\":\"http:\\\/\\\/www.plaisirdesthete.com\\\/en\\\/produit\\\/buddhist-scene-with-buddha-and-kasyapa\\\/#primaryimage\",\"url\":\"http:\\\/\\\/www.plaisirdesthete.com\\\/wp-content\\\/uploads\\\/2020\\\/11\\\/P640B_Frise_du_Gandhara_1-scaled.jpeg\",\"contentUrl\":\"http:\\\/\\\/www.plaisirdesthete.com\\\/wp-content\\\/uploads\\\/2020\\\/11\\\/P640B_Frise_du_Gandhara_1-scaled.jpeg\",\"width\":2560,\"height\":2560},{\"@type\":\"BreadcrumbList\",\"@id\":\"http:\\\/\\\/www.plaisirdesthete.com\\\/en\\\/produit\\\/buddhist-scene-with-buddha-and-kasyapa\\\/#breadcrumb\",\"itemListElement\":[{\"@type\":\"ListItem\",\"position\":1,\"name\":\"Accueil\",\"item\":\"http:\\\/\\\/www.plaisirdesthete.com\\\/en\\\/\"},{\"@type\":\"ListItem\",\"position\":2,\"name\":\"Boutique\",\"item\":\"http:\\\/\\\/www.plaisirdesthete.com\\\/boutique\\\/\"},{\"@type\":\"ListItem\",\"position\":3,\"name\":\"Buddhist scene with Buddha and K\u0101\u015byapa\"}]},{\"@type\":\"WebSite\",\"@id\":\"http:\\\/\\\/www.plaisirdesthete.com\\\/en\\\/#website\",\"url\":\"http:\\\/\\\/www.plaisirdesthete.com\\\/en\\\/\",\"name\":\"Plaisir d'Esthete\",\"description\":\"Arts d&#039;Asie\",\"publisher\":{\"@id\":\"http:\\\/\\\/www.plaisirdesthete.com\\\/en\\\/#organization\"},\"potentialAction\":[{\"@type\":\"SearchAction\",\"target\":{\"@type\":\"EntryPoint\",\"urlTemplate\":\"http:\\\/\\\/www.plaisirdesthete.com\\\/en\\\/?s={search_term_string}\"},\"query-input\":{\"@type\":\"PropertyValueSpecification\",\"valueRequired\":true,\"valueName\":\"search_term_string\"}}],\"inLanguage\":\"en-US\"},{\"@type\":\"Organization\",\"@id\":\"http:\\\/\\\/www.plaisirdesthete.com\\\/en\\\/#organization\",\"name\":\"Plaisir d'Esth\u00e8te\",\"url\":\"http:\\\/\\\/www.plaisirdesthete.com\\\/en\\\/\",\"logo\":{\"@type\":\"ImageObject\",\"inLanguage\":\"en-US\",\"@id\":\"http:\\\/\\\/www.plaisirdesthete.com\\\/en\\\/#\\\/schema\\\/logo\\\/image\\\/\",\"url\":\"http:\\\/\\\/www.plaisirdesthete.com\\\/wp-content\\\/uploads\\\/2021\\\/03\\\/Galerie-Christophe-Hioco-2.png\",\"contentUrl\":\"http:\\\/\\\/www.plaisirdesthete.com\\\/wp-content\\\/uploads\\\/2021\\\/03\\\/Galerie-Christophe-Hioco-2.png\",\"width\":500,\"height\":500,\"caption\":\"Plaisir d'Esth\u00e8te\"},\"image\":{\"@id\":\"http:\\\/\\\/www.plaisirdesthete.com\\\/en\\\/#\\\/schema\\\/logo\\\/image\\\/\"},\"sameAs\":[\"https:\\\/\\\/www.facebook.com\\\/GalerieHioco\",\"https:\\\/\\\/www.instagram.com\\\/galerie_hioco_asian_art\\\/?hl=fr\",\"https:\\\/\\\/www.youtube.com\\\/channel\\\/UC3spYuTpzJ0jcAZamaodaHQ\"]}]}<\/script>\n<!-- \/ Yoast SEO plugin. -->","yoast_head_json":{"title":"Buddhist scene with Buddha and K\u0101\u015byapa - Plaisir d&#039;Esthete","description":"This frieze from Gandh\u0101ra depicts an episode of the historical Buddha's life, showing one of his future disciples, K\u0101\u015byapa.","robots":{"index":"index","follow":"follow","max-snippet":"max-snippet:-1","max-image-preview":"max-image-preview:large","max-video-preview":"max-video-preview:-1"},"canonical":"http:\/\/www.plaisirdesthete.com\/en\/produit\/buddhist-scene-with-buddha-and-kasyapa\/","og_locale":"en_US","og_type":"article","og_title":"Buddhist scene with Buddha and K\u0101\u015byapa - Plaisir d&#039;Esthete","og_description":"This frieze from Gandh\u0101ra depicts an episode of the historical Buddha's life, showing one of his future disciples, K\u0101\u015byapa.","og_url":"http:\/\/www.plaisirdesthete.com\/en\/produit\/buddhist-scene-with-buddha-and-kasyapa\/","og_site_name":"Plaisir d&#039;Esthete","article_publisher":"https:\/\/www.facebook.com\/GalerieHioco","article_modified_time":"2021-08-31T08:29:55+00:00","og_image":[{"width":2560,"height":2560,"url":"http:\/\/www.plaisirdesthete.com\/wp-content\/uploads\/2020\/11\/P640B_Frise_du_Gandhara_1-scaled.jpeg","type":"image\/jpeg"}],"twitter_card":"summary_large_image","twitter_misc":{"Est. reading time":"1 minute"},"schema":{"@context":"https:\/\/schema.org","@graph":[{"@type":"WebPage","@id":"http:\/\/www.plaisirdesthete.com\/en\/produit\/buddhist-scene-with-buddha-and-kasyapa\/","url":"http:\/\/www.plaisirdesthete.com\/en\/produit\/buddhist-scene-with-buddha-and-kasyapa\/","name":"Buddhist scene with Buddha and K\u0101\u015byapa - Plaisir d&#039;Esthete","isPartOf":{"@id":"http:\/\/www.plaisirdesthete.com\/en\/#website"},"primaryImageOfPage":{"@id":"http:\/\/www.plaisirdesthete.com\/en\/produit\/buddhist-scene-with-buddha-and-kasyapa\/#primaryimage"},"image":{"@id":"http:\/\/www.plaisirdesthete.com\/en\/produit\/buddhist-scene-with-buddha-and-kasyapa\/#primaryimage"},"thumbnailUrl":"http:\/\/www.plaisirdesthete.com\/wp-content\/uploads\/2020\/11\/P640B_Frise_du_Gandhara_1-scaled.jpeg","datePublished":"2020-11-04T15:23:06+00:00","dateModified":"2021-08-31T08:29:55+00:00","description":"This frieze from Gandh\u0101ra depicts an episode of the historical Buddha's life, showing one of his future disciples, K\u0101\u015byapa.","breadcrumb":{"@id":"http:\/\/www.plaisirdesthete.com\/en\/produit\/buddhist-scene-with-buddha-and-kasyapa\/#breadcrumb"},"inLanguage":"en-US","potentialAction":[{"@type":"ReadAction","target":["http:\/\/www.plaisirdesthete.com\/en\/produit\/buddhist-scene-with-buddha-and-kasyapa\/"]}]},{"@type":"ImageObject","inLanguage":"en-US","@id":"http:\/\/www.plaisirdesthete.com\/en\/produit\/buddhist-scene-with-buddha-and-kasyapa\/#primaryimage","url":"http:\/\/www.plaisirdesthete.com\/wp-content\/uploads\/2020\/11\/P640B_Frise_du_Gandhara_1-scaled.jpeg","contentUrl":"http:\/\/www.plaisirdesthete.com\/wp-content\/uploads\/2020\/11\/P640B_Frise_du_Gandhara_1-scaled.jpeg","width":2560,"height":2560},{"@type":"BreadcrumbList","@id":"http:\/\/www.plaisirdesthete.com\/en\/produit\/buddhist-scene-with-buddha-and-kasyapa\/#breadcrumb","itemListElement":[{"@type":"ListItem","position":1,"name":"Accueil","item":"http:\/\/www.plaisirdesthete.com\/en\/"},{"@type":"ListItem","position":2,"name":"Boutique","item":"http:\/\/www.plaisirdesthete.com\/boutique\/"},{"@type":"ListItem","position":3,"name":"Buddhist scene with Buddha and K\u0101\u015byapa"}]},{"@type":"WebSite","@id":"http:\/\/www.plaisirdesthete.com\/en\/#website","url":"http:\/\/www.plaisirdesthete.com\/en\/","name":"Plaisir d'Esthete","description":"Arts d&#039;Asie","publisher":{"@id":"http:\/\/www.plaisirdesthete.com\/en\/#organization"},"potentialAction":[{"@type":"SearchAction","target":{"@type":"EntryPoint","urlTemplate":"http:\/\/www.plaisirdesthete.com\/en\/?s={search_term_string}"},"query-input":{"@type":"PropertyValueSpecification","valueRequired":true,"valueName":"search_term_string"}}],"inLanguage":"en-US"},{"@type":"Organization","@id":"http:\/\/www.plaisirdesthete.com\/en\/#organization","name":"Plaisir d'Esth\u00e8te","url":"http:\/\/www.plaisirdesthete.com\/en\/","logo":{"@type":"ImageObject","inLanguage":"en-US","@id":"http:\/\/www.plaisirdesthete.com\/en\/#\/schema\/logo\/image\/","url":"http:\/\/www.plaisirdesthete.com\/wp-content\/uploads\/2021\/03\/Galerie-Christophe-Hioco-2.png","contentUrl":"http:\/\/www.plaisirdesthete.com\/wp-content\/uploads\/2021\/03\/Galerie-Christophe-Hioco-2.png","width":500,"height":500,"caption":"Plaisir d'Esth\u00e8te"},"image":{"@id":"http:\/\/www.plaisirdesthete.com\/en\/#\/schema\/logo\/image\/"},"sameAs":["https:\/\/www.facebook.com\/GalerieHioco","https:\/\/www.instagram.com\/galerie_hioco_asian_art\/?hl=fr","https:\/\/www.youtube.com\/channel\/UC3spYuTpzJ0jcAZamaodaHQ"]}]}},"jetpack_publicize_connections":[],"jetpack_sharing_enabled":true,"jetpack_likes_enabled":true,"_links":{"self":[{"href":"http:\/\/www.plaisirdesthete.com\/en\/wp-json\/wp\/v2\/product\/8735","targetHints":{"allow":["GET"]}}],"collection":[{"href":"http:\/\/www.plaisirdesthete.com\/en\/wp-json\/wp\/v2\/product"}],"about":[{"href":"http:\/\/www.plaisirdesthete.com\/en\/wp-json\/wp\/v2\/types\/product"}],"wp:featuredmedia":[{"embeddable":true,"href":"http:\/\/www.plaisirdesthete.com\/en\/wp-json\/wp\/v2\/media\/11090"}],"wp:attachment":[{"href":"http:\/\/www.plaisirdesthete.com\/en\/wp-json\/wp\/v2\/media?parent=8735"}],"wp:term":[{"taxonomy":"product_brand","embeddable":true,"href":"http:\/\/www.plaisirdesthete.com\/en\/wp-json\/wp\/v2\/product_brand?post=8735"},{"taxonomy":"product_cat","embeddable":true,"href":"http:\/\/www.plaisirdesthete.com\/en\/wp-json\/wp\/v2\/product_cat?post=8735"},{"taxonomy":"product_tag","embeddable":true,"href":"http:\/\/www.plaisirdesthete.com\/en\/wp-json\/wp\/v2\/product_tag?post=8735"}],"curies":[{"name":"wp","href":"https:\/\/api.w.org\/{rel}","templated":true}]}}