{"id":8535,"date":"2020-08-06T16:54:08","date_gmt":"2020-08-06T16:54:08","guid":{"rendered":"http:\/\/www.plaisirdesthete.com\/produit\/umamahesvara\/"},"modified":"2020-08-06T16:54:08","modified_gmt":"2020-08-06T16:54:08","slug":"umamahesvara","status":"publish","type":"product","link":"http:\/\/www.plaisirdesthete.com\/en\/produit\/umamahesvara\/","title":{"rendered":"Um\u0101mahe\u015bvara"},"content":{"rendered":"<p>Original and sensual: two adjectives to describe this charming marble piece from Western India, from the region of Gujar\u0101t or R\u0101jasth\u0101n, and dating from the 11th century. Measuring 38 cm in height (or 15 in), this stele shows us a seductive iconography: the Hindu god \u015aiva lovingly embracing his wife.<\/p>\n<p>This stele depicts the Hindu god \u015aiva in his Um\u0101mah\u0113\u015bvaram\u016brti form: \u015aiva and his wife, called Um\u0101, the &#8220;Favorable&#8221;, in this context, seated on the same throne and act tenderly towards each other. The god is seated in the relaxation posture (ardhaparya\u1e45ka), his right leg resting on the edge of the stele and the left bent over the throne. His main attribute is the trident (tri\u015b\u016bla), which he holds in one of his right hands, and the snake appears in his left hand. The goddess, sitting at his side in the inverted royal relaxation posture (mah\u0101r\u0101jal\u012bl\u0101sana), looks at him lovingly.<\/p>\n<p>To the divine couple are traditionally added in this iconography their children and other characters. We are thus pleased to recognize in the center a dwarf (ga\u1e47a) dancing to entertain the divine couple, and the buffalo Nandin, the god\u2019s steed. Then, on the left corner, is probably another dwarf belonging to this troupe of dancers and musicians led by Ga\u1e47e\u015ba, son of \u015aiva and Um\u0101, characterized by his elephant head and appearing here on the right.<\/p>\n<p>In spite of some lacks, it is easy to appreciate the richness of the ornaments, their variety and profusion. The god wears his high ascetic\u2019s bun, heavy earrings, multiple pearl necklaces and bracelets on his arms and ankles. Similar jewellery adorns the body of the goddess, dressed in a pleated dhoti.<\/p>\n<p>Framing the couple, the throne has architectural uprights, while the top of the stele is adorned with the mask of k\u012brtimukha, a prophylactic decorative element. On both sides, geometric motifs are characteristic of stelae from these regions of Western India, appearing in both Hindu and Jain artworks.<\/p>\n<p>&nbsp;<\/p>\n<p><strong>Provenance:<\/strong> Private collection, Germany.<\/p>\n","protected":false},"excerpt":{"rendered":"<p><em>Marble<\/em><br \/>\n<em>Western India, Gujar\u0101t ou R\u0101jasth\u0101n<\/em><br \/>\n<em>Circa 11th century<\/em><br \/>\n<em>H. 38 cm or 15 in<br \/>\n<\/em><\/p>\n","protected":false},"featured_media":10718,"template":"","meta":{"jetpack_publicize_message":"","jetpack_publicize_feature_enabled":true,"jetpack_social_post_already_shared":true,"jetpack_social_options":{"image_generator_settings":{"template":"highway","default_image_id":0,"enabled":false},"version":2}},"product_brand":[],"product_cat":[490],"product_tag":[],"class_list":{"0":"post-8535","1":"product","2":"type-product","3":"status-publish","4":"has-post-thumbnail","6":"product_cat-our-last-sales","8":"first","9":"outofstock","10":"shipping-taxable","11":"product-type-simple"},"yoast_head":"<!-- This site is optimized with the Yoast SEO plugin v27.4 - https:\/\/yoast.com\/product\/yoast-seo-wordpress\/ -->\n<title>Um\u0101mahe\u015bvara - Plaisir d&#039;Esthete<\/title>\n<meta name=\"robots\" content=\"index, follow, max-snippet:-1, max-image-preview:large, max-video-preview:-1\" \/>\n<link rel=\"canonical\" href=\"http:\/\/www.plaisirdesthete.com\/en\/produit\/umamahesvara\/\" \/>\n<meta property=\"og:locale\" content=\"en_US\" \/>\n<meta property=\"og:type\" content=\"article\" \/>\n<meta property=\"og:title\" content=\"Um\u0101mahe\u015bvara - Plaisir d&#039;Esthete\" \/>\n<meta property=\"og:description\" content=\"Marble Western India, Gujar\u0101t ou R\u0101jasth\u0101n Circa 11th century H. 38 cm or 15 in\" \/>\n<meta property=\"og:url\" content=\"http:\/\/www.plaisirdesthete.com\/en\/produit\/umamahesvara\/\" \/>\n<meta property=\"og:site_name\" content=\"Plaisir d&#039;Esthete\" \/>\n<meta property=\"article:publisher\" content=\"https:\/\/www.facebook.com\/GalerieHioco\" \/>\n<meta property=\"og:image\" content=\"http:\/\/www.plaisirdesthete.com\/wp-content\/uploads\/2020\/08\/P637_1-scaled.jpeg\" \/>\n\t<meta property=\"og:image:width\" content=\"2560\" \/>\n\t<meta property=\"og:image:height\" content=\"2560\" \/>\n\t<meta property=\"og:image:type\" content=\"image\/jpeg\" \/>\n<meta name=\"twitter:card\" content=\"summary_large_image\" \/>\n<meta name=\"twitter:label1\" content=\"Est. reading time\" \/>\n\t<meta name=\"twitter:data1\" content=\"2 minutes\" \/>\n<script type=\"application\/ld+json\" class=\"yoast-schema-graph\">{\"@context\":\"https:\\\/\\\/schema.org\",\"@graph\":[{\"@type\":\"WebPage\",\"@id\":\"http:\\\/\\\/www.plaisirdesthete.com\\\/en\\\/produit\\\/umamahesvara\\\/\",\"url\":\"http:\\\/\\\/www.plaisirdesthete.com\\\/en\\\/produit\\\/umamahesvara\\\/\",\"name\":\"Um\u0101mahe\u015bvara - Plaisir d&#039;Esthete\",\"isPartOf\":{\"@id\":\"http:\\\/\\\/www.plaisirdesthete.com\\\/en\\\/#website\"},\"primaryImageOfPage\":{\"@id\":\"http:\\\/\\\/www.plaisirdesthete.com\\\/en\\\/produit\\\/umamahesvara\\\/#primaryimage\"},\"image\":{\"@id\":\"http:\\\/\\\/www.plaisirdesthete.com\\\/en\\\/produit\\\/umamahesvara\\\/#primaryimage\"},\"thumbnailUrl\":\"http:\\\/\\\/www.plaisirdesthete.com\\\/wp-content\\\/uploads\\\/2020\\\/08\\\/P637_1-scaled.jpeg\",\"datePublished\":\"2020-08-06T16:54:08+00:00\",\"breadcrumb\":{\"@id\":\"http:\\\/\\\/www.plaisirdesthete.com\\\/en\\\/produit\\\/umamahesvara\\\/#breadcrumb\"},\"inLanguage\":\"en-US\",\"potentialAction\":[{\"@type\":\"ReadAction\",\"target\":[\"http:\\\/\\\/www.plaisirdesthete.com\\\/en\\\/produit\\\/umamahesvara\\\/\"]}]},{\"@type\":\"ImageObject\",\"inLanguage\":\"en-US\",\"@id\":\"http:\\\/\\\/www.plaisirdesthete.com\\\/en\\\/produit\\\/umamahesvara\\\/#primaryimage\",\"url\":\"http:\\\/\\\/www.plaisirdesthete.com\\\/wp-content\\\/uploads\\\/2020\\\/08\\\/P637_1-scaled.jpeg\",\"contentUrl\":\"http:\\\/\\\/www.plaisirdesthete.com\\\/wp-content\\\/uploads\\\/2020\\\/08\\\/P637_1-scaled.jpeg\",\"width\":2560,\"height\":2560},{\"@type\":\"BreadcrumbList\",\"@id\":\"http:\\\/\\\/www.plaisirdesthete.com\\\/en\\\/produit\\\/umamahesvara\\\/#breadcrumb\",\"itemListElement\":[{\"@type\":\"ListItem\",\"position\":1,\"name\":\"Accueil\",\"item\":\"http:\\\/\\\/www.plaisirdesthete.com\\\/en\\\/\"},{\"@type\":\"ListItem\",\"position\":2,\"name\":\"Boutique\",\"item\":\"http:\\\/\\\/www.plaisirdesthete.com\\\/boutique\\\/\"},{\"@type\":\"ListItem\",\"position\":3,\"name\":\"Um\u0101mahe\u015bvara\"}]},{\"@type\":\"WebSite\",\"@id\":\"http:\\\/\\\/www.plaisirdesthete.com\\\/en\\\/#website\",\"url\":\"http:\\\/\\\/www.plaisirdesthete.com\\\/en\\\/\",\"name\":\"Plaisir d'Esthete\",\"description\":\"Arts d&#039;Asie\",\"publisher\":{\"@id\":\"http:\\\/\\\/www.plaisirdesthete.com\\\/en\\\/#organization\"},\"potentialAction\":[{\"@type\":\"SearchAction\",\"target\":{\"@type\":\"EntryPoint\",\"urlTemplate\":\"http:\\\/\\\/www.plaisirdesthete.com\\\/en\\\/?s={search_term_string}\"},\"query-input\":{\"@type\":\"PropertyValueSpecification\",\"valueRequired\":true,\"valueName\":\"search_term_string\"}}],\"inLanguage\":\"en-US\"},{\"@type\":\"Organization\",\"@id\":\"http:\\\/\\\/www.plaisirdesthete.com\\\/en\\\/#organization\",\"name\":\"Plaisir d'Esth\u00e8te\",\"url\":\"http:\\\/\\\/www.plaisirdesthete.com\\\/en\\\/\",\"logo\":{\"@type\":\"ImageObject\",\"inLanguage\":\"en-US\",\"@id\":\"http:\\\/\\\/www.plaisirdesthete.com\\\/en\\\/#\\\/schema\\\/logo\\\/image\\\/\",\"url\":\"http:\\\/\\\/www.plaisirdesthete.com\\\/wp-content\\\/uploads\\\/2021\\\/03\\\/Galerie-Christophe-Hioco-2.png\",\"contentUrl\":\"http:\\\/\\\/www.plaisirdesthete.com\\\/wp-content\\\/uploads\\\/2021\\\/03\\\/Galerie-Christophe-Hioco-2.png\",\"width\":500,\"height\":500,\"caption\":\"Plaisir d'Esth\u00e8te\"},\"image\":{\"@id\":\"http:\\\/\\\/www.plaisirdesthete.com\\\/en\\\/#\\\/schema\\\/logo\\\/image\\\/\"},\"sameAs\":[\"https:\\\/\\\/www.facebook.com\\\/GalerieHioco\",\"https:\\\/\\\/www.instagram.com\\\/galerie_hioco_asian_art\\\/?hl=fr\",\"https:\\\/\\\/www.youtube.com\\\/channel\\\/UC3spYuTpzJ0jcAZamaodaHQ\"]}]}<\/script>\n<!-- \/ Yoast SEO plugin. -->","yoast_head_json":{"title":"Um\u0101mahe\u015bvara - Plaisir d&#039;Esthete","robots":{"index":"index","follow":"follow","max-snippet":"max-snippet:-1","max-image-preview":"max-image-preview:large","max-video-preview":"max-video-preview:-1"},"canonical":"http:\/\/www.plaisirdesthete.com\/en\/produit\/umamahesvara\/","og_locale":"en_US","og_type":"article","og_title":"Um\u0101mahe\u015bvara - Plaisir d&#039;Esthete","og_description":"Marble Western India, Gujar\u0101t ou R\u0101jasth\u0101n Circa 11th century H. 38 cm or 15 in","og_url":"http:\/\/www.plaisirdesthete.com\/en\/produit\/umamahesvara\/","og_site_name":"Plaisir d&#039;Esthete","article_publisher":"https:\/\/www.facebook.com\/GalerieHioco","og_image":[{"width":2560,"height":2560,"url":"http:\/\/www.plaisirdesthete.com\/wp-content\/uploads\/2020\/08\/P637_1-scaled.jpeg","type":"image\/jpeg"}],"twitter_card":"summary_large_image","twitter_misc":{"Est. reading time":"2 minutes"},"schema":{"@context":"https:\/\/schema.org","@graph":[{"@type":"WebPage","@id":"http:\/\/www.plaisirdesthete.com\/en\/produit\/umamahesvara\/","url":"http:\/\/www.plaisirdesthete.com\/en\/produit\/umamahesvara\/","name":"Um\u0101mahe\u015bvara - Plaisir d&#039;Esthete","isPartOf":{"@id":"http:\/\/www.plaisirdesthete.com\/en\/#website"},"primaryImageOfPage":{"@id":"http:\/\/www.plaisirdesthete.com\/en\/produit\/umamahesvara\/#primaryimage"},"image":{"@id":"http:\/\/www.plaisirdesthete.com\/en\/produit\/umamahesvara\/#primaryimage"},"thumbnailUrl":"http:\/\/www.plaisirdesthete.com\/wp-content\/uploads\/2020\/08\/P637_1-scaled.jpeg","datePublished":"2020-08-06T16:54:08+00:00","breadcrumb":{"@id":"http:\/\/www.plaisirdesthete.com\/en\/produit\/umamahesvara\/#breadcrumb"},"inLanguage":"en-US","potentialAction":[{"@type":"ReadAction","target":["http:\/\/www.plaisirdesthete.com\/en\/produit\/umamahesvara\/"]}]},{"@type":"ImageObject","inLanguage":"en-US","@id":"http:\/\/www.plaisirdesthete.com\/en\/produit\/umamahesvara\/#primaryimage","url":"http:\/\/www.plaisirdesthete.com\/wp-content\/uploads\/2020\/08\/P637_1-scaled.jpeg","contentUrl":"http:\/\/www.plaisirdesthete.com\/wp-content\/uploads\/2020\/08\/P637_1-scaled.jpeg","width":2560,"height":2560},{"@type":"BreadcrumbList","@id":"http:\/\/www.plaisirdesthete.com\/en\/produit\/umamahesvara\/#breadcrumb","itemListElement":[{"@type":"ListItem","position":1,"name":"Accueil","item":"http:\/\/www.plaisirdesthete.com\/en\/"},{"@type":"ListItem","position":2,"name":"Boutique","item":"http:\/\/www.plaisirdesthete.com\/boutique\/"},{"@type":"ListItem","position":3,"name":"Um\u0101mahe\u015bvara"}]},{"@type":"WebSite","@id":"http:\/\/www.plaisirdesthete.com\/en\/#website","url":"http:\/\/www.plaisirdesthete.com\/en\/","name":"Plaisir d'Esthete","description":"Arts d&#039;Asie","publisher":{"@id":"http:\/\/www.plaisirdesthete.com\/en\/#organization"},"potentialAction":[{"@type":"SearchAction","target":{"@type":"EntryPoint","urlTemplate":"http:\/\/www.plaisirdesthete.com\/en\/?s={search_term_string}"},"query-input":{"@type":"PropertyValueSpecification","valueRequired":true,"valueName":"search_term_string"}}],"inLanguage":"en-US"},{"@type":"Organization","@id":"http:\/\/www.plaisirdesthete.com\/en\/#organization","name":"Plaisir d'Esth\u00e8te","url":"http:\/\/www.plaisirdesthete.com\/en\/","logo":{"@type":"ImageObject","inLanguage":"en-US","@id":"http:\/\/www.plaisirdesthete.com\/en\/#\/schema\/logo\/image\/","url":"http:\/\/www.plaisirdesthete.com\/wp-content\/uploads\/2021\/03\/Galerie-Christophe-Hioco-2.png","contentUrl":"http:\/\/www.plaisirdesthete.com\/wp-content\/uploads\/2021\/03\/Galerie-Christophe-Hioco-2.png","width":500,"height":500,"caption":"Plaisir d'Esth\u00e8te"},"image":{"@id":"http:\/\/www.plaisirdesthete.com\/en\/#\/schema\/logo\/image\/"},"sameAs":["https:\/\/www.facebook.com\/GalerieHioco","https:\/\/www.instagram.com\/galerie_hioco_asian_art\/?hl=fr","https:\/\/www.youtube.com\/channel\/UC3spYuTpzJ0jcAZamaodaHQ"]}]}},"jetpack_publicize_connections":[],"jetpack_sharing_enabled":true,"jetpack_likes_enabled":true,"_links":{"self":[{"href":"http:\/\/www.plaisirdesthete.com\/en\/wp-json\/wp\/v2\/product\/8535","targetHints":{"allow":["GET"]}}],"collection":[{"href":"http:\/\/www.plaisirdesthete.com\/en\/wp-json\/wp\/v2\/product"}],"about":[{"href":"http:\/\/www.plaisirdesthete.com\/en\/wp-json\/wp\/v2\/types\/product"}],"wp:featuredmedia":[{"embeddable":true,"href":"http:\/\/www.plaisirdesthete.com\/en\/wp-json\/wp\/v2\/media\/10718"}],"wp:attachment":[{"href":"http:\/\/www.plaisirdesthete.com\/en\/wp-json\/wp\/v2\/media?parent=8535"}],"wp:term":[{"taxonomy":"product_brand","embeddable":true,"href":"http:\/\/www.plaisirdesthete.com\/en\/wp-json\/wp\/v2\/product_brand?post=8535"},{"taxonomy":"product_cat","embeddable":true,"href":"http:\/\/www.plaisirdesthete.com\/en\/wp-json\/wp\/v2\/product_cat?post=8535"},{"taxonomy":"product_tag","embeddable":true,"href":"http:\/\/www.plaisirdesthete.com\/en\/wp-json\/wp\/v2\/product_tag?post=8535"}],"curies":[{"name":"wp","href":"https:\/\/api.w.org\/{rel}","templated":true}]}}