{"id":8414,"date":"2020-07-28T10:30:05","date_gmt":"2020-07-28T10:30:05","guid":{"rendered":"http:\/\/www.plaisirdesthete.com\/produit\/imaichi-road-to-nikko\/"},"modified":"2022-12-07T16:33:04","modified_gmt":"2022-12-07T16:33:04","slug":"imaichi-road-to-nikko","status":"publish","type":"product","link":"http:\/\/www.plaisirdesthete.com\/en\/produit\/imaichi-road-to-nikko\/","title":{"rendered":"Imaichi Road to Nikko"},"content":{"rendered":"<p>This photograph, printed on albumen paper and then hand-coloured, is part of the refined production of the Yokohama school, which was very successful with Western clients. It depicts the village of Imaichi, which is the last stop on the Nikk\u014d Kaid\u014d road, linking the capital to the famous Nikk\u014d shrine since the Edo period. Initially a sacred place of Buddhism and Shinto, the Nikk\u014d site, on which numerous temples are built, has become a popular holiday resort since the Meiji era.<\/p>\n<p>Thousands of Japanese cedars were planted in the 17th century under the order of the feudal ruler Mastsudaira Masatsuna, of which nearly 12,500 specimens remain today. These Japanese cedars, cryptomeres to be precise, are sacred trees in Shintoism. They give this photograph a majestic vertical momentum, while the mere presence of humans gives scale to the gigantism of these trees.<\/p>\n<p>The photographers take views of the site and its surroundings, producing souvenir photos for Westerners who visit for pleasure. These photographs quickly found their way into Western collections, as they were produced for European and American clients.<\/p>\n<p>This sacred landscape is sublimated by the subtle colour palette, highlighting the texture of the trunks and the rays of light that bathe them. Although the use of colour, so typical of Japanese photography, was initially intended as a documentary tool, it is now widely used for its aesthetic aspect and contributes to the originality of Japanese production. Hand-coloured, these photographs bear witness to a specific know-how, and the translucent colours are obtained from pigments mixed with bone glue (nikawa). This technique is particularly suited to the paper used for the print, whose main component is albumen. This warm-toned paper is particularly suitable for the colouring technique, whose translucent aspect reinforces the naturalism of the representation.<\/p>\n<p><strong>Condition report:<\/strong> Very good condition<\/p>\n","protected":false},"excerpt":{"rendered":"<p><em>Hand coloured albumen print<\/em><br \/>\n<em>(Not attributed)<\/em><br \/>\n<em>Circa 1880<\/em><br \/>\n<em>D. 19,5 \u00d7 26,5 cm<\/em><\/p>\n<p><a href=\"https:\/\/www.youtube.com\/watch?v=tdNnSvoZb48\">Video presentation<\/a><\/p>\n","protected":false},"featured_media":8413,"template":"","meta":{"jetpack_publicize_message":"","jetpack_publicize_feature_enabled":true,"jetpack_social_post_already_shared":true,"jetpack_social_options":{"image_generator_settings":{"template":"highway","default_image_id":0,"enabled":false},"version":2}},"product_brand":[],"product_cat":[266,398],"product_tag":[],"class_list":{"0":"post-8414","1":"product","2":"type-product","3":"status-publish","4":"has-post-thumbnail","6":"product_cat-japanese-photographs","7":"product_cat-nikko-en","9":"first","10":"instock","11":"shipping-taxable","12":"purchasable","13":"product-type-simple"},"yoast_head":"<!-- This site is optimized with the Yoast SEO plugin v27.3 - https:\/\/yoast.com\/product\/yoast-seo-wordpress\/ -->\n<title>Imaichi Road to Nikko - Plaisir d&#039;Esthete<\/title>\n<meta name=\"robots\" content=\"index, follow, max-snippet:-1, max-image-preview:large, max-video-preview:-1\" \/>\n<link rel=\"canonical\" href=\"http:\/\/www.plaisirdesthete.com\/en\/produit\/imaichi-road-to-nikko\/\" \/>\n<meta property=\"og:locale\" content=\"en_US\" \/>\n<meta property=\"og:type\" content=\"article\" \/>\n<meta property=\"og:title\" content=\"Imaichi Road to Nikko - Plaisir d&#039;Esthete\" \/>\n<meta property=\"og:description\" content=\"Hand coloured albumen print (Not attributed) Circa 1880 D. 19,5 \u00d7 26,5 cm  Video presentation\" \/>\n<meta property=\"og:url\" content=\"http:\/\/www.plaisirdesthete.com\/en\/produit\/imaichi-road-to-nikko\/\" \/>\n<meta property=\"og:site_name\" content=\"Plaisir d&#039;Esthete\" \/>\n<meta property=\"article:publisher\" content=\"https:\/\/www.facebook.com\/GalerieHioco\" \/>\n<meta property=\"article:modified_time\" content=\"2022-12-07T16:33:04+00:00\" \/>\n<meta property=\"og:image\" content=\"http:\/\/www.plaisirdesthete.com\/wp-content\/uploads\/2020\/07\/PH017-I.1-Imaichi-Road-to-Nikko-BD-1024x775.jpg\" \/>\n\t<meta property=\"og:image:width\" content=\"1024\" \/>\n\t<meta property=\"og:image:height\" content=\"775\" \/>\n\t<meta property=\"og:image:type\" content=\"image\/jpeg\" \/>\n<meta name=\"twitter:card\" content=\"summary_large_image\" \/>\n<meta name=\"twitter:label1\" content=\"Est. reading time\" \/>\n\t<meta name=\"twitter:data1\" content=\"2 minutes\" \/>\n<script type=\"application\/ld+json\" class=\"yoast-schema-graph\">{\"@context\":\"https:\\\/\\\/schema.org\",\"@graph\":[{\"@type\":\"WebPage\",\"@id\":\"http:\\\/\\\/www.plaisirdesthete.com\\\/en\\\/produit\\\/imaichi-road-to-nikko\\\/\",\"url\":\"http:\\\/\\\/www.plaisirdesthete.com\\\/en\\\/produit\\\/imaichi-road-to-nikko\\\/\",\"name\":\"Imaichi Road to Nikko - Plaisir d&#039;Esthete\",\"isPartOf\":{\"@id\":\"http:\\\/\\\/www.plaisirdesthete.com\\\/en\\\/#website\"},\"primaryImageOfPage\":{\"@id\":\"http:\\\/\\\/www.plaisirdesthete.com\\\/en\\\/produit\\\/imaichi-road-to-nikko\\\/#primaryimage\"},\"image\":{\"@id\":\"http:\\\/\\\/www.plaisirdesthete.com\\\/en\\\/produit\\\/imaichi-road-to-nikko\\\/#primaryimage\"},\"thumbnailUrl\":\"http:\\\/\\\/www.plaisirdesthete.com\\\/wp-content\\\/uploads\\\/2020\\\/07\\\/PH017-I.1-Imaichi-Road-to-Nikko-BD.jpg\",\"datePublished\":\"2020-07-28T10:30:05+00:00\",\"dateModified\":\"2022-12-07T16:33:04+00:00\",\"breadcrumb\":{\"@id\":\"http:\\\/\\\/www.plaisirdesthete.com\\\/en\\\/produit\\\/imaichi-road-to-nikko\\\/#breadcrumb\"},\"inLanguage\":\"en-US\",\"potentialAction\":[{\"@type\":\"ReadAction\",\"target\":[\"http:\\\/\\\/www.plaisirdesthete.com\\\/en\\\/produit\\\/imaichi-road-to-nikko\\\/\"]}]},{\"@type\":\"ImageObject\",\"inLanguage\":\"en-US\",\"@id\":\"http:\\\/\\\/www.plaisirdesthete.com\\\/en\\\/produit\\\/imaichi-road-to-nikko\\\/#primaryimage\",\"url\":\"http:\\\/\\\/www.plaisirdesthete.com\\\/wp-content\\\/uploads\\\/2020\\\/07\\\/PH017-I.1-Imaichi-Road-to-Nikko-BD.jpg\",\"contentUrl\":\"http:\\\/\\\/www.plaisirdesthete.com\\\/wp-content\\\/uploads\\\/2020\\\/07\\\/PH017-I.1-Imaichi-Road-to-Nikko-BD.jpg\",\"width\":2560,\"height\":1937},{\"@type\":\"BreadcrumbList\",\"@id\":\"http:\\\/\\\/www.plaisirdesthete.com\\\/en\\\/produit\\\/imaichi-road-to-nikko\\\/#breadcrumb\",\"itemListElement\":[{\"@type\":\"ListItem\",\"position\":1,\"name\":\"Accueil\",\"item\":\"http:\\\/\\\/www.plaisirdesthete.com\\\/en\\\/\"},{\"@type\":\"ListItem\",\"position\":2,\"name\":\"Boutique\",\"item\":\"http:\\\/\\\/www.plaisirdesthete.com\\\/boutique\\\/\"},{\"@type\":\"ListItem\",\"position\":3,\"name\":\"Imaichi Road to Nikko\"}]},{\"@type\":\"WebSite\",\"@id\":\"http:\\\/\\\/www.plaisirdesthete.com\\\/en\\\/#website\",\"url\":\"http:\\\/\\\/www.plaisirdesthete.com\\\/en\\\/\",\"name\":\"Plaisir d'Esthete\",\"description\":\"Arts d&#039;Asie\",\"publisher\":{\"@id\":\"http:\\\/\\\/www.plaisirdesthete.com\\\/en\\\/#organization\"},\"potentialAction\":[{\"@type\":\"SearchAction\",\"target\":{\"@type\":\"EntryPoint\",\"urlTemplate\":\"http:\\\/\\\/www.plaisirdesthete.com\\\/en\\\/?s={search_term_string}\"},\"query-input\":{\"@type\":\"PropertyValueSpecification\",\"valueRequired\":true,\"valueName\":\"search_term_string\"}}],\"inLanguage\":\"en-US\"},{\"@type\":\"Organization\",\"@id\":\"http:\\\/\\\/www.plaisirdesthete.com\\\/en\\\/#organization\",\"name\":\"Plaisir d'Esth\u00e8te\",\"url\":\"http:\\\/\\\/www.plaisirdesthete.com\\\/en\\\/\",\"logo\":{\"@type\":\"ImageObject\",\"inLanguage\":\"en-US\",\"@id\":\"http:\\\/\\\/www.plaisirdesthete.com\\\/en\\\/#\\\/schema\\\/logo\\\/image\\\/\",\"url\":\"http:\\\/\\\/www.plaisirdesthete.com\\\/wp-content\\\/uploads\\\/2021\\\/03\\\/Galerie-Christophe-Hioco-2.png\",\"contentUrl\":\"http:\\\/\\\/www.plaisirdesthete.com\\\/wp-content\\\/uploads\\\/2021\\\/03\\\/Galerie-Christophe-Hioco-2.png\",\"width\":500,\"height\":500,\"caption\":\"Plaisir d'Esth\u00e8te\"},\"image\":{\"@id\":\"http:\\\/\\\/www.plaisirdesthete.com\\\/en\\\/#\\\/schema\\\/logo\\\/image\\\/\"},\"sameAs\":[\"https:\\\/\\\/www.facebook.com\\\/GalerieHioco\",\"https:\\\/\\\/www.instagram.com\\\/galerie_hioco_asian_art\\\/?hl=fr\",\"https:\\\/\\\/www.youtube.com\\\/channel\\\/UC3spYuTpzJ0jcAZamaodaHQ\"]}]}<\/script>\n<!-- \/ Yoast SEO plugin. -->","yoast_head_json":{"title":"Imaichi Road to Nikko - Plaisir d&#039;Esthete","robots":{"index":"index","follow":"follow","max-snippet":"max-snippet:-1","max-image-preview":"max-image-preview:large","max-video-preview":"max-video-preview:-1"},"canonical":"http:\/\/www.plaisirdesthete.com\/en\/produit\/imaichi-road-to-nikko\/","og_locale":"en_US","og_type":"article","og_title":"Imaichi Road to Nikko - Plaisir d&#039;Esthete","og_description":"Hand coloured albumen print (Not attributed) Circa 1880 D. 19,5 \u00d7 26,5 cm  Video presentation","og_url":"http:\/\/www.plaisirdesthete.com\/en\/produit\/imaichi-road-to-nikko\/","og_site_name":"Plaisir d&#039;Esthete","article_publisher":"https:\/\/www.facebook.com\/GalerieHioco","article_modified_time":"2022-12-07T16:33:04+00:00","og_image":[{"width":1024,"height":775,"url":"http:\/\/www.plaisirdesthete.com\/wp-content\/uploads\/2020\/07\/PH017-I.1-Imaichi-Road-to-Nikko-BD-1024x775.jpg","type":"image\/jpeg"}],"twitter_card":"summary_large_image","twitter_misc":{"Est. reading time":"2 minutes"},"schema":{"@context":"https:\/\/schema.org","@graph":[{"@type":"WebPage","@id":"http:\/\/www.plaisirdesthete.com\/en\/produit\/imaichi-road-to-nikko\/","url":"http:\/\/www.plaisirdesthete.com\/en\/produit\/imaichi-road-to-nikko\/","name":"Imaichi Road to Nikko - Plaisir d&#039;Esthete","isPartOf":{"@id":"http:\/\/www.plaisirdesthete.com\/en\/#website"},"primaryImageOfPage":{"@id":"http:\/\/www.plaisirdesthete.com\/en\/produit\/imaichi-road-to-nikko\/#primaryimage"},"image":{"@id":"http:\/\/www.plaisirdesthete.com\/en\/produit\/imaichi-road-to-nikko\/#primaryimage"},"thumbnailUrl":"http:\/\/www.plaisirdesthete.com\/wp-content\/uploads\/2020\/07\/PH017-I.1-Imaichi-Road-to-Nikko-BD.jpg","datePublished":"2020-07-28T10:30:05+00:00","dateModified":"2022-12-07T16:33:04+00:00","breadcrumb":{"@id":"http:\/\/www.plaisirdesthete.com\/en\/produit\/imaichi-road-to-nikko\/#breadcrumb"},"inLanguage":"en-US","potentialAction":[{"@type":"ReadAction","target":["http:\/\/www.plaisirdesthete.com\/en\/produit\/imaichi-road-to-nikko\/"]}]},{"@type":"ImageObject","inLanguage":"en-US","@id":"http:\/\/www.plaisirdesthete.com\/en\/produit\/imaichi-road-to-nikko\/#primaryimage","url":"http:\/\/www.plaisirdesthete.com\/wp-content\/uploads\/2020\/07\/PH017-I.1-Imaichi-Road-to-Nikko-BD.jpg","contentUrl":"http:\/\/www.plaisirdesthete.com\/wp-content\/uploads\/2020\/07\/PH017-I.1-Imaichi-Road-to-Nikko-BD.jpg","width":2560,"height":1937},{"@type":"BreadcrumbList","@id":"http:\/\/www.plaisirdesthete.com\/en\/produit\/imaichi-road-to-nikko\/#breadcrumb","itemListElement":[{"@type":"ListItem","position":1,"name":"Accueil","item":"http:\/\/www.plaisirdesthete.com\/en\/"},{"@type":"ListItem","position":2,"name":"Boutique","item":"http:\/\/www.plaisirdesthete.com\/boutique\/"},{"@type":"ListItem","position":3,"name":"Imaichi Road to Nikko"}]},{"@type":"WebSite","@id":"http:\/\/www.plaisirdesthete.com\/en\/#website","url":"http:\/\/www.plaisirdesthete.com\/en\/","name":"Plaisir d'Esthete","description":"Arts d&#039;Asie","publisher":{"@id":"http:\/\/www.plaisirdesthete.com\/en\/#organization"},"potentialAction":[{"@type":"SearchAction","target":{"@type":"EntryPoint","urlTemplate":"http:\/\/www.plaisirdesthete.com\/en\/?s={search_term_string}"},"query-input":{"@type":"PropertyValueSpecification","valueRequired":true,"valueName":"search_term_string"}}],"inLanguage":"en-US"},{"@type":"Organization","@id":"http:\/\/www.plaisirdesthete.com\/en\/#organization","name":"Plaisir d'Esth\u00e8te","url":"http:\/\/www.plaisirdesthete.com\/en\/","logo":{"@type":"ImageObject","inLanguage":"en-US","@id":"http:\/\/www.plaisirdesthete.com\/en\/#\/schema\/logo\/image\/","url":"http:\/\/www.plaisirdesthete.com\/wp-content\/uploads\/2021\/03\/Galerie-Christophe-Hioco-2.png","contentUrl":"http:\/\/www.plaisirdesthete.com\/wp-content\/uploads\/2021\/03\/Galerie-Christophe-Hioco-2.png","width":500,"height":500,"caption":"Plaisir d'Esth\u00e8te"},"image":{"@id":"http:\/\/www.plaisirdesthete.com\/en\/#\/schema\/logo\/image\/"},"sameAs":["https:\/\/www.facebook.com\/GalerieHioco","https:\/\/www.instagram.com\/galerie_hioco_asian_art\/?hl=fr","https:\/\/www.youtube.com\/channel\/UC3spYuTpzJ0jcAZamaodaHQ"]}]}},"jetpack_publicize_connections":[],"jetpack_sharing_enabled":true,"jetpack_likes_enabled":true,"_links":{"self":[{"href":"http:\/\/www.plaisirdesthete.com\/en\/wp-json\/wp\/v2\/product\/8414","targetHints":{"allow":["GET"]}}],"collection":[{"href":"http:\/\/www.plaisirdesthete.com\/en\/wp-json\/wp\/v2\/product"}],"about":[{"href":"http:\/\/www.plaisirdesthete.com\/en\/wp-json\/wp\/v2\/types\/product"}],"wp:featuredmedia":[{"embeddable":true,"href":"http:\/\/www.plaisirdesthete.com\/en\/wp-json\/wp\/v2\/media\/8413"}],"wp:attachment":[{"href":"http:\/\/www.plaisirdesthete.com\/en\/wp-json\/wp\/v2\/media?parent=8414"}],"wp:term":[{"taxonomy":"product_brand","embeddable":true,"href":"http:\/\/www.plaisirdesthete.com\/en\/wp-json\/wp\/v2\/product_brand?post=8414"},{"taxonomy":"product_cat","embeddable":true,"href":"http:\/\/www.plaisirdesthete.com\/en\/wp-json\/wp\/v2\/product_cat?post=8414"},{"taxonomy":"product_tag","embeddable":true,"href":"http:\/\/www.plaisirdesthete.com\/en\/wp-json\/wp\/v2\/product_tag?post=8414"}],"curies":[{"name":"wp","href":"https:\/\/api.w.org\/{rel}","templated":true}]}}