{"id":3919,"date":"2019-11-25T13:50:07","date_gmt":"2019-11-25T13:50:07","guid":{"rendered":"http:\/\/www.plaisirdesthete.com\/?post_type=product&#038;p=3919"},"modified":"2021-06-28T17:41:12","modified_gmt":"2021-06-28T17:41:12","slug":"relief-gandharien","status":"publish","type":"product","link":"http:\/\/www.plaisirdesthete.com\/en\/produit\/relief-gandharien\/","title":{"rendered":"Relief gandharien"},"content":{"rendered":"<p>Tr\u00e8s joli relief du Gandh\u0101ra <em>mesurant <\/em>24,5 x 25 cm <em>et r\u00e9alis\u00e9e en schiste, cette charmante pi\u00e8ce est dat\u00e9e des IIe-IIIe si\u00e8cles de notre \u00e8re et provient de l\u2019ancienne province du<\/em> Gandh\u0101ra, r\u00e9gion o\u00f9 se m\u00ealent subtilement les influences du monde gr\u00e9co-romain \u00e0 celles des cultures parthe et indienne.<\/p>\n<p>On aime tout d\u2019abord l\u2019originalit\u00e9 de sa forme et son caract\u00e8re tr\u00e8s architectur\u00e9. Mais on est \u00e9galement s\u00e9duit par la simplicit\u00e9 apparente de la sc\u00e8ne, qui illustre le go\u00fbt gandh\u0101rien pour les figurations anecdotiques et cache en r\u00e9alit\u00e9 de nombreux d\u00e9tails que l\u2019on ne se lasse pas de regarder.<\/p>\n<p>Au centre, deux femmes se tiennent sur un balcon prot\u00e9g\u00e9 par un dais souple. Le motif est particuli\u00e8rement populaire dans la r\u00e9gion du Gandh\u0101ra et fait penser \u00e0 une repr\u00e9sentation th\u00e9\u00e2trale. Les femmes portent une tunique similaire au chiton de style gr\u00e9co-romain, dont les drap\u00e9s sont trait\u00e9s ici avec un certain graphisme. Leurs coiffures sophistiqu\u00e9es aux m\u00e8ches de cheveux savamment ramass\u00e9es en chignon et rehauss\u00e9es d\u2019une couronne sont \u00e9galement caract\u00e9ristiques de cet art. Leurs regards se tournent vers un Buddha assis en m\u00e9ditation, accompagn\u00e9 d\u2019un serviteur. En-dessous, un petit personnage portant un turban se tient agenouill\u00e9, les mains en geste d\u2019adoration, rendant hommage au Bienheureux. Ils sont abrit\u00e9s sous des arcs indiens traditionnels, figur\u00e9s en grand nombre dans l\u2019art ancien de l\u2019Inde depuis le IIe si\u00e8cle avant J.-C. En partie inf\u00e9rieure, l\u2019\u0153uvre pr\u00e9sente enfin un autre d\u00e9tail de qualit\u00e9\u00a0: le chapiteau corinthien qui devait soutenir cet ensemble architectural et scander un registre inf\u00e9rieur est par bonheur pr\u00e9serv\u00e9.<\/p>\n<p>Si ce relief faisait incontestablement partie d\u2019une st\u00e8le plus grande, il offre pourtant \u00e0 lui seul une lecture \u00e9tonnamment riche, m\u00ealant de nombreux d\u00e9tails architecturaux, narratifs et religieux\u00a0: un passionnant t\u00e9moin de l\u2019art du Gandh\u0101ra.<\/p>\n<p>&nbsp;<\/p>\n<p><strong>Provenance :<\/strong> Collection Hugo Vedder (1926-2006) et Gerda Vedder (1932-2019), L\u00fcdinghausen, Allemagne.<\/p>\n","protected":false},"excerpt":{"rendered":"<div class=\"woocommerce-product-details__short-description\">\n<p><em>Schiste<\/em><br \/>\n<em>Ancienne r\u00e9gion du Gandh\u0101ra<\/em><br \/>\n<em>IIe &#8211; IIIe si\u00e8cle<\/em><br \/>\n<em>H. 25 cm<\/em><\/p>\n<\/div>\n","protected":false},"featured_media":3920,"template":"","meta":{"jetpack_publicize_message":"","jetpack_publicize_feature_enabled":true,"jetpack_social_post_already_shared":true,"jetpack_social_options":{"image_generator_settings":{"template":"highway","default_image_id":0,"enabled":false},"version":2}},"product_brand":[],"product_cat":[489],"product_tag":[237],"class_list":{"0":"post-3919","1":"product","2":"type-product","3":"status-publish","4":"has-post-thumbnail","6":"product_cat-nos-dernieres-ventes","7":"product_tag-p591","9":"first","10":"outofstock","11":"shipping-taxable","12":"product-type-simple"},"yoast_head":"<!-- This site is optimized with the Yoast SEO plugin v27.5 - https:\/\/yoast.com\/product\/yoast-seo-wordpress\/ -->\n<title>Relief gandharien - Plaisir d&#039;Esthete<\/title>\n<meta name=\"robots\" content=\"index, follow, max-snippet:-1, max-image-preview:large, max-video-preview:-1\" \/>\n<link rel=\"canonical\" href=\"http:\/\/www.plaisirdesthete.com\/en\/produit\/relief-gandharien\/\" \/>\n<meta property=\"og:locale\" content=\"en_US\" \/>\n<meta property=\"og:type\" content=\"article\" \/>\n<meta property=\"og:title\" content=\"Relief gandharien - Plaisir d&#039;Esthete\" \/>\n<meta property=\"og:description\" content=\"Schiste Ancienne r\u00e9gion du Gandh\u0101ra IIe - IIIe si\u00e8cle H. 25 cm\" \/>\n<meta property=\"og:url\" content=\"http:\/\/www.plaisirdesthete.com\/en\/produit\/relief-gandharien\/\" \/>\n<meta property=\"og:site_name\" content=\"Plaisir d&#039;Esthete\" \/>\n<meta property=\"article:publisher\" content=\"https:\/\/www.facebook.com\/GalerieHioco\" \/>\n<meta property=\"article:modified_time\" content=\"2021-06-28T17:41:12+00:00\" \/>\n<meta property=\"og:image\" content=\"http:\/\/www.plaisirdesthete.com\/wp-content\/uploads\/2019\/11\/P591-HD-A-751x1024.jpg\" \/>\n\t<meta property=\"og:image:width\" content=\"751\" \/>\n\t<meta property=\"og:image:height\" content=\"1024\" \/>\n\t<meta property=\"og:image:type\" content=\"image\/jpeg\" \/>\n<meta name=\"twitter:card\" content=\"summary_large_image\" \/>\n<meta name=\"twitter:label1\" content=\"Est. reading time\" \/>\n\t<meta name=\"twitter:data1\" content=\"2 minutes\" \/>\n<script type=\"application\/ld+json\" class=\"yoast-schema-graph\">{\"@context\":\"https:\\\/\\\/schema.org\",\"@graph\":[{\"@type\":\"WebPage\",\"@id\":\"http:\\\/\\\/www.plaisirdesthete.com\\\/en\\\/produit\\\/relief-gandharien\\\/\",\"url\":\"http:\\\/\\\/www.plaisirdesthete.com\\\/en\\\/produit\\\/relief-gandharien\\\/\",\"name\":\"Relief gandharien - Plaisir d&#039;Esthete\",\"isPartOf\":{\"@id\":\"http:\\\/\\\/www.plaisirdesthete.com\\\/en\\\/#website\"},\"primaryImageOfPage\":{\"@id\":\"http:\\\/\\\/www.plaisirdesthete.com\\\/en\\\/produit\\\/relief-gandharien\\\/#primaryimage\"},\"image\":{\"@id\":\"http:\\\/\\\/www.plaisirdesthete.com\\\/en\\\/produit\\\/relief-gandharien\\\/#primaryimage\"},\"thumbnailUrl\":\"http:\\\/\\\/www.plaisirdesthete.com\\\/wp-content\\\/uploads\\\/2019\\\/11\\\/P591-HD-A.jpg\",\"datePublished\":\"2019-11-25T13:50:07+00:00\",\"dateModified\":\"2021-06-28T17:41:12+00:00\",\"breadcrumb\":{\"@id\":\"http:\\\/\\\/www.plaisirdesthete.com\\\/en\\\/produit\\\/relief-gandharien\\\/#breadcrumb\"},\"inLanguage\":\"en-US\",\"potentialAction\":[{\"@type\":\"ReadAction\",\"target\":[\"http:\\\/\\\/www.plaisirdesthete.com\\\/en\\\/produit\\\/relief-gandharien\\\/\"]}]},{\"@type\":\"ImageObject\",\"inLanguage\":\"en-US\",\"@id\":\"http:\\\/\\\/www.plaisirdesthete.com\\\/en\\\/produit\\\/relief-gandharien\\\/#primaryimage\",\"url\":\"http:\\\/\\\/www.plaisirdesthete.com\\\/wp-content\\\/uploads\\\/2019\\\/11\\\/P591-HD-A.jpg\",\"contentUrl\":\"http:\\\/\\\/www.plaisirdesthete.com\\\/wp-content\\\/uploads\\\/2019\\\/11\\\/P591-HD-A.jpg\",\"width\":3596,\"height\":4904},{\"@type\":\"BreadcrumbList\",\"@id\":\"http:\\\/\\\/www.plaisirdesthete.com\\\/en\\\/produit\\\/relief-gandharien\\\/#breadcrumb\",\"itemListElement\":[{\"@type\":\"ListItem\",\"position\":1,\"name\":\"Accueil\",\"item\":\"http:\\\/\\\/www.plaisirdesthete.com\\\/en\\\/\"},{\"@type\":\"ListItem\",\"position\":2,\"name\":\"Boutique\",\"item\":\"http:\\\/\\\/www.plaisirdesthete.com\\\/boutique\\\/\"},{\"@type\":\"ListItem\",\"position\":3,\"name\":\"Relief gandharien\"}]},{\"@type\":\"WebSite\",\"@id\":\"http:\\\/\\\/www.plaisirdesthete.com\\\/en\\\/#website\",\"url\":\"http:\\\/\\\/www.plaisirdesthete.com\\\/en\\\/\",\"name\":\"Plaisir d'Esthete\",\"description\":\"Arts d&#039;Asie\",\"publisher\":{\"@id\":\"http:\\\/\\\/www.plaisirdesthete.com\\\/en\\\/#organization\"},\"potentialAction\":[{\"@type\":\"SearchAction\",\"target\":{\"@type\":\"EntryPoint\",\"urlTemplate\":\"http:\\\/\\\/www.plaisirdesthete.com\\\/en\\\/?s={search_term_string}\"},\"query-input\":{\"@type\":\"PropertyValueSpecification\",\"valueRequired\":true,\"valueName\":\"search_term_string\"}}],\"inLanguage\":\"en-US\"},{\"@type\":\"Organization\",\"@id\":\"http:\\\/\\\/www.plaisirdesthete.com\\\/en\\\/#organization\",\"name\":\"Plaisir d'Esth\u00e8te\",\"url\":\"http:\\\/\\\/www.plaisirdesthete.com\\\/en\\\/\",\"logo\":{\"@type\":\"ImageObject\",\"inLanguage\":\"en-US\",\"@id\":\"http:\\\/\\\/www.plaisirdesthete.com\\\/en\\\/#\\\/schema\\\/logo\\\/image\\\/\",\"url\":\"http:\\\/\\\/www.plaisirdesthete.com\\\/wp-content\\\/uploads\\\/2021\\\/03\\\/Galerie-Christophe-Hioco-2.png\",\"contentUrl\":\"http:\\\/\\\/www.plaisirdesthete.com\\\/wp-content\\\/uploads\\\/2021\\\/03\\\/Galerie-Christophe-Hioco-2.png\",\"width\":500,\"height\":500,\"caption\":\"Plaisir d'Esth\u00e8te\"},\"image\":{\"@id\":\"http:\\\/\\\/www.plaisirdesthete.com\\\/en\\\/#\\\/schema\\\/logo\\\/image\\\/\"},\"sameAs\":[\"https:\\\/\\\/www.facebook.com\\\/GalerieHioco\",\"https:\\\/\\\/www.instagram.com\\\/galerie_hioco_asian_art\\\/?hl=fr\",\"https:\\\/\\\/www.youtube.com\\\/channel\\\/UC3spYuTpzJ0jcAZamaodaHQ\"]}]}<\/script>\n<!-- \/ Yoast SEO plugin. -->","yoast_head_json":{"title":"Relief gandharien - Plaisir d&#039;Esthete","robots":{"index":"index","follow":"follow","max-snippet":"max-snippet:-1","max-image-preview":"max-image-preview:large","max-video-preview":"max-video-preview:-1"},"canonical":"http:\/\/www.plaisirdesthete.com\/en\/produit\/relief-gandharien\/","og_locale":"en_US","og_type":"article","og_title":"Relief gandharien - Plaisir d&#039;Esthete","og_description":"Schiste Ancienne r\u00e9gion du Gandh\u0101ra IIe - IIIe si\u00e8cle H. 25 cm","og_url":"http:\/\/www.plaisirdesthete.com\/en\/produit\/relief-gandharien\/","og_site_name":"Plaisir d&#039;Esthete","article_publisher":"https:\/\/www.facebook.com\/GalerieHioco","article_modified_time":"2021-06-28T17:41:12+00:00","og_image":[{"width":751,"height":1024,"url":"http:\/\/www.plaisirdesthete.com\/wp-content\/uploads\/2019\/11\/P591-HD-A-751x1024.jpg","type":"image\/jpeg"}],"twitter_card":"summary_large_image","twitter_misc":{"Est. reading time":"2 minutes"},"schema":{"@context":"https:\/\/schema.org","@graph":[{"@type":"WebPage","@id":"http:\/\/www.plaisirdesthete.com\/en\/produit\/relief-gandharien\/","url":"http:\/\/www.plaisirdesthete.com\/en\/produit\/relief-gandharien\/","name":"Relief gandharien - Plaisir d&#039;Esthete","isPartOf":{"@id":"http:\/\/www.plaisirdesthete.com\/en\/#website"},"primaryImageOfPage":{"@id":"http:\/\/www.plaisirdesthete.com\/en\/produit\/relief-gandharien\/#primaryimage"},"image":{"@id":"http:\/\/www.plaisirdesthete.com\/en\/produit\/relief-gandharien\/#primaryimage"},"thumbnailUrl":"http:\/\/www.plaisirdesthete.com\/wp-content\/uploads\/2019\/11\/P591-HD-A.jpg","datePublished":"2019-11-25T13:50:07+00:00","dateModified":"2021-06-28T17:41:12+00:00","breadcrumb":{"@id":"http:\/\/www.plaisirdesthete.com\/en\/produit\/relief-gandharien\/#breadcrumb"},"inLanguage":"en-US","potentialAction":[{"@type":"ReadAction","target":["http:\/\/www.plaisirdesthete.com\/en\/produit\/relief-gandharien\/"]}]},{"@type":"ImageObject","inLanguage":"en-US","@id":"http:\/\/www.plaisirdesthete.com\/en\/produit\/relief-gandharien\/#primaryimage","url":"http:\/\/www.plaisirdesthete.com\/wp-content\/uploads\/2019\/11\/P591-HD-A.jpg","contentUrl":"http:\/\/www.plaisirdesthete.com\/wp-content\/uploads\/2019\/11\/P591-HD-A.jpg","width":3596,"height":4904},{"@type":"BreadcrumbList","@id":"http:\/\/www.plaisirdesthete.com\/en\/produit\/relief-gandharien\/#breadcrumb","itemListElement":[{"@type":"ListItem","position":1,"name":"Accueil","item":"http:\/\/www.plaisirdesthete.com\/en\/"},{"@type":"ListItem","position":2,"name":"Boutique","item":"http:\/\/www.plaisirdesthete.com\/boutique\/"},{"@type":"ListItem","position":3,"name":"Relief gandharien"}]},{"@type":"WebSite","@id":"http:\/\/www.plaisirdesthete.com\/en\/#website","url":"http:\/\/www.plaisirdesthete.com\/en\/","name":"Plaisir d'Esthete","description":"Arts d&#039;Asie","publisher":{"@id":"http:\/\/www.plaisirdesthete.com\/en\/#organization"},"potentialAction":[{"@type":"SearchAction","target":{"@type":"EntryPoint","urlTemplate":"http:\/\/www.plaisirdesthete.com\/en\/?s={search_term_string}"},"query-input":{"@type":"PropertyValueSpecification","valueRequired":true,"valueName":"search_term_string"}}],"inLanguage":"en-US"},{"@type":"Organization","@id":"http:\/\/www.plaisirdesthete.com\/en\/#organization","name":"Plaisir d'Esth\u00e8te","url":"http:\/\/www.plaisirdesthete.com\/en\/","logo":{"@type":"ImageObject","inLanguage":"en-US","@id":"http:\/\/www.plaisirdesthete.com\/en\/#\/schema\/logo\/image\/","url":"http:\/\/www.plaisirdesthete.com\/wp-content\/uploads\/2021\/03\/Galerie-Christophe-Hioco-2.png","contentUrl":"http:\/\/www.plaisirdesthete.com\/wp-content\/uploads\/2021\/03\/Galerie-Christophe-Hioco-2.png","width":500,"height":500,"caption":"Plaisir d'Esth\u00e8te"},"image":{"@id":"http:\/\/www.plaisirdesthete.com\/en\/#\/schema\/logo\/image\/"},"sameAs":["https:\/\/www.facebook.com\/GalerieHioco","https:\/\/www.instagram.com\/galerie_hioco_asian_art\/?hl=fr","https:\/\/www.youtube.com\/channel\/UC3spYuTpzJ0jcAZamaodaHQ"]}]}},"jetpack_publicize_connections":[],"jetpack_sharing_enabled":true,"jetpack_likes_enabled":true,"_links":{"self":[{"href":"http:\/\/www.plaisirdesthete.com\/en\/wp-json\/wp\/v2\/product\/3919","targetHints":{"allow":["GET"]}}],"collection":[{"href":"http:\/\/www.plaisirdesthete.com\/en\/wp-json\/wp\/v2\/product"}],"about":[{"href":"http:\/\/www.plaisirdesthete.com\/en\/wp-json\/wp\/v2\/types\/product"}],"wp:featuredmedia":[{"embeddable":true,"href":"http:\/\/www.plaisirdesthete.com\/en\/wp-json\/wp\/v2\/media\/3920"}],"wp:attachment":[{"href":"http:\/\/www.plaisirdesthete.com\/en\/wp-json\/wp\/v2\/media?parent=3919"}],"wp:term":[{"taxonomy":"product_brand","embeddable":true,"href":"http:\/\/www.plaisirdesthete.com\/en\/wp-json\/wp\/v2\/product_brand?post=3919"},{"taxonomy":"product_cat","embeddable":true,"href":"http:\/\/www.plaisirdesthete.com\/en\/wp-json\/wp\/v2\/product_cat?post=3919"},{"taxonomy":"product_tag","embeddable":true,"href":"http:\/\/www.plaisirdesthete.com\/en\/wp-json\/wp\/v2\/product_tag?post=3919"}],"curies":[{"name":"wp","href":"https:\/\/api.w.org\/{rel}","templated":true}]}}