{"id":11460,"date":"2021-10-06T09:27:18","date_gmt":"2021-10-06T09:27:18","guid":{"rendered":"http:\/\/www.plaisirdesthete.com\/produit\/hampi-sacred-india-glorious-india\/"},"modified":"2022-12-07T16:44:44","modified_gmt":"2022-12-07T16:44:44","slug":"hampi-sacred-india-glorious-india","status":"publish","type":"product","link":"http:\/\/www.plaisirdesthete.com\/en\/produit\/hampi-sacred-india-glorious-india\/","title":{"rendered":"Hampi: sacred India glorious India"},"content":{"rendered":"<p><strong>A sacred site<\/strong><\/p>\n<p>Dating back to the 14th century, Hampi is a place of devotion where the cults of \u015aiv\u0101 and Vi\u1e63\u1e47u were practised and at the same time a fortified city, the centre of royal power, both a place of pilgrimage and the capital of the Vijayanagara Empire. History marks this ambivalence in the name of the site. As a whole, it has always been called Hampi. In the 14th-15th-16th centuries, the kings added a larger city to the already large site and named it Vijayanagara, &#8220;City of Victory&#8221;.<\/p>\n<p>Hampi is a remarkable and admirable site. The geological environment imbues the space with a magical atmosphere and its majestic monuments carry a wealth of iconography.<\/p>\n<p>The book <em>Hampi <\/em>is available at the gallery. The price is 80 EUR, excluding shipping. If you wish to order this book, please send an e-mail to the following address: info@galeriehioco.com.<\/p>\n<p><strong>The author<\/strong><\/p>\n<p>Our book is written by an eminent specialist on Indian art, Pierre-Sylvain Filliozat. During his missions to India, in Pondicherry from 1955 to 1992, and in Mysore since 1993, he and his wife Vasundhara have researched and studied Hampi. Mr Filliozat&#8217;s achievements were particularly recognised in 2000, when he was elected member of the Acad\u00e9mie des Inscriptions et Belles-lettres (Institut de France, Paris).<\/p>\n<p>Pierre-Sylvain Filliozat obtained a degree in Hindi from the Institut National des Langues et Civilisations Orientales in 1959, and in 1962 a degree from the \u00c9cole Pratique des Hautes \u00c9tudes with a thesis on &#8220;Le Prat\u00e2parudr\u00eeya de Vidy\u00e2n\u00e2tha&#8221; under the direction of Louis Renou. He was a member of the \u00c9cole fran\u00e7aise d&#8217;Extr\u00eame-Orient from 1963 to 1967. Thereafter, from 1967 to the present, he has been director of Sanskrit studies at the \u00c9cole Pratique des Hautes \u00c9tudes. Since 1998, he has also been an associate member of the Centre d&#8217;Histoire des Sciences et des Philosophies Arabes et M\u00e9di\u00e9vales. On 25 March 2015 in New Delhi, the President of India, Shri Pranab Mukherje, presented him with the award called Letter of recognition for skill in Sanskrit letters and scholarship in science, in recognition of his work on Sanskrit language and literature.<\/p>\n<p><strong>The photographs<\/strong><\/p>\n<p>All the photographs in the book Hampi were taken by Bernard Grismayer and Roshane Saidnattar.<\/p>\n","protected":false},"excerpt":{"rendered":"<p><em>Texts by Pierre-Sylvain Filliozat and Vasundhara Kavali Filliozat<\/em><br \/>\n<em>Photographs by Bernard Grismayer and Roshane Saidnattar<\/em><br \/>\n<em>Edited by Christophe Hioco and Luca Poggi<\/em><br \/>\n<em>Milan, 5 continents, 2021<\/em><\/p>\n<p>Here you can see, the first review about our book, written by Vikhar Ahmed Sayeed for the Indian magazine Frontline.<\/p>\n<p><a href=\"http:\/\/www.plaisirdesthete.com\/wp-content\/uploads\/2021\/10\/Abode-of-the-Gods_FL_28022022.pdf\">PDF version<\/a><\/p>\n<p><a href=\"https:\/\/frontline.thehindu.com\/books\/book-review-hampi-by-pierre-sylvain-filliozat-and-vasundhara-kavali-filliozat-is-more-than-a-coffee-table-book-on-the-vijayanagar-empire\/article38185980.ece?homepage=true\">Online version<\/a><\/p>\n<p>&nbsp;<\/p>\n<p>&nbsp;<\/p>\n<p>&nbsp;<\/p>\n","protected":false},"featured_media":11458,"template":"","meta":{"jetpack_publicize_message":"","jetpack_publicize_feature_enabled":true,"jetpack_social_post_already_shared":true,"jetpack_social_options":{"image_generator_settings":{"template":"highway","default_image_id":0,"enabled":false},"version":2}},"product_brand":[],"product_cat":[492],"product_tag":[],"class_list":{"0":"post-11460","1":"product","2":"type-product","3":"status-publish","4":"has-post-thumbnail","6":"product_cat-books-of-the-gallery","8":"first","9":"instock","10":"shipping-taxable","11":"purchasable","12":"product-type-simple"},"yoast_head":"<!-- This site is optimized with the Yoast SEO plugin v27.5 - https:\/\/yoast.com\/product\/yoast-seo-wordpress\/ -->\n<title>Hampi: sacred India glorious India - Plaisir d&#039;Esthete<\/title>\n<meta name=\"robots\" content=\"index, follow, max-snippet:-1, max-image-preview:large, max-video-preview:-1\" \/>\n<link rel=\"canonical\" href=\"http:\/\/www.plaisirdesthete.com\/en\/produit\/hampi-sacred-india-glorious-india\/\" \/>\n<meta property=\"og:locale\" content=\"en_US\" \/>\n<meta property=\"og:type\" content=\"article\" \/>\n<meta property=\"og:title\" content=\"Hampi: sacred India glorious India - Plaisir d&#039;Esthete\" \/>\n<meta property=\"og:description\" content=\"Texts by Pierre-Sylvain Filliozat and Vasundhara Kavali Filliozat Photographs by Bernard Grismayer and Roshane Saidnattar Edited by Christophe Hioco and Luca Poggi Milan, 5 continents, 2021  Here you can see, the first review about our book, written by Vikhar Ahmed Sayeed for the Indian magazine Frontline.  PDF version  Online version  &nbsp;  &nbsp;  &nbsp;\" \/>\n<meta property=\"og:url\" content=\"http:\/\/www.plaisirdesthete.com\/en\/produit\/hampi-sacred-india-glorious-india\/\" \/>\n<meta property=\"og:site_name\" content=\"Plaisir d&#039;Esthete\" \/>\n<meta property=\"article:publisher\" content=\"https:\/\/www.facebook.com\/GalerieHioco\" \/>\n<meta property=\"article:modified_time\" content=\"2022-12-07T16:44:44+00:00\" \/>\n<meta property=\"og:image\" content=\"http:\/\/www.plaisirdesthete.com\/wp-content\/uploads\/2021\/10\/COUVERTURE-Der-BD-scaled.jpg\" \/>\n\t<meta property=\"og:image:width\" content=\"1864\" \/>\n\t<meta property=\"og:image:height\" content=\"2560\" \/>\n\t<meta property=\"og:image:type\" content=\"image\/jpeg\" \/>\n<meta name=\"twitter:card\" content=\"summary_large_image\" \/>\n<meta name=\"twitter:label1\" content=\"Est. reading time\" \/>\n\t<meta name=\"twitter:data1\" content=\"2 minutes\" \/>\n<script type=\"application\/ld+json\" class=\"yoast-schema-graph\">{\"@context\":\"https:\\\/\\\/schema.org\",\"@graph\":[{\"@type\":\"WebPage\",\"@id\":\"http:\\\/\\\/www.plaisirdesthete.com\\\/en\\\/produit\\\/hampi-sacred-india-glorious-india\\\/\",\"url\":\"http:\\\/\\\/www.plaisirdesthete.com\\\/en\\\/produit\\\/hampi-sacred-india-glorious-india\\\/\",\"name\":\"Hampi: sacred India glorious India - Plaisir d&#039;Esthete\",\"isPartOf\":{\"@id\":\"http:\\\/\\\/www.plaisirdesthete.com\\\/en\\\/#website\"},\"primaryImageOfPage\":{\"@id\":\"http:\\\/\\\/www.plaisirdesthete.com\\\/en\\\/produit\\\/hampi-sacred-india-glorious-india\\\/#primaryimage\"},\"image\":{\"@id\":\"http:\\\/\\\/www.plaisirdesthete.com\\\/en\\\/produit\\\/hampi-sacred-india-glorious-india\\\/#primaryimage\"},\"thumbnailUrl\":\"http:\\\/\\\/www.plaisirdesthete.com\\\/wp-content\\\/uploads\\\/2021\\\/10\\\/COUVERTURE-Der-BD-scaled.jpg\",\"datePublished\":\"2021-10-06T09:27:18+00:00\",\"dateModified\":\"2022-12-07T16:44:44+00:00\",\"breadcrumb\":{\"@id\":\"http:\\\/\\\/www.plaisirdesthete.com\\\/en\\\/produit\\\/hampi-sacred-india-glorious-india\\\/#breadcrumb\"},\"inLanguage\":\"en-US\",\"potentialAction\":[{\"@type\":\"ReadAction\",\"target\":[\"http:\\\/\\\/www.plaisirdesthete.com\\\/en\\\/produit\\\/hampi-sacred-india-glorious-india\\\/\"]}]},{\"@type\":\"ImageObject\",\"inLanguage\":\"en-US\",\"@id\":\"http:\\\/\\\/www.plaisirdesthete.com\\\/en\\\/produit\\\/hampi-sacred-india-glorious-india\\\/#primaryimage\",\"url\":\"http:\\\/\\\/www.plaisirdesthete.com\\\/wp-content\\\/uploads\\\/2021\\\/10\\\/COUVERTURE-Der-BD-scaled.jpg\",\"contentUrl\":\"http:\\\/\\\/www.plaisirdesthete.com\\\/wp-content\\\/uploads\\\/2021\\\/10\\\/COUVERTURE-Der-BD-scaled.jpg\",\"width\":1864,\"height\":2560},{\"@type\":\"BreadcrumbList\",\"@id\":\"http:\\\/\\\/www.plaisirdesthete.com\\\/en\\\/produit\\\/hampi-sacred-india-glorious-india\\\/#breadcrumb\",\"itemListElement\":[{\"@type\":\"ListItem\",\"position\":1,\"name\":\"Accueil\",\"item\":\"http:\\\/\\\/www.plaisirdesthete.com\\\/en\\\/\"},{\"@type\":\"ListItem\",\"position\":2,\"name\":\"Boutique\",\"item\":\"http:\\\/\\\/www.plaisirdesthete.com\\\/boutique\\\/\"},{\"@type\":\"ListItem\",\"position\":3,\"name\":\"Hampi: sacred India glorious India\"}]},{\"@type\":\"WebSite\",\"@id\":\"http:\\\/\\\/www.plaisirdesthete.com\\\/en\\\/#website\",\"url\":\"http:\\\/\\\/www.plaisirdesthete.com\\\/en\\\/\",\"name\":\"Plaisir d'Esthete\",\"description\":\"Arts d&#039;Asie\",\"publisher\":{\"@id\":\"http:\\\/\\\/www.plaisirdesthete.com\\\/en\\\/#organization\"},\"potentialAction\":[{\"@type\":\"SearchAction\",\"target\":{\"@type\":\"EntryPoint\",\"urlTemplate\":\"http:\\\/\\\/www.plaisirdesthete.com\\\/en\\\/?s={search_term_string}\"},\"query-input\":{\"@type\":\"PropertyValueSpecification\",\"valueRequired\":true,\"valueName\":\"search_term_string\"}}],\"inLanguage\":\"en-US\"},{\"@type\":\"Organization\",\"@id\":\"http:\\\/\\\/www.plaisirdesthete.com\\\/en\\\/#organization\",\"name\":\"Plaisir d'Esth\u00e8te\",\"url\":\"http:\\\/\\\/www.plaisirdesthete.com\\\/en\\\/\",\"logo\":{\"@type\":\"ImageObject\",\"inLanguage\":\"en-US\",\"@id\":\"http:\\\/\\\/www.plaisirdesthete.com\\\/en\\\/#\\\/schema\\\/logo\\\/image\\\/\",\"url\":\"http:\\\/\\\/www.plaisirdesthete.com\\\/wp-content\\\/uploads\\\/2021\\\/03\\\/Galerie-Christophe-Hioco-2.png\",\"contentUrl\":\"http:\\\/\\\/www.plaisirdesthete.com\\\/wp-content\\\/uploads\\\/2021\\\/03\\\/Galerie-Christophe-Hioco-2.png\",\"width\":500,\"height\":500,\"caption\":\"Plaisir d'Esth\u00e8te\"},\"image\":{\"@id\":\"http:\\\/\\\/www.plaisirdesthete.com\\\/en\\\/#\\\/schema\\\/logo\\\/image\\\/\"},\"sameAs\":[\"https:\\\/\\\/www.facebook.com\\\/GalerieHioco\",\"https:\\\/\\\/www.instagram.com\\\/galerie_hioco_asian_art\\\/?hl=fr\",\"https:\\\/\\\/www.youtube.com\\\/channel\\\/UC3spYuTpzJ0jcAZamaodaHQ\"]}]}<\/script>\n<!-- \/ Yoast SEO plugin. -->","yoast_head_json":{"title":"Hampi: sacred India glorious India - Plaisir d&#039;Esthete","robots":{"index":"index","follow":"follow","max-snippet":"max-snippet:-1","max-image-preview":"max-image-preview:large","max-video-preview":"max-video-preview:-1"},"canonical":"http:\/\/www.plaisirdesthete.com\/en\/produit\/hampi-sacred-india-glorious-india\/","og_locale":"en_US","og_type":"article","og_title":"Hampi: sacred India glorious India - Plaisir d&#039;Esthete","og_description":"Texts by Pierre-Sylvain Filliozat and Vasundhara Kavali Filliozat Photographs by Bernard Grismayer and Roshane Saidnattar Edited by Christophe Hioco and Luca Poggi Milan, 5 continents, 2021  Here you can see, the first review about our book, written by Vikhar Ahmed Sayeed for the Indian magazine Frontline.  PDF version  Online version  &nbsp;  &nbsp;  &nbsp;","og_url":"http:\/\/www.plaisirdesthete.com\/en\/produit\/hampi-sacred-india-glorious-india\/","og_site_name":"Plaisir d&#039;Esthete","article_publisher":"https:\/\/www.facebook.com\/GalerieHioco","article_modified_time":"2022-12-07T16:44:44+00:00","og_image":[{"width":1864,"height":2560,"url":"http:\/\/www.plaisirdesthete.com\/wp-content\/uploads\/2021\/10\/COUVERTURE-Der-BD-scaled.jpg","type":"image\/jpeg"}],"twitter_card":"summary_large_image","twitter_misc":{"Est. reading time":"2 minutes"},"schema":{"@context":"https:\/\/schema.org","@graph":[{"@type":"WebPage","@id":"http:\/\/www.plaisirdesthete.com\/en\/produit\/hampi-sacred-india-glorious-india\/","url":"http:\/\/www.plaisirdesthete.com\/en\/produit\/hampi-sacred-india-glorious-india\/","name":"Hampi: sacred India glorious India - Plaisir d&#039;Esthete","isPartOf":{"@id":"http:\/\/www.plaisirdesthete.com\/en\/#website"},"primaryImageOfPage":{"@id":"http:\/\/www.plaisirdesthete.com\/en\/produit\/hampi-sacred-india-glorious-india\/#primaryimage"},"image":{"@id":"http:\/\/www.plaisirdesthete.com\/en\/produit\/hampi-sacred-india-glorious-india\/#primaryimage"},"thumbnailUrl":"http:\/\/www.plaisirdesthete.com\/wp-content\/uploads\/2021\/10\/COUVERTURE-Der-BD-scaled.jpg","datePublished":"2021-10-06T09:27:18+00:00","dateModified":"2022-12-07T16:44:44+00:00","breadcrumb":{"@id":"http:\/\/www.plaisirdesthete.com\/en\/produit\/hampi-sacred-india-glorious-india\/#breadcrumb"},"inLanguage":"en-US","potentialAction":[{"@type":"ReadAction","target":["http:\/\/www.plaisirdesthete.com\/en\/produit\/hampi-sacred-india-glorious-india\/"]}]},{"@type":"ImageObject","inLanguage":"en-US","@id":"http:\/\/www.plaisirdesthete.com\/en\/produit\/hampi-sacred-india-glorious-india\/#primaryimage","url":"http:\/\/www.plaisirdesthete.com\/wp-content\/uploads\/2021\/10\/COUVERTURE-Der-BD-scaled.jpg","contentUrl":"http:\/\/www.plaisirdesthete.com\/wp-content\/uploads\/2021\/10\/COUVERTURE-Der-BD-scaled.jpg","width":1864,"height":2560},{"@type":"BreadcrumbList","@id":"http:\/\/www.plaisirdesthete.com\/en\/produit\/hampi-sacred-india-glorious-india\/#breadcrumb","itemListElement":[{"@type":"ListItem","position":1,"name":"Accueil","item":"http:\/\/www.plaisirdesthete.com\/en\/"},{"@type":"ListItem","position":2,"name":"Boutique","item":"http:\/\/www.plaisirdesthete.com\/boutique\/"},{"@type":"ListItem","position":3,"name":"Hampi: sacred India glorious India"}]},{"@type":"WebSite","@id":"http:\/\/www.plaisirdesthete.com\/en\/#website","url":"http:\/\/www.plaisirdesthete.com\/en\/","name":"Plaisir d'Esthete","description":"Arts d&#039;Asie","publisher":{"@id":"http:\/\/www.plaisirdesthete.com\/en\/#organization"},"potentialAction":[{"@type":"SearchAction","target":{"@type":"EntryPoint","urlTemplate":"http:\/\/www.plaisirdesthete.com\/en\/?s={search_term_string}"},"query-input":{"@type":"PropertyValueSpecification","valueRequired":true,"valueName":"search_term_string"}}],"inLanguage":"en-US"},{"@type":"Organization","@id":"http:\/\/www.plaisirdesthete.com\/en\/#organization","name":"Plaisir d'Esth\u00e8te","url":"http:\/\/www.plaisirdesthete.com\/en\/","logo":{"@type":"ImageObject","inLanguage":"en-US","@id":"http:\/\/www.plaisirdesthete.com\/en\/#\/schema\/logo\/image\/","url":"http:\/\/www.plaisirdesthete.com\/wp-content\/uploads\/2021\/03\/Galerie-Christophe-Hioco-2.png","contentUrl":"http:\/\/www.plaisirdesthete.com\/wp-content\/uploads\/2021\/03\/Galerie-Christophe-Hioco-2.png","width":500,"height":500,"caption":"Plaisir d'Esth\u00e8te"},"image":{"@id":"http:\/\/www.plaisirdesthete.com\/en\/#\/schema\/logo\/image\/"},"sameAs":["https:\/\/www.facebook.com\/GalerieHioco","https:\/\/www.instagram.com\/galerie_hioco_asian_art\/?hl=fr","https:\/\/www.youtube.com\/channel\/UC3spYuTpzJ0jcAZamaodaHQ"]}]}},"jetpack_publicize_connections":[],"jetpack_sharing_enabled":true,"jetpack_likes_enabled":true,"_links":{"self":[{"href":"http:\/\/www.plaisirdesthete.com\/en\/wp-json\/wp\/v2\/product\/11460","targetHints":{"allow":["GET"]}}],"collection":[{"href":"http:\/\/www.plaisirdesthete.com\/en\/wp-json\/wp\/v2\/product"}],"about":[{"href":"http:\/\/www.plaisirdesthete.com\/en\/wp-json\/wp\/v2\/types\/product"}],"wp:featuredmedia":[{"embeddable":true,"href":"http:\/\/www.plaisirdesthete.com\/en\/wp-json\/wp\/v2\/media\/11458"}],"wp:attachment":[{"href":"http:\/\/www.plaisirdesthete.com\/en\/wp-json\/wp\/v2\/media?parent=11460"}],"wp:term":[{"taxonomy":"product_brand","embeddable":true,"href":"http:\/\/www.plaisirdesthete.com\/en\/wp-json\/wp\/v2\/product_brand?post=11460"},{"taxonomy":"product_cat","embeddable":true,"href":"http:\/\/www.plaisirdesthete.com\/en\/wp-json\/wp\/v2\/product_cat?post=11460"},{"taxonomy":"product_tag","embeddable":true,"href":"http:\/\/www.plaisirdesthete.com\/en\/wp-json\/wp\/v2\/product_tag?post=11460"}],"curies":[{"name":"wp","href":"https:\/\/api.w.org\/{rel}","templated":true}]}}