{"id":10833,"date":"2020-06-03T13:23:15","date_gmt":"2020-06-03T13:23:15","guid":{"rendered":"http:\/\/www.plaisirdesthete.com\/produit\/ellora\/"},"modified":"2022-12-07T16:44:06","modified_gmt":"2022-12-07T16:44:06","slug":"ellora-buddhist-hindu-and-jain-sanctuaries","status":"publish","type":"product","link":"http:\/\/www.plaisirdesthete.com\/en\/produit\/ellora-buddhist-hindu-and-jain-sanctuaries\/","title":{"rendered":"Ellora: Buddhist, Hindu, and Jain sanctuaries"},"content":{"rendered":"<p><strong>Ellora<\/strong>, located in central western India, is a unique site for several reasons:<\/p>\n<ul>\n<li>There are 34 sanctuaries, extending over more than 2 km, all dug in the rock between the 5th and 10th centuries.<\/li>\n<li>This is the only cave complex to bring together in one place the country\u2019s three main religions: Buddhism, Hinduism and Jainism.<\/li>\n<\/ul>\n<p><span id=\"result_box\" class=\"\" lang=\"en\"><span class=\"\">The price of this book is\u00a0<strong>70 EUR postage excluded<\/strong>.<\/span><em><br \/>\n<\/em><span class=\"\">If you wish, a<\/span><span class=\"\">\u00a0dedication by the author Gilles B\u00e9guin will appear in your copy.<\/span>\u00a0Please, indicate us the name of the beneficiary of this dedication. For this, send us a reservation email to the following address: info@galeriehioco.com<\/span><\/p>\n<p><strong>\u2022 Gilles B\u00e9guin<\/strong>, Conservateur G\u00e9n\u00e9ral Honoraire du Patrimoine, was head of the Nepalese and Tibetan Buddhism collections at the Mus\u00e9e national des Arts asiatiques-Guimet from 1971 to 1994. He was then appointed director of the Mus\u00e9e Cernuschi, Mus\u00e9e des Arts de l\u2019Asie de la Ville de Paris. He has organized numerous exhibitions and supervised the complete renovation of the Mus\u00e9e Cernuschi from 2001 to 2005. He is the author of several scientific articles, teaching aids, exhibition catalogues and art books, including: <em>Les Cimes de l\u2019Eveil : monast\u00e8res bouddhiques du Ladakh<\/em>, 1990; <em>Polonnaruva : renaissance \u00e0 Ceylan<\/em>, 1991; <em>Mus\u00e9e national des Arts asiatiques-Guimet. Les peintures du bouddhisme tib\u00e9tain<\/em> (catalogue raisonn\u00e9), 1995; <em>Nepal, Vision d\u2019un art sacr\u00e9<\/em>, 1996; <em>L\u2019Art bouddhique<\/em>, 2009.<\/p>\n<p><strong>\u2022 Iago Corazza<\/strong>\u00a0is a journalist and filmmaker but his main profession is photography. He has provided numerous photographic features for National Geographic, White Star and Oasis, as well as for various geographic and scientific publications. As a film director and director of photography, he has worked on a number of television programmes and documentaries for leading Italian and international broadcasters. Corazza is a UNICEF testimonial and collaborator, and when not on location, he teaches photography.<\/p>\n","protected":false},"excerpt":{"rendered":"<p><em>Texts by Gilles B\u00e9guin<br \/>\nPhotographs by Iago Corazza<br \/>\nEdited by Christophe Hioco and Luca Poggi<br \/>\nMilan, 5 continents, 2020<\/em><\/p>\n","protected":false},"featured_media":8109,"template":"","meta":{"jetpack_publicize_message":"","jetpack_publicize_feature_enabled":true,"jetpack_social_post_already_shared":true,"jetpack_social_options":{"image_generator_settings":{"template":"highway","default_image_id":0,"enabled":false},"version":2}},"product_brand":[],"product_cat":[492],"product_tag":[496],"class_list":{"0":"post-10833","1":"product","2":"type-product","3":"status-publish","4":"has-post-thumbnail","6":"product_cat-books-of-the-gallery","7":"product_tag-ellora-en","9":"first","10":"instock","11":"shipping-taxable","12":"purchasable","13":"product-type-simple"},"yoast_head":"<!-- This site is optimized with the Yoast SEO plugin v27.4 - https:\/\/yoast.com\/product\/yoast-seo-wordpress\/ -->\n<title>Ellora: Buddhist, Hindu, and Jain sanctuaries - Plaisir d&#039;Esthete<\/title>\n<meta name=\"robots\" content=\"index, follow, max-snippet:-1, max-image-preview:large, max-video-preview:-1\" \/>\n<link rel=\"canonical\" href=\"http:\/\/www.plaisirdesthete.com\/en\/produit\/ellora-buddhist-hindu-and-jain-sanctuaries\/\" \/>\n<meta property=\"og:locale\" content=\"en_US\" \/>\n<meta property=\"og:type\" content=\"article\" \/>\n<meta property=\"og:title\" content=\"Ellora: Buddhist, Hindu, and Jain sanctuaries - Plaisir d&#039;Esthete\" \/>\n<meta property=\"og:description\" content=\"Texts by Gilles B\u00e9guin Photographs by Iago Corazza Edited by Christophe Hioco and Luca Poggi Milan, 5 continents, 2020\" \/>\n<meta property=\"og:url\" content=\"http:\/\/www.plaisirdesthete.com\/en\/produit\/ellora-buddhist-hindu-and-jain-sanctuaries\/\" \/>\n<meta property=\"og:site_name\" content=\"Plaisir d&#039;Esthete\" \/>\n<meta property=\"article:publisher\" content=\"https:\/\/www.facebook.com\/GalerieHioco\" \/>\n<meta property=\"article:modified_time\" content=\"2022-12-07T16:44:06+00:00\" \/>\n<meta property=\"og:image\" content=\"http:\/\/www.plaisirdesthete.com\/wp-content\/uploads\/2020\/06\/cover-FR.jpg\" \/>\n\t<meta property=\"og:image:width\" content=\"1900\" \/>\n\t<meta property=\"og:image:height\" content=\"2560\" \/>\n\t<meta property=\"og:image:type\" content=\"image\/jpeg\" \/>\n<meta name=\"twitter:card\" content=\"summary_large_image\" \/>\n<meta name=\"twitter:label1\" content=\"Est. reading time\" \/>\n\t<meta name=\"twitter:data1\" content=\"2 minutes\" \/>\n<script type=\"application\/ld+json\" class=\"yoast-schema-graph\">{\"@context\":\"https:\\\/\\\/schema.org\",\"@graph\":[{\"@type\":\"WebPage\",\"@id\":\"http:\\\/\\\/www.plaisirdesthete.com\\\/en\\\/produit\\\/ellora-buddhist-hindu-and-jain-sanctuaries\\\/\",\"url\":\"http:\\\/\\\/www.plaisirdesthete.com\\\/en\\\/produit\\\/ellora-buddhist-hindu-and-jain-sanctuaries\\\/\",\"name\":\"Ellora: Buddhist, Hindu, and Jain sanctuaries - Plaisir d&#039;Esthete\",\"isPartOf\":{\"@id\":\"http:\\\/\\\/www.plaisirdesthete.com\\\/en\\\/#website\"},\"primaryImageOfPage\":{\"@id\":\"http:\\\/\\\/www.plaisirdesthete.com\\\/en\\\/produit\\\/ellora-buddhist-hindu-and-jain-sanctuaries\\\/#primaryimage\"},\"image\":{\"@id\":\"http:\\\/\\\/www.plaisirdesthete.com\\\/en\\\/produit\\\/ellora-buddhist-hindu-and-jain-sanctuaries\\\/#primaryimage\"},\"thumbnailUrl\":\"http:\\\/\\\/www.plaisirdesthete.com\\\/wp-content\\\/uploads\\\/2020\\\/06\\\/cover-FR.jpg\",\"datePublished\":\"2020-06-03T13:23:15+00:00\",\"dateModified\":\"2022-12-07T16:44:06+00:00\",\"breadcrumb\":{\"@id\":\"http:\\\/\\\/www.plaisirdesthete.com\\\/en\\\/produit\\\/ellora-buddhist-hindu-and-jain-sanctuaries\\\/#breadcrumb\"},\"inLanguage\":\"en-US\",\"potentialAction\":[{\"@type\":\"ReadAction\",\"target\":[\"http:\\\/\\\/www.plaisirdesthete.com\\\/en\\\/produit\\\/ellora-buddhist-hindu-and-jain-sanctuaries\\\/\"]}]},{\"@type\":\"ImageObject\",\"inLanguage\":\"en-US\",\"@id\":\"http:\\\/\\\/www.plaisirdesthete.com\\\/en\\\/produit\\\/ellora-buddhist-hindu-and-jain-sanctuaries\\\/#primaryimage\",\"url\":\"http:\\\/\\\/www.plaisirdesthete.com\\\/wp-content\\\/uploads\\\/2020\\\/06\\\/cover-FR.jpg\",\"contentUrl\":\"http:\\\/\\\/www.plaisirdesthete.com\\\/wp-content\\\/uploads\\\/2020\\\/06\\\/cover-FR.jpg\",\"width\":1900,\"height\":2560},{\"@type\":\"BreadcrumbList\",\"@id\":\"http:\\\/\\\/www.plaisirdesthete.com\\\/en\\\/produit\\\/ellora-buddhist-hindu-and-jain-sanctuaries\\\/#breadcrumb\",\"itemListElement\":[{\"@type\":\"ListItem\",\"position\":1,\"name\":\"Accueil\",\"item\":\"http:\\\/\\\/www.plaisirdesthete.com\\\/en\\\/\"},{\"@type\":\"ListItem\",\"position\":2,\"name\":\"Boutique\",\"item\":\"http:\\\/\\\/www.plaisirdesthete.com\\\/boutique\\\/\"},{\"@type\":\"ListItem\",\"position\":3,\"name\":\"Ellora: Buddhist, Hindu, and Jain sanctuaries\"}]},{\"@type\":\"WebSite\",\"@id\":\"http:\\\/\\\/www.plaisirdesthete.com\\\/en\\\/#website\",\"url\":\"http:\\\/\\\/www.plaisirdesthete.com\\\/en\\\/\",\"name\":\"Plaisir d'Esthete\",\"description\":\"Arts d&#039;Asie\",\"publisher\":{\"@id\":\"http:\\\/\\\/www.plaisirdesthete.com\\\/en\\\/#organization\"},\"potentialAction\":[{\"@type\":\"SearchAction\",\"target\":{\"@type\":\"EntryPoint\",\"urlTemplate\":\"http:\\\/\\\/www.plaisirdesthete.com\\\/en\\\/?s={search_term_string}\"},\"query-input\":{\"@type\":\"PropertyValueSpecification\",\"valueRequired\":true,\"valueName\":\"search_term_string\"}}],\"inLanguage\":\"en-US\"},{\"@type\":\"Organization\",\"@id\":\"http:\\\/\\\/www.plaisirdesthete.com\\\/en\\\/#organization\",\"name\":\"Plaisir d'Esth\u00e8te\",\"url\":\"http:\\\/\\\/www.plaisirdesthete.com\\\/en\\\/\",\"logo\":{\"@type\":\"ImageObject\",\"inLanguage\":\"en-US\",\"@id\":\"http:\\\/\\\/www.plaisirdesthete.com\\\/en\\\/#\\\/schema\\\/logo\\\/image\\\/\",\"url\":\"http:\\\/\\\/www.plaisirdesthete.com\\\/wp-content\\\/uploads\\\/2021\\\/03\\\/Galerie-Christophe-Hioco-2.png\",\"contentUrl\":\"http:\\\/\\\/www.plaisirdesthete.com\\\/wp-content\\\/uploads\\\/2021\\\/03\\\/Galerie-Christophe-Hioco-2.png\",\"width\":500,\"height\":500,\"caption\":\"Plaisir d'Esth\u00e8te\"},\"image\":{\"@id\":\"http:\\\/\\\/www.plaisirdesthete.com\\\/en\\\/#\\\/schema\\\/logo\\\/image\\\/\"},\"sameAs\":[\"https:\\\/\\\/www.facebook.com\\\/GalerieHioco\",\"https:\\\/\\\/www.instagram.com\\\/galerie_hioco_asian_art\\\/?hl=fr\",\"https:\\\/\\\/www.youtube.com\\\/channel\\\/UC3spYuTpzJ0jcAZamaodaHQ\"]}]}<\/script>\n<!-- \/ Yoast SEO plugin. -->","yoast_head_json":{"title":"Ellora: Buddhist, Hindu, and Jain sanctuaries - Plaisir d&#039;Esthete","robots":{"index":"index","follow":"follow","max-snippet":"max-snippet:-1","max-image-preview":"max-image-preview:large","max-video-preview":"max-video-preview:-1"},"canonical":"http:\/\/www.plaisirdesthete.com\/en\/produit\/ellora-buddhist-hindu-and-jain-sanctuaries\/","og_locale":"en_US","og_type":"article","og_title":"Ellora: Buddhist, Hindu, and Jain sanctuaries - Plaisir d&#039;Esthete","og_description":"Texts by Gilles B\u00e9guin Photographs by Iago Corazza Edited by Christophe Hioco and Luca Poggi Milan, 5 continents, 2020","og_url":"http:\/\/www.plaisirdesthete.com\/en\/produit\/ellora-buddhist-hindu-and-jain-sanctuaries\/","og_site_name":"Plaisir d&#039;Esthete","article_publisher":"https:\/\/www.facebook.com\/GalerieHioco","article_modified_time":"2022-12-07T16:44:06+00:00","og_image":[{"width":1900,"height":2560,"url":"http:\/\/www.plaisirdesthete.com\/wp-content\/uploads\/2020\/06\/cover-FR.jpg","type":"image\/jpeg"}],"twitter_card":"summary_large_image","twitter_misc":{"Est. reading time":"2 minutes"},"schema":{"@context":"https:\/\/schema.org","@graph":[{"@type":"WebPage","@id":"http:\/\/www.plaisirdesthete.com\/en\/produit\/ellora-buddhist-hindu-and-jain-sanctuaries\/","url":"http:\/\/www.plaisirdesthete.com\/en\/produit\/ellora-buddhist-hindu-and-jain-sanctuaries\/","name":"Ellora: Buddhist, Hindu, and Jain sanctuaries - Plaisir d&#039;Esthete","isPartOf":{"@id":"http:\/\/www.plaisirdesthete.com\/en\/#website"},"primaryImageOfPage":{"@id":"http:\/\/www.plaisirdesthete.com\/en\/produit\/ellora-buddhist-hindu-and-jain-sanctuaries\/#primaryimage"},"image":{"@id":"http:\/\/www.plaisirdesthete.com\/en\/produit\/ellora-buddhist-hindu-and-jain-sanctuaries\/#primaryimage"},"thumbnailUrl":"http:\/\/www.plaisirdesthete.com\/wp-content\/uploads\/2020\/06\/cover-FR.jpg","datePublished":"2020-06-03T13:23:15+00:00","dateModified":"2022-12-07T16:44:06+00:00","breadcrumb":{"@id":"http:\/\/www.plaisirdesthete.com\/en\/produit\/ellora-buddhist-hindu-and-jain-sanctuaries\/#breadcrumb"},"inLanguage":"en-US","potentialAction":[{"@type":"ReadAction","target":["http:\/\/www.plaisirdesthete.com\/en\/produit\/ellora-buddhist-hindu-and-jain-sanctuaries\/"]}]},{"@type":"ImageObject","inLanguage":"en-US","@id":"http:\/\/www.plaisirdesthete.com\/en\/produit\/ellora-buddhist-hindu-and-jain-sanctuaries\/#primaryimage","url":"http:\/\/www.plaisirdesthete.com\/wp-content\/uploads\/2020\/06\/cover-FR.jpg","contentUrl":"http:\/\/www.plaisirdesthete.com\/wp-content\/uploads\/2020\/06\/cover-FR.jpg","width":1900,"height":2560},{"@type":"BreadcrumbList","@id":"http:\/\/www.plaisirdesthete.com\/en\/produit\/ellora-buddhist-hindu-and-jain-sanctuaries\/#breadcrumb","itemListElement":[{"@type":"ListItem","position":1,"name":"Accueil","item":"http:\/\/www.plaisirdesthete.com\/en\/"},{"@type":"ListItem","position":2,"name":"Boutique","item":"http:\/\/www.plaisirdesthete.com\/boutique\/"},{"@type":"ListItem","position":3,"name":"Ellora: Buddhist, Hindu, and Jain sanctuaries"}]},{"@type":"WebSite","@id":"http:\/\/www.plaisirdesthete.com\/en\/#website","url":"http:\/\/www.plaisirdesthete.com\/en\/","name":"Plaisir d'Esthete","description":"Arts d&#039;Asie","publisher":{"@id":"http:\/\/www.plaisirdesthete.com\/en\/#organization"},"potentialAction":[{"@type":"SearchAction","target":{"@type":"EntryPoint","urlTemplate":"http:\/\/www.plaisirdesthete.com\/en\/?s={search_term_string}"},"query-input":{"@type":"PropertyValueSpecification","valueRequired":true,"valueName":"search_term_string"}}],"inLanguage":"en-US"},{"@type":"Organization","@id":"http:\/\/www.plaisirdesthete.com\/en\/#organization","name":"Plaisir d'Esth\u00e8te","url":"http:\/\/www.plaisirdesthete.com\/en\/","logo":{"@type":"ImageObject","inLanguage":"en-US","@id":"http:\/\/www.plaisirdesthete.com\/en\/#\/schema\/logo\/image\/","url":"http:\/\/www.plaisirdesthete.com\/wp-content\/uploads\/2021\/03\/Galerie-Christophe-Hioco-2.png","contentUrl":"http:\/\/www.plaisirdesthete.com\/wp-content\/uploads\/2021\/03\/Galerie-Christophe-Hioco-2.png","width":500,"height":500,"caption":"Plaisir d'Esth\u00e8te"},"image":{"@id":"http:\/\/www.plaisirdesthete.com\/en\/#\/schema\/logo\/image\/"},"sameAs":["https:\/\/www.facebook.com\/GalerieHioco","https:\/\/www.instagram.com\/galerie_hioco_asian_art\/?hl=fr","https:\/\/www.youtube.com\/channel\/UC3spYuTpzJ0jcAZamaodaHQ"]}]}},"jetpack_publicize_connections":[],"jetpack_sharing_enabled":true,"jetpack_likes_enabled":true,"_links":{"self":[{"href":"http:\/\/www.plaisirdesthete.com\/en\/wp-json\/wp\/v2\/product\/10833","targetHints":{"allow":["GET"]}}],"collection":[{"href":"http:\/\/www.plaisirdesthete.com\/en\/wp-json\/wp\/v2\/product"}],"about":[{"href":"http:\/\/www.plaisirdesthete.com\/en\/wp-json\/wp\/v2\/types\/product"}],"wp:featuredmedia":[{"embeddable":true,"href":"http:\/\/www.plaisirdesthete.com\/en\/wp-json\/wp\/v2\/media\/8109"}],"wp:attachment":[{"href":"http:\/\/www.plaisirdesthete.com\/en\/wp-json\/wp\/v2\/media?parent=10833"}],"wp:term":[{"taxonomy":"product_brand","embeddable":true,"href":"http:\/\/www.plaisirdesthete.com\/en\/wp-json\/wp\/v2\/product_brand?post=10833"},{"taxonomy":"product_cat","embeddable":true,"href":"http:\/\/www.plaisirdesthete.com\/en\/wp-json\/wp\/v2\/product_cat?post=10833"},{"taxonomy":"product_tag","embeddable":true,"href":"http:\/\/www.plaisirdesthete.com\/en\/wp-json\/wp\/v2\/product_tag?post=10833"}],"curies":[{"name":"wp","href":"https:\/\/api.w.org\/{rel}","templated":true}]}}