{"id":10828,"date":"2021-06-23T15:04:31","date_gmt":"2021-06-23T15:04:31","guid":{"rendered":"http:\/\/www.plaisirdesthete.com\/produit\/affiche-engagez-vous-rengagez-vous-dans-les-troupes-coloniales\/"},"modified":"2021-07-02T14:06:24","modified_gmt":"2021-07-02T14:06:24","slug":"affiche-engagez-vous-rengagez-vous-dans-les-troupes-coloniales","status":"publish","type":"product","link":"http:\/\/www.plaisirdesthete.com\/en\/produit\/affiche-engagez-vous-rengagez-vous-dans-les-troupes-coloniales\/","title":{"rendered":"Engagez-vous, rengagez-vous dans les troupes coloniales"},"content":{"rendered":"<p>This large size vintage poster is an original offset print. Adorned with shimmering colours, it was produced by L\u00e9on Fauret (1863-1955) around 1930s.<\/p>\n<p>The image shows soldiers on a background of an Asian Cambodian landscape. It is a recruitment poster for the French colonial army of the time. The framing gives some depth to the image, highlighting the three men in the army. The construction is very well thought out with a division of the image into two parts:<\/p>\n<p>&#8211; In the upper part the representation of an Asian landscape with a temple and a stupa in the background evoking a scene of everyday Cambodian life surmounted by the message of commitment in red and black on a yellow background. The latter colour refers to the sun and the Eldorado, and the green reminds us of the notion of exoticism and evokes luxuriance.<\/p>\n<p>&#8211; In the foreground and in the lower part are three French soldiers who stand out against the background. They are the only figures whose facial features are distinguishable and they each adopt a confident posture.<\/p>\n<p><strong>Inscriptions visible on the poster:<\/strong><\/p>\n<p>R\u00e9publique fran\u00e7aise &#8211; Minist\u00e8re de la Guerre<em><br \/>\n<\/em>\u00ab\u00a0Pour tous renseignements, adressez-vous aux corps de troupe, aux brigades de gendarmerie, aux bureaux de recrutement ou au Minist\u00e8re de la Guerre (Direction des troupes Coloniale) 231, Boulevard Saint Germain, Paris 7e\u00a0\u00bb<em><br \/>\n<\/em><i>Cette affiche ne doit \u00eatre ni recouverte ni d\u00e9truite.<\/i><\/p>\n<p>A similar print is held in the Mus\u00e9e de l&#8217;Arm\u00e9e in Paris.<\/p>\n<p><strong>Condition report:<\/strong><\/p>\n<p>This poster is in very good condition, it has notably kept all the vivacity of its colours.<br \/>\nThis is not a reproduction.<\/p>\n","protected":false},"excerpt":{"rendered":"<p><em>Offset mounted on linen canvas<br \/>\nSigned by L\u00e9on FAURET (1863 &#8211; 1955)<\/em><br \/>\n<em>Printed at the Paul Laffitte&#8217;s printer\u2019s, Paris, France<br \/>\ncirca 1930<\/em><br \/>\n<em>D. image 79&#215;116 cm<br \/>\nD. toile 86,5&#215;124 cm<\/em><\/p>\n","protected":false},"featured_media":10555,"template":"","meta":{"jetpack_publicize_message":"","jetpack_publicize_feature_enabled":true,"jetpack_social_post_already_shared":true,"jetpack_social_options":{"image_generator_settings":{"template":"highway","default_image_id":0,"enabled":false},"version":2}},"product_brand":[],"product_cat":[427],"product_tag":[495],"class_list":{"0":"post-10828","1":"product","2":"type-product","3":"status-publish","4":"has-post-thumbnail","6":"product_cat-vintage-posters","7":"product_tag-l53-en","9":"first","10":"instock","11":"shipping-taxable","12":"purchasable","13":"product-type-simple"},"yoast_head":"<!-- This site is optimized with the Yoast SEO plugin v27.4 - https:\/\/yoast.com\/product\/yoast-seo-wordpress\/ -->\n<title>Engagez-vous, rengagez-vous dans les troupes coloniales - Plaisir d&#039;Esthete<\/title>\n<meta name=\"robots\" content=\"index, follow, max-snippet:-1, max-image-preview:large, max-video-preview:-1\" \/>\n<link rel=\"canonical\" href=\"http:\/\/www.plaisirdesthete.com\/en\/produit\/affiche-engagez-vous-rengagez-vous-dans-les-troupes-coloniales\/\" \/>\n<meta property=\"og:locale\" content=\"en_US\" \/>\n<meta property=\"og:type\" content=\"article\" \/>\n<meta property=\"og:title\" content=\"Engagez-vous, rengagez-vous dans les troupes coloniales - Plaisir d&#039;Esthete\" \/>\n<meta property=\"og:description\" content=\"Offset mounted on linen canvas Signed by L\u00e9on FAURET (1863 - 1955) Printed at the Paul Laffitte&#039;s printer\u2019s, Paris, France circa 1930 D. image 79x116 cm D. toile 86,5x124 cm\" \/>\n<meta property=\"og:url\" content=\"http:\/\/www.plaisirdesthete.com\/en\/produit\/affiche-engagez-vous-rengagez-vous-dans-les-troupes-coloniales\/\" \/>\n<meta property=\"og:site_name\" content=\"Plaisir d&#039;Esthete\" \/>\n<meta property=\"article:publisher\" content=\"https:\/\/www.facebook.com\/GalerieHioco\" \/>\n<meta property=\"article:modified_time\" content=\"2021-07-02T14:06:24+00:00\" \/>\n<meta property=\"og:image\" content=\"http:\/\/www.plaisirdesthete.com\/wp-content\/uploads\/2021\/06\/L53_Affiche_Engagez-vous_Cambodge_carre.jpeg\" \/>\n\t<meta property=\"og:image:width\" content=\"1368\" \/>\n\t<meta property=\"og:image:height\" content=\"1368\" \/>\n\t<meta property=\"og:image:type\" content=\"image\/jpeg\" \/>\n<meta name=\"twitter:card\" content=\"summary_large_image\" \/>\n<meta name=\"twitter:label1\" content=\"Est. reading time\" \/>\n\t<meta name=\"twitter:data1\" content=\"1 minute\" \/>\n<script type=\"application\/ld+json\" class=\"yoast-schema-graph\">{\"@context\":\"https:\\\/\\\/schema.org\",\"@graph\":[{\"@type\":\"WebPage\",\"@id\":\"http:\\\/\\\/www.plaisirdesthete.com\\\/en\\\/produit\\\/affiche-engagez-vous-rengagez-vous-dans-les-troupes-coloniales\\\/\",\"url\":\"http:\\\/\\\/www.plaisirdesthete.com\\\/en\\\/produit\\\/affiche-engagez-vous-rengagez-vous-dans-les-troupes-coloniales\\\/\",\"name\":\"Engagez-vous, rengagez-vous dans les troupes coloniales - Plaisir d&#039;Esthete\",\"isPartOf\":{\"@id\":\"http:\\\/\\\/www.plaisirdesthete.com\\\/en\\\/#website\"},\"primaryImageOfPage\":{\"@id\":\"http:\\\/\\\/www.plaisirdesthete.com\\\/en\\\/produit\\\/affiche-engagez-vous-rengagez-vous-dans-les-troupes-coloniales\\\/#primaryimage\"},\"image\":{\"@id\":\"http:\\\/\\\/www.plaisirdesthete.com\\\/en\\\/produit\\\/affiche-engagez-vous-rengagez-vous-dans-les-troupes-coloniales\\\/#primaryimage\"},\"thumbnailUrl\":\"http:\\\/\\\/www.plaisirdesthete.com\\\/wp-content\\\/uploads\\\/2021\\\/06\\\/L53_Affiche_Engagez-vous_Cambodge_carre.jpeg\",\"datePublished\":\"2021-06-23T15:04:31+00:00\",\"dateModified\":\"2021-07-02T14:06:24+00:00\",\"breadcrumb\":{\"@id\":\"http:\\\/\\\/www.plaisirdesthete.com\\\/en\\\/produit\\\/affiche-engagez-vous-rengagez-vous-dans-les-troupes-coloniales\\\/#breadcrumb\"},\"inLanguage\":\"en-US\",\"potentialAction\":[{\"@type\":\"ReadAction\",\"target\":[\"http:\\\/\\\/www.plaisirdesthete.com\\\/en\\\/produit\\\/affiche-engagez-vous-rengagez-vous-dans-les-troupes-coloniales\\\/\"]}]},{\"@type\":\"ImageObject\",\"inLanguage\":\"en-US\",\"@id\":\"http:\\\/\\\/www.plaisirdesthete.com\\\/en\\\/produit\\\/affiche-engagez-vous-rengagez-vous-dans-les-troupes-coloniales\\\/#primaryimage\",\"url\":\"http:\\\/\\\/www.plaisirdesthete.com\\\/wp-content\\\/uploads\\\/2021\\\/06\\\/L53_Affiche_Engagez-vous_Cambodge_carre.jpeg\",\"contentUrl\":\"http:\\\/\\\/www.plaisirdesthete.com\\\/wp-content\\\/uploads\\\/2021\\\/06\\\/L53_Affiche_Engagez-vous_Cambodge_carre.jpeg\",\"width\":1368,\"height\":1368},{\"@type\":\"BreadcrumbList\",\"@id\":\"http:\\\/\\\/www.plaisirdesthete.com\\\/en\\\/produit\\\/affiche-engagez-vous-rengagez-vous-dans-les-troupes-coloniales\\\/#breadcrumb\",\"itemListElement\":[{\"@type\":\"ListItem\",\"position\":1,\"name\":\"Accueil\",\"item\":\"http:\\\/\\\/www.plaisirdesthete.com\\\/en\\\/\"},{\"@type\":\"ListItem\",\"position\":2,\"name\":\"Boutique\",\"item\":\"http:\\\/\\\/www.plaisirdesthete.com\\\/boutique\\\/\"},{\"@type\":\"ListItem\",\"position\":3,\"name\":\"Engagez-vous, rengagez-vous dans les troupes coloniales\"}]},{\"@type\":\"WebSite\",\"@id\":\"http:\\\/\\\/www.plaisirdesthete.com\\\/en\\\/#website\",\"url\":\"http:\\\/\\\/www.plaisirdesthete.com\\\/en\\\/\",\"name\":\"Plaisir d'Esthete\",\"description\":\"Arts d&#039;Asie\",\"publisher\":{\"@id\":\"http:\\\/\\\/www.plaisirdesthete.com\\\/en\\\/#organization\"},\"potentialAction\":[{\"@type\":\"SearchAction\",\"target\":{\"@type\":\"EntryPoint\",\"urlTemplate\":\"http:\\\/\\\/www.plaisirdesthete.com\\\/en\\\/?s={search_term_string}\"},\"query-input\":{\"@type\":\"PropertyValueSpecification\",\"valueRequired\":true,\"valueName\":\"search_term_string\"}}],\"inLanguage\":\"en-US\"},{\"@type\":\"Organization\",\"@id\":\"http:\\\/\\\/www.plaisirdesthete.com\\\/en\\\/#organization\",\"name\":\"Plaisir d'Esth\u00e8te\",\"url\":\"http:\\\/\\\/www.plaisirdesthete.com\\\/en\\\/\",\"logo\":{\"@type\":\"ImageObject\",\"inLanguage\":\"en-US\",\"@id\":\"http:\\\/\\\/www.plaisirdesthete.com\\\/en\\\/#\\\/schema\\\/logo\\\/image\\\/\",\"url\":\"http:\\\/\\\/www.plaisirdesthete.com\\\/wp-content\\\/uploads\\\/2021\\\/03\\\/Galerie-Christophe-Hioco-2.png\",\"contentUrl\":\"http:\\\/\\\/www.plaisirdesthete.com\\\/wp-content\\\/uploads\\\/2021\\\/03\\\/Galerie-Christophe-Hioco-2.png\",\"width\":500,\"height\":500,\"caption\":\"Plaisir d'Esth\u00e8te\"},\"image\":{\"@id\":\"http:\\\/\\\/www.plaisirdesthete.com\\\/en\\\/#\\\/schema\\\/logo\\\/image\\\/\"},\"sameAs\":[\"https:\\\/\\\/www.facebook.com\\\/GalerieHioco\",\"https:\\\/\\\/www.instagram.com\\\/galerie_hioco_asian_art\\\/?hl=fr\",\"https:\\\/\\\/www.youtube.com\\\/channel\\\/UC3spYuTpzJ0jcAZamaodaHQ\"]}]}<\/script>\n<!-- \/ Yoast SEO plugin. -->","yoast_head_json":{"title":"Engagez-vous, rengagez-vous dans les troupes coloniales - Plaisir d&#039;Esthete","robots":{"index":"index","follow":"follow","max-snippet":"max-snippet:-1","max-image-preview":"max-image-preview:large","max-video-preview":"max-video-preview:-1"},"canonical":"http:\/\/www.plaisirdesthete.com\/en\/produit\/affiche-engagez-vous-rengagez-vous-dans-les-troupes-coloniales\/","og_locale":"en_US","og_type":"article","og_title":"Engagez-vous, rengagez-vous dans les troupes coloniales - Plaisir d&#039;Esthete","og_description":"Offset mounted on linen canvas Signed by L\u00e9on FAURET (1863 - 1955) Printed at the Paul Laffitte's printer\u2019s, Paris, France circa 1930 D. image 79x116 cm D. toile 86,5x124 cm","og_url":"http:\/\/www.plaisirdesthete.com\/en\/produit\/affiche-engagez-vous-rengagez-vous-dans-les-troupes-coloniales\/","og_site_name":"Plaisir d&#039;Esthete","article_publisher":"https:\/\/www.facebook.com\/GalerieHioco","article_modified_time":"2021-07-02T14:06:24+00:00","og_image":[{"width":1368,"height":1368,"url":"http:\/\/www.plaisirdesthete.com\/wp-content\/uploads\/2021\/06\/L53_Affiche_Engagez-vous_Cambodge_carre.jpeg","type":"image\/jpeg"}],"twitter_card":"summary_large_image","twitter_misc":{"Est. reading time":"1 minute"},"schema":{"@context":"https:\/\/schema.org","@graph":[{"@type":"WebPage","@id":"http:\/\/www.plaisirdesthete.com\/en\/produit\/affiche-engagez-vous-rengagez-vous-dans-les-troupes-coloniales\/","url":"http:\/\/www.plaisirdesthete.com\/en\/produit\/affiche-engagez-vous-rengagez-vous-dans-les-troupes-coloniales\/","name":"Engagez-vous, rengagez-vous dans les troupes coloniales - Plaisir d&#039;Esthete","isPartOf":{"@id":"http:\/\/www.plaisirdesthete.com\/en\/#website"},"primaryImageOfPage":{"@id":"http:\/\/www.plaisirdesthete.com\/en\/produit\/affiche-engagez-vous-rengagez-vous-dans-les-troupes-coloniales\/#primaryimage"},"image":{"@id":"http:\/\/www.plaisirdesthete.com\/en\/produit\/affiche-engagez-vous-rengagez-vous-dans-les-troupes-coloniales\/#primaryimage"},"thumbnailUrl":"http:\/\/www.plaisirdesthete.com\/wp-content\/uploads\/2021\/06\/L53_Affiche_Engagez-vous_Cambodge_carre.jpeg","datePublished":"2021-06-23T15:04:31+00:00","dateModified":"2021-07-02T14:06:24+00:00","breadcrumb":{"@id":"http:\/\/www.plaisirdesthete.com\/en\/produit\/affiche-engagez-vous-rengagez-vous-dans-les-troupes-coloniales\/#breadcrumb"},"inLanguage":"en-US","potentialAction":[{"@type":"ReadAction","target":["http:\/\/www.plaisirdesthete.com\/en\/produit\/affiche-engagez-vous-rengagez-vous-dans-les-troupes-coloniales\/"]}]},{"@type":"ImageObject","inLanguage":"en-US","@id":"http:\/\/www.plaisirdesthete.com\/en\/produit\/affiche-engagez-vous-rengagez-vous-dans-les-troupes-coloniales\/#primaryimage","url":"http:\/\/www.plaisirdesthete.com\/wp-content\/uploads\/2021\/06\/L53_Affiche_Engagez-vous_Cambodge_carre.jpeg","contentUrl":"http:\/\/www.plaisirdesthete.com\/wp-content\/uploads\/2021\/06\/L53_Affiche_Engagez-vous_Cambodge_carre.jpeg","width":1368,"height":1368},{"@type":"BreadcrumbList","@id":"http:\/\/www.plaisirdesthete.com\/en\/produit\/affiche-engagez-vous-rengagez-vous-dans-les-troupes-coloniales\/#breadcrumb","itemListElement":[{"@type":"ListItem","position":1,"name":"Accueil","item":"http:\/\/www.plaisirdesthete.com\/en\/"},{"@type":"ListItem","position":2,"name":"Boutique","item":"http:\/\/www.plaisirdesthete.com\/boutique\/"},{"@type":"ListItem","position":3,"name":"Engagez-vous, rengagez-vous dans les troupes coloniales"}]},{"@type":"WebSite","@id":"http:\/\/www.plaisirdesthete.com\/en\/#website","url":"http:\/\/www.plaisirdesthete.com\/en\/","name":"Plaisir d'Esthete","description":"Arts d&#039;Asie","publisher":{"@id":"http:\/\/www.plaisirdesthete.com\/en\/#organization"},"potentialAction":[{"@type":"SearchAction","target":{"@type":"EntryPoint","urlTemplate":"http:\/\/www.plaisirdesthete.com\/en\/?s={search_term_string}"},"query-input":{"@type":"PropertyValueSpecification","valueRequired":true,"valueName":"search_term_string"}}],"inLanguage":"en-US"},{"@type":"Organization","@id":"http:\/\/www.plaisirdesthete.com\/en\/#organization","name":"Plaisir d'Esth\u00e8te","url":"http:\/\/www.plaisirdesthete.com\/en\/","logo":{"@type":"ImageObject","inLanguage":"en-US","@id":"http:\/\/www.plaisirdesthete.com\/en\/#\/schema\/logo\/image\/","url":"http:\/\/www.plaisirdesthete.com\/wp-content\/uploads\/2021\/03\/Galerie-Christophe-Hioco-2.png","contentUrl":"http:\/\/www.plaisirdesthete.com\/wp-content\/uploads\/2021\/03\/Galerie-Christophe-Hioco-2.png","width":500,"height":500,"caption":"Plaisir d'Esth\u00e8te"},"image":{"@id":"http:\/\/www.plaisirdesthete.com\/en\/#\/schema\/logo\/image\/"},"sameAs":["https:\/\/www.facebook.com\/GalerieHioco","https:\/\/www.instagram.com\/galerie_hioco_asian_art\/?hl=fr","https:\/\/www.youtube.com\/channel\/UC3spYuTpzJ0jcAZamaodaHQ"]}]}},"jetpack_publicize_connections":[],"jetpack_sharing_enabled":true,"jetpack_likes_enabled":true,"_links":{"self":[{"href":"http:\/\/www.plaisirdesthete.com\/en\/wp-json\/wp\/v2\/product\/10828","targetHints":{"allow":["GET"]}}],"collection":[{"href":"http:\/\/www.plaisirdesthete.com\/en\/wp-json\/wp\/v2\/product"}],"about":[{"href":"http:\/\/www.plaisirdesthete.com\/en\/wp-json\/wp\/v2\/types\/product"}],"wp:featuredmedia":[{"embeddable":true,"href":"http:\/\/www.plaisirdesthete.com\/en\/wp-json\/wp\/v2\/media\/10555"}],"wp:attachment":[{"href":"http:\/\/www.plaisirdesthete.com\/en\/wp-json\/wp\/v2\/media?parent=10828"}],"wp:term":[{"taxonomy":"product_brand","embeddable":true,"href":"http:\/\/www.plaisirdesthete.com\/en\/wp-json\/wp\/v2\/product_brand?post=10828"},{"taxonomy":"product_cat","embeddable":true,"href":"http:\/\/www.plaisirdesthete.com\/en\/wp-json\/wp\/v2\/product_cat?post=10828"},{"taxonomy":"product_tag","embeddable":true,"href":"http:\/\/www.plaisirdesthete.com\/en\/wp-json\/wp\/v2\/product_tag?post=10828"}],"curies":[{"name":"wp","href":"https:\/\/api.w.org\/{rel}","templated":true}]}}