{"id":10796,"date":"2021-06-23T14:50:51","date_gmt":"2021-06-23T14:50:51","guid":{"rendered":"http:\/\/www.plaisirdesthete.com\/produit\/guimet-museum-exhibition-poster\/"},"modified":"2021-07-05T14:11:19","modified_gmt":"2021-07-05T14:11:19","slug":"guimet-museum-exhibition-poster","status":"publish","type":"product","link":"http:\/\/www.plaisirdesthete.com\/en\/produit\/guimet-museum-exhibition-poster\/","title":{"rendered":"Guimet Museum exhibition poster"},"content":{"rendered":"<p>This beautiful vintage poster dates from 1938, when the deposits of the French Archaeological Delegation in Afghanistan were brought to the Guimet Museum.<\/p>\n<p>At that time Joseph Hackin (1886 &#8211; 1941) was the director of the museum (1923 &#8211; 1941) after having been the secretary of its founder \u00c9mile Guimet (1836 &#8211; 1918). He was an early Resistance fighter with his wife Marie, a Companion of the Liberation, and an archaeologist with a passion for non-Western cultures. In 1924 he left for his first archaeological campaign in Afghanistan. Ten years later, he was in charge of the French Archaeological Delegation in Afghanistan (DAFA) which was created in 1922.\u00a0Until 1939, he shared his time between his presence in the field and research and modernisation at the museum. He had the central courtyard of the H\u00f4tel d&#8217;Heidelbach covered and, from 1938 onwards, presented part of the Khmer collections and the art of ancient Champa on the ground floor.<\/p>\n<p><strong>Apparent inscriptions on the poster:<\/strong><\/p>\n<p>Mus\u00e9e Guimet<em><br \/>\n<\/em>6, Place d\u2019I\u00e9na<\/p>\n<p>Exposition du 21 juin au 15 novembre 1938<em><br \/>\n<\/em>D\u00e9couvertes arch\u00e9ologiques en Afghanistan et en Indochine<em><br \/>\n<\/em>Fouilles de la D\u00e9l\u00e9gation Arch\u00e9ol. [Arch\u00e9ologique] fran\u00e7aise en Afghanistan (campagne 1936-1937)<em><br \/>\n<\/em>Ivoire de l\u2019Inde (Ie-IIIe si\u00e8cles)<em><br \/>\n<\/em>Sculpture bouddhique (IIIe-VIIe si\u00e8cles)<em><br \/>\n<\/em>Influences iraniennes dans l\u2019art bouddhique.<\/p>\n<p>\u00c9cole Fran\u00e7aise d\u2019Extr\u00eame-Orient<em><br \/>\n<\/em>Aspect in\u00e9dit des arts de l\u2019Indochine (art Khm\u00e8re, art Cam, art Annamite : CVIIe &#8211; XIIe si\u00e8cle)<em><br \/>\n<\/em>Fouille du Phnom Kulen pr\u00e8s d\u2019Angkor<\/p>\n<p>Art des Steppes<\/p>\n<p>De midi \u00e0 17hres except\u00e9 le lundi<em><br \/>\n<\/em>Entr\u00e9e 5f<\/p>\n<p>\u00c9dition des mus\u00e9es nationaux &#8211; Mourlot, IMP., Paris<\/p>\n<p><strong>Condition report:\u00a0<\/strong><\/p>\n<p>This poster is in very good condition.<br \/>\nThis is not a reproduction.<\/p>\n","protected":false},"excerpt":{"rendered":"<p><em>Lithography mounted on linen canvas<br \/>\nPrinted at the Mourlot printer\u2019s in Paris, France<br \/>\n\u00c9dition des mus\u00e9es nationaux<br \/>\n1938<\/em><br \/>\n<em>D. image 52&#215;73,5 cm<br \/>\nD. toile 62,5&#215;83,5 cm<\/em><\/p>\n","protected":false},"featured_media":10534,"template":"","meta":{"jetpack_publicize_message":"","jetpack_publicize_feature_enabled":true,"jetpack_social_post_already_shared":true,"jetpack_social_options":{"image_generator_settings":{"template":"highway","default_image_id":0,"enabled":false},"version":2}},"product_brand":[],"product_cat":[490],"product_tag":[494],"class_list":{"0":"post-10796","1":"product","2":"type-product","3":"status-publish","4":"has-post-thumbnail","6":"product_cat-our-last-sales","7":"product_tag-l59-en","9":"first","10":"instock","11":"sold-individually","12":"shipping-taxable","13":"product-type-simple"},"yoast_head":"<!-- This site is optimized with the Yoast SEO plugin v27.4 - https:\/\/yoast.com\/product\/yoast-seo-wordpress\/ -->\n<title>Guimet Museum exhibition poster - Plaisir d&#039;Esthete<\/title>\n<meta name=\"robots\" content=\"index, follow, max-snippet:-1, max-image-preview:large, max-video-preview:-1\" \/>\n<link rel=\"canonical\" href=\"http:\/\/www.plaisirdesthete.com\/en\/produit\/guimet-museum-exhibition-poster\/\" \/>\n<meta property=\"og:locale\" content=\"en_US\" \/>\n<meta property=\"og:type\" content=\"article\" \/>\n<meta property=\"og:title\" content=\"Guimet Museum exhibition poster - Plaisir d&#039;Esthete\" \/>\n<meta property=\"og:description\" content=\"Lithography mounted on linen canvas Printed at the Mourlot printer\u2019s in Paris, France \u00c9dition des mus\u00e9es nationaux 1938 D. image 52x73,5 cm D. toile 62,5x83,5 cm\" \/>\n<meta property=\"og:url\" content=\"http:\/\/www.plaisirdesthete.com\/en\/produit\/guimet-museum-exhibition-poster\/\" \/>\n<meta property=\"og:site_name\" content=\"Plaisir d&#039;Esthete\" \/>\n<meta property=\"article:publisher\" content=\"https:\/\/www.facebook.com\/GalerieHioco\" \/>\n<meta property=\"article:modified_time\" content=\"2021-07-05T14:11:19+00:00\" \/>\n<meta property=\"og:image\" content=\"http:\/\/www.plaisirdesthete.com\/wp-content\/uploads\/2021\/06\/L59_affiche_musee_Guimet_1938.jpg\" \/>\n\t<meta property=\"og:image:width\" content=\"452\" \/>\n\t<meta property=\"og:image:height\" content=\"650\" \/>\n\t<meta property=\"og:image:type\" content=\"image\/jpeg\" \/>\n<meta name=\"twitter:card\" content=\"summary_large_image\" \/>\n<meta name=\"twitter:label1\" content=\"Est. reading time\" \/>\n\t<meta name=\"twitter:data1\" content=\"1 minute\" \/>\n<script type=\"application\/ld+json\" class=\"yoast-schema-graph\">{\"@context\":\"https:\\\/\\\/schema.org\",\"@graph\":[{\"@type\":\"WebPage\",\"@id\":\"http:\\\/\\\/www.plaisirdesthete.com\\\/en\\\/produit\\\/guimet-museum-exhibition-poster\\\/\",\"url\":\"http:\\\/\\\/www.plaisirdesthete.com\\\/en\\\/produit\\\/guimet-museum-exhibition-poster\\\/\",\"name\":\"Guimet Museum exhibition poster - Plaisir d&#039;Esthete\",\"isPartOf\":{\"@id\":\"http:\\\/\\\/www.plaisirdesthete.com\\\/en\\\/#website\"},\"primaryImageOfPage\":{\"@id\":\"http:\\\/\\\/www.plaisirdesthete.com\\\/en\\\/produit\\\/guimet-museum-exhibition-poster\\\/#primaryimage\"},\"image\":{\"@id\":\"http:\\\/\\\/www.plaisirdesthete.com\\\/en\\\/produit\\\/guimet-museum-exhibition-poster\\\/#primaryimage\"},\"thumbnailUrl\":\"http:\\\/\\\/www.plaisirdesthete.com\\\/wp-content\\\/uploads\\\/2021\\\/06\\\/L59_affiche_musee_Guimet_1938.jpg\",\"datePublished\":\"2021-06-23T14:50:51+00:00\",\"dateModified\":\"2021-07-05T14:11:19+00:00\",\"breadcrumb\":{\"@id\":\"http:\\\/\\\/www.plaisirdesthete.com\\\/en\\\/produit\\\/guimet-museum-exhibition-poster\\\/#breadcrumb\"},\"inLanguage\":\"en-US\",\"potentialAction\":[{\"@type\":\"ReadAction\",\"target\":[\"http:\\\/\\\/www.plaisirdesthete.com\\\/en\\\/produit\\\/guimet-museum-exhibition-poster\\\/\"]}]},{\"@type\":\"ImageObject\",\"inLanguage\":\"en-US\",\"@id\":\"http:\\\/\\\/www.plaisirdesthete.com\\\/en\\\/produit\\\/guimet-museum-exhibition-poster\\\/#primaryimage\",\"url\":\"http:\\\/\\\/www.plaisirdesthete.com\\\/wp-content\\\/uploads\\\/2021\\\/06\\\/L59_affiche_musee_Guimet_1938.jpg\",\"contentUrl\":\"http:\\\/\\\/www.plaisirdesthete.com\\\/wp-content\\\/uploads\\\/2021\\\/06\\\/L59_affiche_musee_Guimet_1938.jpg\",\"width\":452,\"height\":650},{\"@type\":\"BreadcrumbList\",\"@id\":\"http:\\\/\\\/www.plaisirdesthete.com\\\/en\\\/produit\\\/guimet-museum-exhibition-poster\\\/#breadcrumb\",\"itemListElement\":[{\"@type\":\"ListItem\",\"position\":1,\"name\":\"Accueil\",\"item\":\"http:\\\/\\\/www.plaisirdesthete.com\\\/en\\\/\"},{\"@type\":\"ListItem\",\"position\":2,\"name\":\"Boutique\",\"item\":\"http:\\\/\\\/www.plaisirdesthete.com\\\/boutique\\\/\"},{\"@type\":\"ListItem\",\"position\":3,\"name\":\"Guimet Museum exhibition poster\"}]},{\"@type\":\"WebSite\",\"@id\":\"http:\\\/\\\/www.plaisirdesthete.com\\\/en\\\/#website\",\"url\":\"http:\\\/\\\/www.plaisirdesthete.com\\\/en\\\/\",\"name\":\"Plaisir d'Esthete\",\"description\":\"Arts d&#039;Asie\",\"publisher\":{\"@id\":\"http:\\\/\\\/www.plaisirdesthete.com\\\/en\\\/#organization\"},\"potentialAction\":[{\"@type\":\"SearchAction\",\"target\":{\"@type\":\"EntryPoint\",\"urlTemplate\":\"http:\\\/\\\/www.plaisirdesthete.com\\\/en\\\/?s={search_term_string}\"},\"query-input\":{\"@type\":\"PropertyValueSpecification\",\"valueRequired\":true,\"valueName\":\"search_term_string\"}}],\"inLanguage\":\"en-US\"},{\"@type\":\"Organization\",\"@id\":\"http:\\\/\\\/www.plaisirdesthete.com\\\/en\\\/#organization\",\"name\":\"Plaisir d'Esth\u00e8te\",\"url\":\"http:\\\/\\\/www.plaisirdesthete.com\\\/en\\\/\",\"logo\":{\"@type\":\"ImageObject\",\"inLanguage\":\"en-US\",\"@id\":\"http:\\\/\\\/www.plaisirdesthete.com\\\/en\\\/#\\\/schema\\\/logo\\\/image\\\/\",\"url\":\"http:\\\/\\\/www.plaisirdesthete.com\\\/wp-content\\\/uploads\\\/2021\\\/03\\\/Galerie-Christophe-Hioco-2.png\",\"contentUrl\":\"http:\\\/\\\/www.plaisirdesthete.com\\\/wp-content\\\/uploads\\\/2021\\\/03\\\/Galerie-Christophe-Hioco-2.png\",\"width\":500,\"height\":500,\"caption\":\"Plaisir d'Esth\u00e8te\"},\"image\":{\"@id\":\"http:\\\/\\\/www.plaisirdesthete.com\\\/en\\\/#\\\/schema\\\/logo\\\/image\\\/\"},\"sameAs\":[\"https:\\\/\\\/www.facebook.com\\\/GalerieHioco\",\"https:\\\/\\\/www.instagram.com\\\/galerie_hioco_asian_art\\\/?hl=fr\",\"https:\\\/\\\/www.youtube.com\\\/channel\\\/UC3spYuTpzJ0jcAZamaodaHQ\"]}]}<\/script>\n<!-- \/ Yoast SEO plugin. -->","yoast_head_json":{"title":"Guimet Museum exhibition poster - Plaisir d&#039;Esthete","robots":{"index":"index","follow":"follow","max-snippet":"max-snippet:-1","max-image-preview":"max-image-preview:large","max-video-preview":"max-video-preview:-1"},"canonical":"http:\/\/www.plaisirdesthete.com\/en\/produit\/guimet-museum-exhibition-poster\/","og_locale":"en_US","og_type":"article","og_title":"Guimet Museum exhibition poster - Plaisir d&#039;Esthete","og_description":"Lithography mounted on linen canvas Printed at the Mourlot printer\u2019s in Paris, France \u00c9dition des mus\u00e9es nationaux 1938 D. image 52x73,5 cm D. toile 62,5x83,5 cm","og_url":"http:\/\/www.plaisirdesthete.com\/en\/produit\/guimet-museum-exhibition-poster\/","og_site_name":"Plaisir d&#039;Esthete","article_publisher":"https:\/\/www.facebook.com\/GalerieHioco","article_modified_time":"2021-07-05T14:11:19+00:00","og_image":[{"width":452,"height":650,"url":"http:\/\/www.plaisirdesthete.com\/wp-content\/uploads\/2021\/06\/L59_affiche_musee_Guimet_1938.jpg","type":"image\/jpeg"}],"twitter_card":"summary_large_image","twitter_misc":{"Est. reading time":"1 minute"},"schema":{"@context":"https:\/\/schema.org","@graph":[{"@type":"WebPage","@id":"http:\/\/www.plaisirdesthete.com\/en\/produit\/guimet-museum-exhibition-poster\/","url":"http:\/\/www.plaisirdesthete.com\/en\/produit\/guimet-museum-exhibition-poster\/","name":"Guimet Museum exhibition poster - Plaisir d&#039;Esthete","isPartOf":{"@id":"http:\/\/www.plaisirdesthete.com\/en\/#website"},"primaryImageOfPage":{"@id":"http:\/\/www.plaisirdesthete.com\/en\/produit\/guimet-museum-exhibition-poster\/#primaryimage"},"image":{"@id":"http:\/\/www.plaisirdesthete.com\/en\/produit\/guimet-museum-exhibition-poster\/#primaryimage"},"thumbnailUrl":"http:\/\/www.plaisirdesthete.com\/wp-content\/uploads\/2021\/06\/L59_affiche_musee_Guimet_1938.jpg","datePublished":"2021-06-23T14:50:51+00:00","dateModified":"2021-07-05T14:11:19+00:00","breadcrumb":{"@id":"http:\/\/www.plaisirdesthete.com\/en\/produit\/guimet-museum-exhibition-poster\/#breadcrumb"},"inLanguage":"en-US","potentialAction":[{"@type":"ReadAction","target":["http:\/\/www.plaisirdesthete.com\/en\/produit\/guimet-museum-exhibition-poster\/"]}]},{"@type":"ImageObject","inLanguage":"en-US","@id":"http:\/\/www.plaisirdesthete.com\/en\/produit\/guimet-museum-exhibition-poster\/#primaryimage","url":"http:\/\/www.plaisirdesthete.com\/wp-content\/uploads\/2021\/06\/L59_affiche_musee_Guimet_1938.jpg","contentUrl":"http:\/\/www.plaisirdesthete.com\/wp-content\/uploads\/2021\/06\/L59_affiche_musee_Guimet_1938.jpg","width":452,"height":650},{"@type":"BreadcrumbList","@id":"http:\/\/www.plaisirdesthete.com\/en\/produit\/guimet-museum-exhibition-poster\/#breadcrumb","itemListElement":[{"@type":"ListItem","position":1,"name":"Accueil","item":"http:\/\/www.plaisirdesthete.com\/en\/"},{"@type":"ListItem","position":2,"name":"Boutique","item":"http:\/\/www.plaisirdesthete.com\/boutique\/"},{"@type":"ListItem","position":3,"name":"Guimet Museum exhibition poster"}]},{"@type":"WebSite","@id":"http:\/\/www.plaisirdesthete.com\/en\/#website","url":"http:\/\/www.plaisirdesthete.com\/en\/","name":"Plaisir d'Esthete","description":"Arts d&#039;Asie","publisher":{"@id":"http:\/\/www.plaisirdesthete.com\/en\/#organization"},"potentialAction":[{"@type":"SearchAction","target":{"@type":"EntryPoint","urlTemplate":"http:\/\/www.plaisirdesthete.com\/en\/?s={search_term_string}"},"query-input":{"@type":"PropertyValueSpecification","valueRequired":true,"valueName":"search_term_string"}}],"inLanguage":"en-US"},{"@type":"Organization","@id":"http:\/\/www.plaisirdesthete.com\/en\/#organization","name":"Plaisir d'Esth\u00e8te","url":"http:\/\/www.plaisirdesthete.com\/en\/","logo":{"@type":"ImageObject","inLanguage":"en-US","@id":"http:\/\/www.plaisirdesthete.com\/en\/#\/schema\/logo\/image\/","url":"http:\/\/www.plaisirdesthete.com\/wp-content\/uploads\/2021\/03\/Galerie-Christophe-Hioco-2.png","contentUrl":"http:\/\/www.plaisirdesthete.com\/wp-content\/uploads\/2021\/03\/Galerie-Christophe-Hioco-2.png","width":500,"height":500,"caption":"Plaisir d'Esth\u00e8te"},"image":{"@id":"http:\/\/www.plaisirdesthete.com\/en\/#\/schema\/logo\/image\/"},"sameAs":["https:\/\/www.facebook.com\/GalerieHioco","https:\/\/www.instagram.com\/galerie_hioco_asian_art\/?hl=fr","https:\/\/www.youtube.com\/channel\/UC3spYuTpzJ0jcAZamaodaHQ"]}]}},"jetpack_publicize_connections":[],"jetpack_sharing_enabled":true,"jetpack_likes_enabled":true,"_links":{"self":[{"href":"http:\/\/www.plaisirdesthete.com\/en\/wp-json\/wp\/v2\/product\/10796","targetHints":{"allow":["GET"]}}],"collection":[{"href":"http:\/\/www.plaisirdesthete.com\/en\/wp-json\/wp\/v2\/product"}],"about":[{"href":"http:\/\/www.plaisirdesthete.com\/en\/wp-json\/wp\/v2\/types\/product"}],"wp:featuredmedia":[{"embeddable":true,"href":"http:\/\/www.plaisirdesthete.com\/en\/wp-json\/wp\/v2\/media\/10534"}],"wp:attachment":[{"href":"http:\/\/www.plaisirdesthete.com\/en\/wp-json\/wp\/v2\/media?parent=10796"}],"wp:term":[{"taxonomy":"product_brand","embeddable":true,"href":"http:\/\/www.plaisirdesthete.com\/en\/wp-json\/wp\/v2\/product_brand?post=10796"},{"taxonomy":"product_cat","embeddable":true,"href":"http:\/\/www.plaisirdesthete.com\/en\/wp-json\/wp\/v2\/product_cat?post=10796"},{"taxonomy":"product_tag","embeddable":true,"href":"http:\/\/www.plaisirdesthete.com\/en\/wp-json\/wp\/v2\/product_tag?post=10796"}],"curies":[{"name":"wp","href":"https:\/\/api.w.org\/{rel}","templated":true}]}}