{"id":1860,"date":"2018-04-23T13:04:17","date_gmt":"2018-04-23T13:04:17","guid":{"rendered":"http:\/\/www.plaisirdesthete.com\/les-objets\/"},"modified":"2021-03-29T12:47:10","modified_gmt":"2021-03-29T12:47:10","slug":"artworks","status":"publish","type":"page","link":"http:\/\/www.plaisirdesthete.com\/en\/artworks\/","title":{"rendered":"Artworks"},"content":{"rendered":"<section class=\" fw-main-row fw-section-no-padding\" style=\" \" >\n\t<div class=\"fw-container\">\n\t\t<div class=\"fw-row\">\n\t<div class=\"fw-col-xs-12 fw-col-sm-4\">\n\t<div class=\"shortcode-widget-area\"><div class=\"widget wpzoom-singlepage\" id=\"wpzoom-woo-category-10\"><div class=\"post_thumb_withbg\"><div class=\"page_background\"  style=\"background-image:url('http:\/\/www.plaisirdesthete.com\/wp-content\/uploads\/2021\/06\/P345-HD-600x600.jpg')\"\"><div class=\"featured_page_content\"><h3 class=\"title\"><a href=\"http:\/\/www.plaisirdesthete.com\/categorie-produit\/sculptures-indiennes\/\">Sculptures indiennes<\/a><\/h3><\/div><\/div><\/div><div class=\"clear\"><\/div><\/div><div class=\"widget wpzoom-singlepage\" id=\"wpzoom-woo-category-11\"><div class=\"post_thumb_withbg\"><div class=\"page_background\"  style=\"background-image:url('http:\/\/www.plaisirdesthete.com\/wp-content\/uploads\/2022\/02\/Sans-titre-4-600x600.png')\"\"><div class=\"featured_page_content\"><h3 class=\"title\"><a href=\"http:\/\/www.plaisirdesthete.com\/categorie-produit\/bronzes-dong-son\/\">Bronzes D\u00f4ng Son<\/a><\/h3><\/div><\/div><\/div><div class=\"clear\"><\/div><\/div><div class=\"widget wpzoom-singlepage\" id=\"wpzoom-woo-category-17\"><div class=\"post_thumb_withbg\"><div class=\"page_background\"  style=\"background-image:url('http:\/\/www.plaisirdesthete.com\/wp-content\/uploads\/2021\/06\/Sans-titre-3-600x600.png')\"\"><div class=\"featured_page_content\"><h3 class=\"title\"><a href=\"http:\/\/www.plaisirdesthete.com\/categorie-produit\/portraits-dancetres\/\">Portraits d&#8217;anc\u00eatres<\/a><\/h3><\/div><\/div><\/div><div class=\"clear\"><\/div><\/div><div class=\"widget wpzoom-singlepage\" id=\"wpzoom-woo-category-22\"><div class=\"post_thumb_withbg\"><div class=\"page_background\"  style=\"background-image:url('http:\/\/www.plaisirdesthete.com\/wp-content\/uploads\/2021\/06\/E097_bracelet_anneau_detail_tete-600x600.jpeg')\"\"><div class=\"featured_page_content\"><h3 class=\"title\"><a href=\"http:\/\/www.plaisirdesthete.com\/categorie-produit\/selection-noel\/\">Bijoux ethniques<\/a><\/h3><\/div><\/div><\/div><div class=\"clear\"><\/div><\/div><\/div>\n<\/div>\n<div class=\"fw-col-xs-12 fw-col-sm-4\">\n\t<div class=\"shortcode-widget-area\"><div class=\"widget wpzoom-singlepage\" id=\"wpzoom-woo-category-2\"><div class=\"post_thumb_withbg\"><div class=\"page_background\"  style=\"background-image:url('http:\/\/www.plaisirdesthete.com\/wp-content\/uploads\/2023\/03\/IMG_2889-600x600.jpg')\"\"><div class=\"featured_page_content\"><h3 class=\"title\"><a href=\"http:\/\/www.plaisirdesthete.com\/categorie-produit\/art-du-gandhara\/\">Art du Gandh\u0101ra<\/a><\/h3><\/div><\/div><\/div><div class=\"clear\"><\/div><\/div><div class=\"widget wpzoom-singlepage\" id=\"wpzoom-woo-category-9\"><div class=\"post_thumb_withbg\"><div class=\"page_background\"  style=\"background-image:url('http:\/\/www.plaisirdesthete.com\/wp-content\/uploads\/2022\/05\/IMG_1777-600x600.jpg')\"\"><div class=\"featured_page_content\"><h3 class=\"title\"><a href=\"http:\/\/www.plaisirdesthete.com\/categorie-produit\/terres-cuites-chinoises\/\">Terres cuites chinoises<\/a><\/h3><\/div><\/div><\/div><div class=\"clear\"><\/div><\/div><div class=\"widget wpzoom-singlepage\" id=\"wpzoom-woo-category-19\"><div class=\"post_thumb_withbg\"><div class=\"page_background\"  style=\"background-image:url('http:\/\/www.plaisirdesthete.com\/wp-content\/uploads\/2021\/06\/L58_good-600x600.jpg')\"\"><div class=\"featured_page_content\"><h3 class=\"title\"><a href=\"http:\/\/www.plaisirdesthete.com\/categorie-produit\/affiches-anciennes\/\">Affiches anciennes<\/a><\/h3><\/div><\/div><\/div><div class=\"clear\"><\/div><\/div><div class=\"widget wpzoom-singlepage\" id=\"wpzoom-woo-category-24\"><div class=\"post_thumb_withbg\"><div class=\"page_background\"  style=\"background-image:url('http:\/\/www.plaisirdesthete.com\/wp-content\/uploads\/2020\/06\/cover-FR-600x600.jpg')\"\"><div class=\"featured_page_content\"><h3 class=\"title\"><a href=\"http:\/\/www.plaisirdesthete.com\/categorie-produit\/ouvrages-de-la-galerie\/\">Ouvrages de la galerie<\/a><\/h3><\/div><\/div><\/div><div class=\"clear\"><\/div><\/div><\/div>\n<\/div>\n<div class=\"fw-col-xs-12 fw-col-sm-4\">\n\t<div class=\"shortcode-widget-area\"><div class=\"widget wpzoom-singlepage\" id=\"wpzoom-woo-category-8\"><div class=\"post_thumb_withbg\"><div class=\"page_background\"  style=\"background-image:url('http:\/\/www.plaisirdesthete.com\/wp-content\/uploads\/2022\/04\/IMG_9629-600x600.jpg')\"\"><div class=\"featured_page_content\"><h3 class=\"title\"><a href=\"http:\/\/www.plaisirdesthete.com\/categorie-produit\/bronzes-de-thailande\/\">Art de l&#8217;Asie du Sud-Est<\/a><\/h3><\/div><\/div><\/div><div class=\"clear\"><\/div><\/div><div class=\"widget wpzoom-singlepage\" id=\"wpzoom-woo-category-27\"><div class=\"post_thumb_withbg\"><div class=\"page_background\"  style=\"background-image:url('http:\/\/www.plaisirdesthete.com\/wp-content\/uploads\/2022\/02\/IMG_68682-1-600x600.jpg')\"\"><div class=\"featured_page_content\"><h3 class=\"title\"><a href=\"http:\/\/www.plaisirdesthete.com\/categorie-produit\/ceramiques-vietnamiennes-vietnamiennes\/\">C\u00e9ramiques vietnamiennes<\/a><\/h3><\/div><\/div><\/div><div class=\"clear\"><\/div><\/div><div class=\"widget wpzoom-singlepage\" id=\"wpzoom-woo-category-13\"><div class=\"post_thumb_withbg\"><div class=\"page_background\"  style=\"background-image:url('http:\/\/www.plaisirdesthete.com\/wp-content\/uploads\/2021\/06\/PH096-637.-Autumn-View-of-Maples-Oji-Tokio-BD-600x600.jpg')\"\"><div class=\"featured_page_content\"><h3 class=\"title\"><a href=\"http:\/\/www.plaisirdesthete.com\/categorie-produit\/photographies-japonaises\/\">Photographies japonaises<\/a><\/h3><\/div><\/div><\/div><div class=\"clear\"><\/div><\/div><div class=\"widget wpzoom-singlepage\" id=\"wpzoom-woo-category-26\"><div class=\"post_thumb_withbg\"><div class=\"page_background\"  style=\"background-image:url('http:\/\/www.plaisirdesthete.com\/wp-content\/uploads\/2021\/05\/P090B_in_situ-600x600.jpeg')\"\"><div class=\"featured_page_content\"><h3 class=\"title\"><a href=\"http:\/\/www.plaisirdesthete.com\/categorie-produit\/nos-dernieres-ventes\/\">Nos derni\u00e8res ventes<\/a><\/h3><\/div><\/div><\/div><div class=\"clear\"><\/div><\/div><\/div>\n<\/div>\n<\/div>\n\n<div class=\"fw-row\">\n\t<div class=\"fw-col-xs-12\">\n\t<p><a href=\"http:\/\/www.galeriehioco.com\/en\/artworks\/\" target=\"_blank\" rel=\"noopener\">VIEW ALL ITEMS OF THE GALLERY<\/a><\/p><\/div>\n<\/div>\n\n\t<\/div>\n<\/section>\n","protected":false},"excerpt":{"rendered":"<p>Bronzes D\u00f4ng SonBijoux ethniques Terres cuites chinoisesOuvrages de la galerie C\u00e9ramiques vietnamiennesNos derni\u00e8res ventes VIEW ALL ITEMS OF THE GALLERY<\/p>\n","protected":false},"author":1,"featured_media":1530,"parent":0,"menu_order":0,"comment_status":"closed","ping_status":"closed","template":"page-templates\/full-width.php","meta":{"footnotes":""},"class_list":["post-1860","page","type-page","status-publish","has-post-thumbnail","hentry"],"yoast_head":"<!-- This site is optimized with the Yoast SEO plugin v27.3 - https:\/\/yoast.com\/product\/yoast-seo-wordpress\/ -->\n<title>Artworks - Plaisir d&#039;Esthete<\/title>\n<meta name=\"description\" content=\"Plaisir d&#039;Esth\u00e8te by Galerie Hioco offers you a wide range of affordable Asian and Indian pieces of art selected by our experts just for you!\" \/>\n<meta name=\"robots\" content=\"index, follow, max-snippet:-1, max-image-preview:large, max-video-preview:-1\" \/>\n<link rel=\"canonical\" href=\"http:\/\/www.plaisirdesthete.com\/en\/artworks\/\" \/>\n<meta property=\"og:locale\" content=\"en_US\" \/>\n<meta property=\"og:type\" content=\"article\" \/>\n<meta property=\"og:title\" content=\"Artworks - Plaisir d&#039;Esthete\" \/>\n<meta property=\"og:description\" content=\"Plaisir d&#039;Esth\u00e8te by Galerie Hioco offers you a wide range of affordable Asian and Indian pieces of art selected by our experts just for you!\" \/>\n<meta property=\"og:url\" content=\"http:\/\/www.plaisirdesthete.com\/en\/artworks\/\" \/>\n<meta property=\"og:site_name\" content=\"Plaisir d&#039;Esthete\" \/>\n<meta property=\"article:publisher\" content=\"https:\/\/www.facebook.com\/GalerieHioco\" \/>\n<meta property=\"article:modified_time\" content=\"2021-03-29T12:47:10+00:00\" \/>\n<meta property=\"og:image\" content=\"http:\/\/www.plaisirdesthete.com\/wp-content\/uploads\/2017\/11\/DSC_5686-1024x682.jpg\" \/>\n\t<meta property=\"og:image:width\" content=\"1024\" \/>\n\t<meta property=\"og:image:height\" content=\"682\" \/>\n\t<meta property=\"og:image:type\" content=\"image\/jpeg\" \/>\n<meta name=\"twitter:card\" content=\"summary_large_image\" \/>\n<meta name=\"twitter:label1\" content=\"Est. reading time\" \/>\n\t<meta name=\"twitter:data1\" content=\"1 minute\" \/>\n<script type=\"application\/ld+json\" class=\"yoast-schema-graph\">{\"@context\":\"https:\\\/\\\/schema.org\",\"@graph\":[{\"@type\":\"WebPage\",\"@id\":\"http:\\\/\\\/www.plaisirdesthete.com\\\/en\\\/artworks\\\/\",\"url\":\"http:\\\/\\\/www.plaisirdesthete.com\\\/en\\\/artworks\\\/\",\"name\":\"Artworks - Plaisir d&#039;Esthete\",\"isPartOf\":{\"@id\":\"http:\\\/\\\/www.plaisirdesthete.com\\\/en\\\/#website\"},\"primaryImageOfPage\":{\"@id\":\"http:\\\/\\\/www.plaisirdesthete.com\\\/en\\\/artworks\\\/#primaryimage\"},\"image\":{\"@id\":\"http:\\\/\\\/www.plaisirdesthete.com\\\/en\\\/artworks\\\/#primaryimage\"},\"thumbnailUrl\":\"http:\\\/\\\/www.plaisirdesthete.com\\\/wp-content\\\/uploads\\\/2017\\\/11\\\/DSC_5686.jpg\",\"datePublished\":\"2018-04-23T13:04:17+00:00\",\"dateModified\":\"2021-03-29T12:47:10+00:00\",\"description\":\"Plaisir d'Esth\u00e8te by Galerie Hioco offers you a wide range of affordable Asian and Indian pieces of art selected by our experts just for you!\",\"breadcrumb\":{\"@id\":\"http:\\\/\\\/www.plaisirdesthete.com\\\/en\\\/artworks\\\/#breadcrumb\"},\"inLanguage\":\"en-US\",\"potentialAction\":[{\"@type\":\"ReadAction\",\"target\":[\"http:\\\/\\\/www.plaisirdesthete.com\\\/en\\\/artworks\\\/\"]}]},{\"@type\":\"ImageObject\",\"inLanguage\":\"en-US\",\"@id\":\"http:\\\/\\\/www.plaisirdesthete.com\\\/en\\\/artworks\\\/#primaryimage\",\"url\":\"http:\\\/\\\/www.plaisirdesthete.com\\\/wp-content\\\/uploads\\\/2017\\\/11\\\/DSC_5686.jpg\",\"contentUrl\":\"http:\\\/\\\/www.plaisirdesthete.com\\\/wp-content\\\/uploads\\\/2017\\\/11\\\/DSC_5686.jpg\",\"width\":3859,\"height\":2569},{\"@type\":\"BreadcrumbList\",\"@id\":\"http:\\\/\\\/www.plaisirdesthete.com\\\/en\\\/artworks\\\/#breadcrumb\",\"itemListElement\":[{\"@type\":\"ListItem\",\"position\":1,\"name\":\"Accueil\",\"item\":\"http:\\\/\\\/www.plaisirdesthete.com\\\/en\\\/\"},{\"@type\":\"ListItem\",\"position\":2,\"name\":\"Artworks\"}]},{\"@type\":\"WebSite\",\"@id\":\"http:\\\/\\\/www.plaisirdesthete.com\\\/en\\\/#website\",\"url\":\"http:\\\/\\\/www.plaisirdesthete.com\\\/en\\\/\",\"name\":\"Plaisir d'Esthete\",\"description\":\"Arts d&#039;Asie\",\"publisher\":{\"@id\":\"http:\\\/\\\/www.plaisirdesthete.com\\\/en\\\/#organization\"},\"potentialAction\":[{\"@type\":\"SearchAction\",\"target\":{\"@type\":\"EntryPoint\",\"urlTemplate\":\"http:\\\/\\\/www.plaisirdesthete.com\\\/en\\\/?s={search_term_string}\"},\"query-input\":{\"@type\":\"PropertyValueSpecification\",\"valueRequired\":true,\"valueName\":\"search_term_string\"}}],\"inLanguage\":\"en-US\"},{\"@type\":\"Organization\",\"@id\":\"http:\\\/\\\/www.plaisirdesthete.com\\\/en\\\/#organization\",\"name\":\"Plaisir d'Esth\u00e8te\",\"url\":\"http:\\\/\\\/www.plaisirdesthete.com\\\/en\\\/\",\"logo\":{\"@type\":\"ImageObject\",\"inLanguage\":\"en-US\",\"@id\":\"http:\\\/\\\/www.plaisirdesthete.com\\\/en\\\/#\\\/schema\\\/logo\\\/image\\\/\",\"url\":\"http:\\\/\\\/www.plaisirdesthete.com\\\/wp-content\\\/uploads\\\/2021\\\/03\\\/Galerie-Christophe-Hioco-2.png\",\"contentUrl\":\"http:\\\/\\\/www.plaisirdesthete.com\\\/wp-content\\\/uploads\\\/2021\\\/03\\\/Galerie-Christophe-Hioco-2.png\",\"width\":500,\"height\":500,\"caption\":\"Plaisir d'Esth\u00e8te\"},\"image\":{\"@id\":\"http:\\\/\\\/www.plaisirdesthete.com\\\/en\\\/#\\\/schema\\\/logo\\\/image\\\/\"},\"sameAs\":[\"https:\\\/\\\/www.facebook.com\\\/GalerieHioco\",\"https:\\\/\\\/www.instagram.com\\\/galerie_hioco_asian_art\\\/?hl=fr\",\"https:\\\/\\\/www.youtube.com\\\/channel\\\/UC3spYuTpzJ0jcAZamaodaHQ\"]}]}<\/script>\n<!-- \/ Yoast SEO plugin. -->","yoast_head_json":{"title":"Artworks - Plaisir d&#039;Esthete","description":"Plaisir d'Esth\u00e8te by Galerie Hioco offers you a wide range of affordable Asian and Indian pieces of art selected by our experts just for you!","robots":{"index":"index","follow":"follow","max-snippet":"max-snippet:-1","max-image-preview":"max-image-preview:large","max-video-preview":"max-video-preview:-1"},"canonical":"http:\/\/www.plaisirdesthete.com\/en\/artworks\/","og_locale":"en_US","og_type":"article","og_title":"Artworks - Plaisir d&#039;Esthete","og_description":"Plaisir d'Esth\u00e8te by Galerie Hioco offers you a wide range of affordable Asian and Indian pieces of art selected by our experts just for you!","og_url":"http:\/\/www.plaisirdesthete.com\/en\/artworks\/","og_site_name":"Plaisir d&#039;Esthete","article_publisher":"https:\/\/www.facebook.com\/GalerieHioco","article_modified_time":"2021-03-29T12:47:10+00:00","og_image":[{"width":1024,"height":682,"url":"http:\/\/www.plaisirdesthete.com\/wp-content\/uploads\/2017\/11\/DSC_5686-1024x682.jpg","type":"image\/jpeg"}],"twitter_card":"summary_large_image","twitter_misc":{"Est. reading time":"1 minute"},"schema":{"@context":"https:\/\/schema.org","@graph":[{"@type":"WebPage","@id":"http:\/\/www.plaisirdesthete.com\/en\/artworks\/","url":"http:\/\/www.plaisirdesthete.com\/en\/artworks\/","name":"Artworks - Plaisir d&#039;Esthete","isPartOf":{"@id":"http:\/\/www.plaisirdesthete.com\/en\/#website"},"primaryImageOfPage":{"@id":"http:\/\/www.plaisirdesthete.com\/en\/artworks\/#primaryimage"},"image":{"@id":"http:\/\/www.plaisirdesthete.com\/en\/artworks\/#primaryimage"},"thumbnailUrl":"http:\/\/www.plaisirdesthete.com\/wp-content\/uploads\/2017\/11\/DSC_5686.jpg","datePublished":"2018-04-23T13:04:17+00:00","dateModified":"2021-03-29T12:47:10+00:00","description":"Plaisir d'Esth\u00e8te by Galerie Hioco offers you a wide range of affordable Asian and Indian pieces of art selected by our experts just for you!","breadcrumb":{"@id":"http:\/\/www.plaisirdesthete.com\/en\/artworks\/#breadcrumb"},"inLanguage":"en-US","potentialAction":[{"@type":"ReadAction","target":["http:\/\/www.plaisirdesthete.com\/en\/artworks\/"]}]},{"@type":"ImageObject","inLanguage":"en-US","@id":"http:\/\/www.plaisirdesthete.com\/en\/artworks\/#primaryimage","url":"http:\/\/www.plaisirdesthete.com\/wp-content\/uploads\/2017\/11\/DSC_5686.jpg","contentUrl":"http:\/\/www.plaisirdesthete.com\/wp-content\/uploads\/2017\/11\/DSC_5686.jpg","width":3859,"height":2569},{"@type":"BreadcrumbList","@id":"http:\/\/www.plaisirdesthete.com\/en\/artworks\/#breadcrumb","itemListElement":[{"@type":"ListItem","position":1,"name":"Accueil","item":"http:\/\/www.plaisirdesthete.com\/en\/"},{"@type":"ListItem","position":2,"name":"Artworks"}]},{"@type":"WebSite","@id":"http:\/\/www.plaisirdesthete.com\/en\/#website","url":"http:\/\/www.plaisirdesthete.com\/en\/","name":"Plaisir d'Esthete","description":"Arts d&#039;Asie","publisher":{"@id":"http:\/\/www.plaisirdesthete.com\/en\/#organization"},"potentialAction":[{"@type":"SearchAction","target":{"@type":"EntryPoint","urlTemplate":"http:\/\/www.plaisirdesthete.com\/en\/?s={search_term_string}"},"query-input":{"@type":"PropertyValueSpecification","valueRequired":true,"valueName":"search_term_string"}}],"inLanguage":"en-US"},{"@type":"Organization","@id":"http:\/\/www.plaisirdesthete.com\/en\/#organization","name":"Plaisir d'Esth\u00e8te","url":"http:\/\/www.plaisirdesthete.com\/en\/","logo":{"@type":"ImageObject","inLanguage":"en-US","@id":"http:\/\/www.plaisirdesthete.com\/en\/#\/schema\/logo\/image\/","url":"http:\/\/www.plaisirdesthete.com\/wp-content\/uploads\/2021\/03\/Galerie-Christophe-Hioco-2.png","contentUrl":"http:\/\/www.plaisirdesthete.com\/wp-content\/uploads\/2021\/03\/Galerie-Christophe-Hioco-2.png","width":500,"height":500,"caption":"Plaisir d'Esth\u00e8te"},"image":{"@id":"http:\/\/www.plaisirdesthete.com\/en\/#\/schema\/logo\/image\/"},"sameAs":["https:\/\/www.facebook.com\/GalerieHioco","https:\/\/www.instagram.com\/galerie_hioco_asian_art\/?hl=fr","https:\/\/www.youtube.com\/channel\/UC3spYuTpzJ0jcAZamaodaHQ"]}]}},"jetpack_sharing_enabled":true,"jetpack_shortlink":"https:\/\/wp.me\/PaWovq-u0","jetpack_likes_enabled":true,"_links":{"self":[{"href":"http:\/\/www.plaisirdesthete.com\/en\/wp-json\/wp\/v2\/pages\/1860","targetHints":{"allow":["GET"]}}],"collection":[{"href":"http:\/\/www.plaisirdesthete.com\/en\/wp-json\/wp\/v2\/pages"}],"about":[{"href":"http:\/\/www.plaisirdesthete.com\/en\/wp-json\/wp\/v2\/types\/page"}],"author":[{"embeddable":true,"href":"http:\/\/www.plaisirdesthete.com\/en\/wp-json\/wp\/v2\/users\/1"}],"replies":[{"embeddable":true,"href":"http:\/\/www.plaisirdesthete.com\/en\/wp-json\/wp\/v2\/comments?post=1860"}],"version-history":[{"count":3,"href":"http:\/\/www.plaisirdesthete.com\/en\/wp-json\/wp\/v2\/pages\/1860\/revisions"}],"predecessor-version":[{"id":9256,"href":"http:\/\/www.plaisirdesthete.com\/en\/wp-json\/wp\/v2\/pages\/1860\/revisions\/9256"}],"wp:featuredmedia":[{"embeddable":true,"href":"http:\/\/www.plaisirdesthete.com\/en\/wp-json\/wp\/v2\/media\/1530"}],"wp:attachment":[{"href":"http:\/\/www.plaisirdesthete.com\/en\/wp-json\/wp\/v2\/media?parent=1860"}],"curies":[{"name":"wp","href":"https:\/\/api.w.org\/{rel}","templated":true}]}}