{"id":1748,"date":"2018-04-11T16:27:21","date_gmt":"2018-04-11T16:27:21","guid":{"rendered":"http:\/\/www.plaisirdesthete.com\/?page_id=1748"},"modified":"2018-04-11T16:27:21","modified_gmt":"2018-04-11T16:27:21","slug":"bibliography","status":"publish","type":"page","link":"http:\/\/www.plaisirdesthete.com\/en\/bibliography\/","title":{"rendered":"Bibliography"},"content":{"rendered":"<p>You can also consult our bibliography, organised by theme :<\/p>\n<ul>\n<li>Art chinois &#8211; Chinese Art\n<ul>\n<li>Delacour Catherine,\u00a0<i>De bronze d\u2019or et d\u2019argent. Arts somptuaires de la Chine<\/i>, R\u00e9union des mus\u00e9es nationaux, Paris, 2001.<\/li>\n<li>Somogy,\u00a0<i>Arch\u00e9ologie chinoise. Tr\u00e9sors de la r\u00e9gion du Guangxi<\/i>, Somogy &#8211; Editions d\u2019Art, Paris, 2003.<\/li>\n<\/ul>\n<\/li>\n<li>Art du Champa &#8211; Champa Art\n<ul>\n<li>Baptiste Pierre, \u00ab\u00a0Un grand chef-d\u2019\u0153uvre de l\u2019art du bronze entre au Mus\u00e9e Guimet gr\u00e2ce \u00e0 une dation. Un bodhisattva cham du viiie si\u00e8cle\u00a0\u00bb , in\u00a0<i>La Revue du Louvre et des Mus\u00e9es de France n\u00b02<\/i>, 2003.<\/li>\n<li>Baptiste Pierre (et alii),\u00a0<i>Missions arch\u00e9ologiques fran\u00e7aises au Vietnam. Les monuments du Champa. Photographies et itin\u00e9raires 1902 &#8211; 1904<\/i>, Les Indes savantes, Paris, 2005.<\/li>\n<li>Baptiste Pierre &#8211; Z\u00e9phir Thierry,\u00a0<i>Tr\u00e9sors d\u2019Art du Vietnam. La sculpture du Champa. V-XVe si\u00e8cles<\/i>, Editions de la R\u00e9union des mus\u00e9es nationaux &#8211; Mus\u00e9e des Arts asiatiques Guimet, Paris, 2005.<\/li>\n<li>Boisselier Jean,\u00a0<i>La Statuaire du Champa. Recherche sur les cultes et l\u2019iconographie<\/i>, PEFEO, Paris, 1963.<\/li>\n<li>Boisselier Jean, \u00ab\u00a0Le Champa\u00a0\u00bb , in\u00a0<i>Le Vietnam des Royaumes<\/i>, Paris, 1995, p. 49-75.<\/li>\n<li>Cao Xu\u00e0n Ph\u00f4 &#8211; Pham Huy Th\u00f4ng &#8211; Di\u00eau Kb\u00e2c,\u00a0<i>Cham Sculpture<\/i>, State Committee for Social Sciences of Vietnam Institute of Southeast Asian studies. Social Sciences Publishing House, Hanoi, 1988.<\/li>\n<li>Hubert Jean-Fran\u00e7ois,\u00a0<i>Art du Champa<\/i>, Parkstone Press, New York, 2005.<\/li>\n<li>Lafont P-B., Po Dharma,\u00a0<i>Bibliographie\u00a0: Champa et Cam<\/i>, L\u2019Harmattan, Paris, 1989.<\/li>\n<li>Le Bonheur Albert, \u00ab\u00a0Champa\u00a0\u00bb , in\u00a0<i>Encyclopaedia Universalis<\/i>, Paris, 0000.<\/li>\n<li>Le Bonheur Albert, \u00ab\u00a0L\u2019art du Champa\u00a0\u00bb , in\u00a0<i>L\u2019art de l\u2019Asie du Sud-Est<\/i>, Paris, 1994.<\/li>\n<li>L\u00ea Xu\u00e2n Di\u00eam &#8211; Vu Kim L\u00f4c,\u00a0<i>Champa. Artefacts of Champa<\/i>, TP Ho Chi Minh, 1996.<\/li>\n<li>Leuba Jeanne,\u00a0<i>Un royaume disparu\u00a0: Les Chams et leur art<\/i>, Van Oest, Paris Bruxelles, 1923.<\/li>\n<li>Maspero Georges,\u00a0<i>Le royaume de Champa<\/i>, Van Oest, Paris, 1928.<\/li>\n<li>Ng\u00f4 V\u00e2n Doanh,\u00a0<i>Champa Orient Tower.Reality and legend<\/i>, The Gioi publishers, Hanoi, 2002.<\/li>\n<li>Ng\u00f4 V\u00e2n Doanh &#8211; Nguyen The Thuc,\u00a0<i>Champa sculpture<\/i>, VNA Publishing House, Hanoi, 2004.<\/li>\n<li>Parmentier Henri,\u00a0<i>Inventaire descriptif des monuments cams de l\u2019Annam. Tome I. Description des monuments<\/i>, Imprimerie nationale &#8211; Ernest Leroux, Paris, 1909.<\/li>\n<li>Parmentier Henri,\u00a0<i>Inventaire descriptif des monuments cams de l\u2019Annam. Tome II. Etude de l\u2019Art cam<\/i>, Leroux -, Paris, 1918.<\/li>\n<li>Parmentier Henri, \u00ab\u00a0Catalogue du Mus\u00e9e Cam de Tourane\u00a0\u00bb , in\u00a0<i>BEFEO XIX. 3<\/i>, 1919.<\/li>\n<li>Parmentier Henri,\u00a0<i>Les sculptures chames au Mus\u00e9e de Tourane<\/i>, Van Oest (Ars Asiatica IV), Paris Bruxelles, 1922.<\/li>\n<li>Pham H\u00fbu My &#8211; Vuong Hai Yen,\u00a0<i>Champa collection Vietnam Historical Museum Hochiminh city<\/i>, Bao Tang Lich sudvietnam, TP Ho Chi Minh, 1994.<\/li>\n<li>Pham Thuy Hop,\u00a0<i>The collection of Champa sculpture in the National Museum of Vi\u00eatnam History<\/i>, , Hanoi, 2003.<\/li>\n<li>Schweyer A-V., \u00ab\u00a0La vaisselle en argent de la dynastie d\u2019Indrapura (Quang Nam Viet Nam). Etude d\u2019\u00e9pigraphie cam-II\u00a0\u00bb , in\u00a0<i>Bulletin de l\u2019Ecole fran\u00e7aise d\u2019Extr\u00eame Orient, LXXXVI<\/i>, 1999, p.345-355.<\/li>\n<li>Sharma Jagdish Chandra,\u00a0<i>Temples Of Champa in Vietnam. Thap Cham \u00f4 Vi\u00eat Nam<\/i>, Nh\u00e2 Xu\u00e2t B\u00e2n Khoa Hoc X\u00e2 H\u00f4i, H\u00e2 N\u00f4i, 1992.<\/li>\n<li>Stern Philippe,\u00a0<i>L\u2019Art du Champa (ancien Annam) et son \u00e9volution<\/i>, , Toulouse, 1942.<\/li>\n<li>Tr\u00e0n Ky Phuong,\u00a0<i>Les ruines Cham. A la recherche d\u2019une civilisation \u00e9teinte<\/i>, The Gioi Editions en langues \u00e9trang\u00e8res, Hanoi, 1993.<\/li>\n<li>Vandermeersch L\u00e9on, Ducrest Jean-Pierre,\u00a0<i>Le Mus\u00e9e de Sculpture Cam de Da Nang<\/i>, Editions de l\u2019AFAO, Paris, 1997.<\/li>\n<\/ul>\n<\/li>\n<li>Art du Vietnam &#8211; Vietnamese Art\n<ul>\n<li>Bezacier L.,\u00a0<i>Manuel d\u2019Arch\u00e9ologie d\u2019Extr\u00eame-Orient. Premi\u00e8re partie\u00a0: Asie du Sud-Est. Tome II\u00a0: Le Vi\u00eat-Nam. Premier fascicule\u00a0: De la pr\u00e9histoire \u00e0 la fin de l\u2019occupation chinoise<\/i>, A.et J. Picard, Paris, 1972.<\/li>\n<li>Crick Monique (Ed),\u00a0<i>Vi\u00eat Nam. Collection vietnamienne du mus\u00e9e Cernuschi<\/i>, Paris Mus\u00e9es et Editions Findakly, Paris, 2006.<\/li>\n<li>Guillon Emmanuel,\u00a0<i>Treasures from the Da Nang Museum. Vietnam<\/i>, Thames and Hudson, London, 2001.<\/li>\n<li>Hubert Jean-Fran\u00e7ois (avec Noppe Catherine),\u00a0<i>Arts du Vi\u00eatnam<\/i>, Parkstone Press, New York, 2002.<\/li>\n<li>Hubert Jean-Fran\u00e7ois (avec Noppe Catherine) (Ed),\u00a0<i>La Fleur du P\u00eacher et l\u2019Oiseau d\u2019Azur. Arts du Vi\u00eatnam<\/i>, Mus\u00e9e royal de Mariemont, La Renaissance du Li Livre, Tournai, 2002.<\/li>\n<li>Hubert Jean-Fran\u00e7ois (Ed),\u00a0<i>Le Vi\u00eat Nam des royaumes<\/i>, Cercle d\u2019Art, Paris, 1995.<\/li>\n<li>Hubert Jean-Fran\u00e7ois (Ed),\u00a0<i>L\u2019Ame du Vi\u00eat Nam<\/i>, Cercle d\u2019Art, Paris, 1996.<\/li>\n<li>Lambrecht Miriam, Schicklgruber Christian,\u00a0<i>Vietnam. Art et cultures de la pr\u00e9histoire \u00e0 nos jours<\/i>, Editions Snoeck, Bruxelles, 2003.<\/li>\n<li>L\u00ea Thanh Kh\u00f4i,\u00a0<i>Le Vi\u00eatnam<\/i>, Sudestasie, Paris, 1981.<\/li>\n<li>L\u00ea Thanh Kh\u00f4i,\u00a0<i>Voyage dans les cultures du Vietnam<\/i>, , Paris, 2001.<\/li>\n<li>Luu Tran Tieu (Ed),\u00a0<i>Vietnamese Antiquities<\/i>, , Hanoi, 2003.<\/li>\n<\/ul>\n<\/li>\n<li>Asie du Sud-Est &#8211; Southeast Asia\n<ul>\n<li>Baptiste Pierre, \u00ab\u00a0Asie du Sud Est\u00a0\u00bb , in\u00a0<i>Arts Asiatiques<\/i>, Paris, 2001, p. 112-113.<\/li>\n<li>Barbier-Mueller Jean Paul,\u00a0<i>R\u00eaves de Collection. Sept mill\u00e9naires de sculptures in\u00e9dites \u2013 Europe Asie Afrique<\/i>, Somogy Editions d\u2019Art, Mus\u00e9e Barbier-Mueller, Paris, Gen\u00e8ve, 2003.<\/li>\n<li>Higham Ch.,\u00a0<i>Early Cultures of Mainland Southeast Asia<\/i>, River Books, Bangkok, 2002.<\/li>\n<\/ul>\n<\/li>\n<li>Bronzes vietnamiens &#8211; Vietnamese Bronzes\n<ul>\n<li>Deydier Christian,\u00a0<i>Les bronzes chinois. Le guide du connaisseur<\/i>, Soci\u00e9t\u00e9 fran\u00e7aise du Livre, Office du Livre, Paris, Fribourg, 1980, .<\/li>\n<li>Higham Ch.,\u00a0<i>The Bronze Age of Southeast Asia<\/i>, Cambridge University Press (Cambridge World Archaeology), ., 1996.<\/li>\n<li>Nguyen Viet (et alii), \u201cSitules en bronze de Dong Son\u201d , in\u00a0<i>Arts &amp; Culture<\/i>, Paris &#8211; Gen\u00e8ve, 2006, p. 234-271.<\/li>\n<\/ul>\n<\/li>\n<li>Inde &#8211; India\n<ul>\n<li>Basham Arthur L.,\u00a0<i>La civilisation de l\u2019Inde ancienne<\/i>, Editions Arthaud, Paris, 1988.<\/li>\n<li>Danielou Alain,\u00a0<i>Mythes et dieux de l\u2019Inde. Le Polyth\u00e9isme hindou<\/i>, GF Flammarion, Paris, 1994.<\/li>\n<li>Fr\u00e9d\u00e9ric Louis,\u00a0<i>Dictionnaire de la civilisation indienne<\/i>, Robert Laffont, Paris, 1987.<\/li>\n<\/ul>\n<\/li>\n<\/ul>\n","protected":false},"excerpt":{"rendered":"<p>You can also consult our bibliography, organised by theme : Art chinois &#8211; Chinese Art Delacour Catherine,\u00a0De bronze d\u2019or et d\u2019argent. Arts somptuaires de la Chine, R\u00e9union des mus\u00e9es nationaux, Paris, 2001. Somogy,\u00a0Arch\u00e9ologie chinoise. Tr\u00e9sors de la r\u00e9gion du Guangxi, Somogy &#8211; Editions d\u2019Art, Paris, 2003. Art du Champa &#8211; [&hellip;]<\/p>\n","protected":false},"author":1,"featured_media":0,"parent":0,"menu_order":0,"comment_status":"closed","ping_status":"closed","template":"","meta":{"footnotes":""},"class_list":["post-1748","page","type-page","status-publish","hentry"],"yoast_head":"<!-- This site is optimized with the Yoast SEO plugin v27.3 - https:\/\/yoast.com\/product\/yoast-seo-wordpress\/ -->\n<title>Bibliography - Plaisir d&#039;Esthete<\/title>\n<meta name=\"robots\" content=\"index, follow, max-snippet:-1, max-image-preview:large, max-video-preview:-1\" \/>\n<link rel=\"canonical\" href=\"http:\/\/www.plaisirdesthete.com\/en\/bibliography\/\" \/>\n<meta property=\"og:locale\" content=\"en_US\" \/>\n<meta property=\"og:type\" content=\"article\" \/>\n<meta property=\"og:title\" content=\"Bibliography - Plaisir d&#039;Esthete\" \/>\n<meta property=\"og:description\" content=\"You can also consult our bibliography, organised by theme : Art chinois &#8211; Chinese Art Delacour Catherine,\u00a0De bronze d\u2019or et d\u2019argent. Arts somptuaires de la Chine, R\u00e9union des mus\u00e9es nationaux, Paris, 2001. Somogy,\u00a0Arch\u00e9ologie chinoise. Tr\u00e9sors de la r\u00e9gion du Guangxi, Somogy &#8211; Editions d\u2019Art, Paris, 2003. Art du Champa &#8211; [&hellip;]\" \/>\n<meta property=\"og:url\" content=\"http:\/\/www.plaisirdesthete.com\/en\/bibliography\/\" \/>\n<meta property=\"og:site_name\" content=\"Plaisir d&#039;Esthete\" \/>\n<meta property=\"article:publisher\" content=\"https:\/\/www.facebook.com\/GalerieHioco\" \/>\n<meta name=\"twitter:card\" content=\"summary_large_image\" \/>\n<meta name=\"twitter:label1\" content=\"Est. reading time\" \/>\n\t<meta name=\"twitter:data1\" content=\"5 minutes\" \/>\n<script type=\"application\/ld+json\" class=\"yoast-schema-graph\">{\"@context\":\"https:\\\/\\\/schema.org\",\"@graph\":[{\"@type\":\"WebPage\",\"@id\":\"http:\\\/\\\/www.plaisirdesthete.com\\\/en\\\/bibliography\\\/\",\"url\":\"http:\\\/\\\/www.plaisirdesthete.com\\\/en\\\/bibliography\\\/\",\"name\":\"Bibliography - Plaisir d&#039;Esthete\",\"isPartOf\":{\"@id\":\"http:\\\/\\\/www.plaisirdesthete.com\\\/en\\\/#website\"},\"datePublished\":\"2018-04-11T16:27:21+00:00\",\"breadcrumb\":{\"@id\":\"http:\\\/\\\/www.plaisirdesthete.com\\\/en\\\/bibliography\\\/#breadcrumb\"},\"inLanguage\":\"en-US\",\"potentialAction\":[{\"@type\":\"ReadAction\",\"target\":[\"http:\\\/\\\/www.plaisirdesthete.com\\\/en\\\/bibliography\\\/\"]}]},{\"@type\":\"BreadcrumbList\",\"@id\":\"http:\\\/\\\/www.plaisirdesthete.com\\\/en\\\/bibliography\\\/#breadcrumb\",\"itemListElement\":[{\"@type\":\"ListItem\",\"position\":1,\"name\":\"Accueil\",\"item\":\"http:\\\/\\\/www.plaisirdesthete.com\\\/en\\\/\"},{\"@type\":\"ListItem\",\"position\":2,\"name\":\"Bibliography\"}]},{\"@type\":\"WebSite\",\"@id\":\"http:\\\/\\\/www.plaisirdesthete.com\\\/en\\\/#website\",\"url\":\"http:\\\/\\\/www.plaisirdesthete.com\\\/en\\\/\",\"name\":\"Plaisir d'Esthete\",\"description\":\"Arts d&#039;Asie\",\"publisher\":{\"@id\":\"http:\\\/\\\/www.plaisirdesthete.com\\\/en\\\/#organization\"},\"potentialAction\":[{\"@type\":\"SearchAction\",\"target\":{\"@type\":\"EntryPoint\",\"urlTemplate\":\"http:\\\/\\\/www.plaisirdesthete.com\\\/en\\\/?s={search_term_string}\"},\"query-input\":{\"@type\":\"PropertyValueSpecification\",\"valueRequired\":true,\"valueName\":\"search_term_string\"}}],\"inLanguage\":\"en-US\"},{\"@type\":\"Organization\",\"@id\":\"http:\\\/\\\/www.plaisirdesthete.com\\\/en\\\/#organization\",\"name\":\"Plaisir d'Esth\u00e8te\",\"url\":\"http:\\\/\\\/www.plaisirdesthete.com\\\/en\\\/\",\"logo\":{\"@type\":\"ImageObject\",\"inLanguage\":\"en-US\",\"@id\":\"http:\\\/\\\/www.plaisirdesthete.com\\\/en\\\/#\\\/schema\\\/logo\\\/image\\\/\",\"url\":\"http:\\\/\\\/www.plaisirdesthete.com\\\/wp-content\\\/uploads\\\/2021\\\/03\\\/Galerie-Christophe-Hioco-2.png\",\"contentUrl\":\"http:\\\/\\\/www.plaisirdesthete.com\\\/wp-content\\\/uploads\\\/2021\\\/03\\\/Galerie-Christophe-Hioco-2.png\",\"width\":500,\"height\":500,\"caption\":\"Plaisir d'Esth\u00e8te\"},\"image\":{\"@id\":\"http:\\\/\\\/www.plaisirdesthete.com\\\/en\\\/#\\\/schema\\\/logo\\\/image\\\/\"},\"sameAs\":[\"https:\\\/\\\/www.facebook.com\\\/GalerieHioco\",\"https:\\\/\\\/www.instagram.com\\\/galerie_hioco_asian_art\\\/?hl=fr\",\"https:\\\/\\\/www.youtube.com\\\/channel\\\/UC3spYuTpzJ0jcAZamaodaHQ\"]}]}<\/script>\n<!-- \/ Yoast SEO plugin. -->","yoast_head_json":{"title":"Bibliography - Plaisir d&#039;Esthete","robots":{"index":"index","follow":"follow","max-snippet":"max-snippet:-1","max-image-preview":"max-image-preview:large","max-video-preview":"max-video-preview:-1"},"canonical":"http:\/\/www.plaisirdesthete.com\/en\/bibliography\/","og_locale":"en_US","og_type":"article","og_title":"Bibliography - Plaisir d&#039;Esthete","og_description":"You can also consult our bibliography, organised by theme : Art chinois &#8211; Chinese Art Delacour Catherine,\u00a0De bronze d\u2019or et d\u2019argent. Arts somptuaires de la Chine, R\u00e9union des mus\u00e9es nationaux, Paris, 2001. Somogy,\u00a0Arch\u00e9ologie chinoise. Tr\u00e9sors de la r\u00e9gion du Guangxi, Somogy &#8211; Editions d\u2019Art, Paris, 2003. Art du Champa &#8211; [&hellip;]","og_url":"http:\/\/www.plaisirdesthete.com\/en\/bibliography\/","og_site_name":"Plaisir d&#039;Esthete","article_publisher":"https:\/\/www.facebook.com\/GalerieHioco","twitter_card":"summary_large_image","twitter_misc":{"Est. reading time":"5 minutes"},"schema":{"@context":"https:\/\/schema.org","@graph":[{"@type":"WebPage","@id":"http:\/\/www.plaisirdesthete.com\/en\/bibliography\/","url":"http:\/\/www.plaisirdesthete.com\/en\/bibliography\/","name":"Bibliography - Plaisir d&#039;Esthete","isPartOf":{"@id":"http:\/\/www.plaisirdesthete.com\/en\/#website"},"datePublished":"2018-04-11T16:27:21+00:00","breadcrumb":{"@id":"http:\/\/www.plaisirdesthete.com\/en\/bibliography\/#breadcrumb"},"inLanguage":"en-US","potentialAction":[{"@type":"ReadAction","target":["http:\/\/www.plaisirdesthete.com\/en\/bibliography\/"]}]},{"@type":"BreadcrumbList","@id":"http:\/\/www.plaisirdesthete.com\/en\/bibliography\/#breadcrumb","itemListElement":[{"@type":"ListItem","position":1,"name":"Accueil","item":"http:\/\/www.plaisirdesthete.com\/en\/"},{"@type":"ListItem","position":2,"name":"Bibliography"}]},{"@type":"WebSite","@id":"http:\/\/www.plaisirdesthete.com\/en\/#website","url":"http:\/\/www.plaisirdesthete.com\/en\/","name":"Plaisir d'Esthete","description":"Arts d&#039;Asie","publisher":{"@id":"http:\/\/www.plaisirdesthete.com\/en\/#organization"},"potentialAction":[{"@type":"SearchAction","target":{"@type":"EntryPoint","urlTemplate":"http:\/\/www.plaisirdesthete.com\/en\/?s={search_term_string}"},"query-input":{"@type":"PropertyValueSpecification","valueRequired":true,"valueName":"search_term_string"}}],"inLanguage":"en-US"},{"@type":"Organization","@id":"http:\/\/www.plaisirdesthete.com\/en\/#organization","name":"Plaisir d'Esth\u00e8te","url":"http:\/\/www.plaisirdesthete.com\/en\/","logo":{"@type":"ImageObject","inLanguage":"en-US","@id":"http:\/\/www.plaisirdesthete.com\/en\/#\/schema\/logo\/image\/","url":"http:\/\/www.plaisirdesthete.com\/wp-content\/uploads\/2021\/03\/Galerie-Christophe-Hioco-2.png","contentUrl":"http:\/\/www.plaisirdesthete.com\/wp-content\/uploads\/2021\/03\/Galerie-Christophe-Hioco-2.png","width":500,"height":500,"caption":"Plaisir d'Esth\u00e8te"},"image":{"@id":"http:\/\/www.plaisirdesthete.com\/en\/#\/schema\/logo\/image\/"},"sameAs":["https:\/\/www.facebook.com\/GalerieHioco","https:\/\/www.instagram.com\/galerie_hioco_asian_art\/?hl=fr","https:\/\/www.youtube.com\/channel\/UC3spYuTpzJ0jcAZamaodaHQ"]}]}},"jetpack_sharing_enabled":true,"jetpack_shortlink":"https:\/\/wp.me\/PaWovq-sc","jetpack_likes_enabled":true,"_links":{"self":[{"href":"http:\/\/www.plaisirdesthete.com\/en\/wp-json\/wp\/v2\/pages\/1748","targetHints":{"allow":["GET"]}}],"collection":[{"href":"http:\/\/www.plaisirdesthete.com\/en\/wp-json\/wp\/v2\/pages"}],"about":[{"href":"http:\/\/www.plaisirdesthete.com\/en\/wp-json\/wp\/v2\/types\/page"}],"author":[{"embeddable":true,"href":"http:\/\/www.plaisirdesthete.com\/en\/wp-json\/wp\/v2\/users\/1"}],"replies":[{"embeddable":true,"href":"http:\/\/www.plaisirdesthete.com\/en\/wp-json\/wp\/v2\/comments?post=1748"}],"version-history":[{"count":1,"href":"http:\/\/www.plaisirdesthete.com\/en\/wp-json\/wp\/v2\/pages\/1748\/revisions"}],"predecessor-version":[{"id":1749,"href":"http:\/\/www.plaisirdesthete.com\/en\/wp-json\/wp\/v2\/pages\/1748\/revisions\/1749"}],"wp:attachment":[{"href":"http:\/\/www.plaisirdesthete.com\/en\/wp-json\/wp\/v2\/media?parent=1748"}],"curies":[{"name":"wp","href":"https:\/\/api.w.org\/{rel}","templated":true}]}}